{"id":1312,"date":"2017-12-21T10:21:26","date_gmt":"2017-12-21T09:21:26","guid":{"rendered":"https:\/\/prohuntingspain.com\/?page_id=1312"},"modified":"2020-01-28T18:46:09","modified_gmt":"2020-01-28T17:46:09","slug":"aviso-legal","status":"publish","type":"page","link":"https:\/\/prohuntingspain.com\/es\/aviso-legal\/","title":{"rendered":"Aviso Legal"},"content":{"rendered":"<p>[vc_row][vc_column][vc_column_text]<strong>AVISO LEGAL, CONDICIONES GENERALES\u00a0Y POL\u00cdTICA DE PRIVACIDAD<\/strong><\/p>\n<p><strong>1.\u00a0\u00a0\u00a0\u00a0\u00a0Informaci\u00f3n general<\/strong><\/p>\n<p>A efectos de lo dispuesto en la Ley 34\/2002, de 11 de julio, de servicios de la sociedad de la informaci\u00f3n y de comercio electr\u00f3nico, se informa que esta p\u00e1gina web (Profesional Hunting Spain ) es gestionada por CLM, S.L. (\u201cen adelante CLM\u201d), cuyos datos son los siguientes:<\/p>\n<ul>\n<li>C\/Vel\u00e1zquez 28001 Madrid<\/li>\n<li>Tel\u00e9fono: 91 186 35 25<\/li>\n<li>Inscrita en el Registro Mercantil de Madrid, Tomo 30.352, folio 118, secci\u00f3n 8, hoja M-546227, inscripci\u00f3n 1\u00aa.<\/li>\n<li>CIF: B-86555489<\/li>\n<\/ul>\n<p><strong>2.\u00a0\u00a0\u00a0\u00a0\u00a0\u00c1mbito<\/strong><\/p>\n<p><strong>2.1.\u00a0<\/strong>La p\u00e1gina web de Profesional Hunting Spain es una plataforma a trav\u00e9s de la cual los empresarios titulares de explotaciones de caza (en adelante, el \u201cpropietario\u201d o el \u201corg\u00e1nico\u201d) ofertan puestos de caza y los usuarios de la p\u00e1gina web pueden aceptar esas ofertas (en adelante, el \u201cusuario\u201d).<\/p>\n<p><strong>2.2.\u00a0<\/strong>La aceptaci\u00f3n de la oferta a trav\u00e9s de CLM supone el nacimiento de una relaci\u00f3n contractual directa entre el org\u00e1nico cuya oferta es aceptada y el usuario aceptante. La actuaci\u00f3n de Profesional Hunting Spain es de mero intermediario entre el org\u00e1nico y el usuario, trasmitiendo los datos de la contrataci\u00f3n al org\u00e1nico, incluyendo los datos personales del usuario, y enviando al usuario un correo electr\u00f3nico de confirmaci\u00f3n de la reserva en representaci\u00f3n del org\u00e1nico, que deber\u00e1 ser presentado impreso el d\u00eda de la cacer\u00eda.<\/p>\n<p><strong>3.\u00a0\u00a0\u00a0\u00a0\u00a0Contrataci\u00f3n del puesto de caza. Pago del precio<\/strong><\/p>\n<p><strong>3.1.\u00a0<\/strong>El procedimiento para la contrataci\u00f3n de cualesquiera ofertas publicadas en la web Profesional Hunting Spain es el siguiente:<\/p>\n<p>a)\u00a0\u00a0 El usuario interesado en la contrataci\u00f3n de una oferta publicada en la p\u00e1gina web deber\u00e1 remitir un correo electr\u00f3nico a la direcci\u00f3n\u00a0info@prohuntingspain.com. En el correo electr\u00f3nico el usuario deber\u00e1 indicar lo siguiente:<\/p>\n<p>(i)\u00a0\u00a0\u00a0\u00a0 La modalidad de caza y la concreta oferta que quiere contratar.<\/p>\n<p>(ii)\u00a0\u00a0\u00a0 El n\u00famero de puestos que desea contratar.<\/p>\n<p>(iii)\u00a0 En el caso de que se admitan diferentes fechas, la fecha concreta en la que est\u00e1 interesado en la pr\u00e1ctica de la caza.<\/p>\n<p>(iv)\u00a0 Una declaraci\u00f3n expresa de que ha le\u00eddo, entiende y acepta las condiciones generales, as\u00ed como las condiciones particulares de la oferta aceptada, que figuran en la p\u00e1gina web.<\/p>\n<p>b)\u00a0\u00a0 Una vez recibido el correo electr\u00f3nico del usuario en los t\u00e9rminos que se indican en el p\u00e1rrafo anterior, Profesional Hunting Spain remitir\u00e1 al usuario un correo electr\u00f3nico inform\u00e1ndole de lo siguiente:<\/p>\n<p>\u2013\u00a0\u00a0\u00a0 Se indicar\u00e1 la disponibilidad de la oferta seleccionada, as\u00ed como, en su caso, de la fecha solicitada y del n\u00famero de puestos disponibles.<\/p>\n<p>\u2013\u00a0\u00a0\u00a0 Se informar\u00e1 al usuario de que, si est\u00e1 conforme, deber\u00e1 abonar un porcentaje del precio, que se indicar\u00e1 expresamente, en concepto de gastos de reserva, as\u00ed como el n\u00famero de cuenta corriente titularidad de CLM S.L. al que debe realizarse la transferencia bancaria.<\/p>\n<p>c)\u00a0\u00a0 El usuario, una vez confirmada la disponibilidad de la oferta por Profesional Hunting Spain en los t\u00e9rminos expuestos, deber\u00e1 realizar la correspondiente transferencia bancaria y enviar el justificante pertinente a\u00a0Profesional Hunting Spain por correo electr\u00f3nico.<\/p>\n<p>d)\u00a0\u00a0 Una vez recibido el justificante de pago, Profesional Hunting Spain dentro de un plazo m\u00e1ximo de veinticuatro horas enviar\u00e1 al usuario un correo electr\u00f3nico confirmando la formalizaci\u00f3n de la contrataci\u00f3n e informando de todos los extremos relativos a la oferta aceptada y acompa\u00f1ando el enlace a las condiciones generales y particulares aceptadas.<\/p>\n<p>e)\u00a0\u00a0 El usuario abonar\u00e1 la parte restante del precio al org\u00e1nico el d\u00eda de la cacer\u00eda o monter\u00eda con car\u00e1cter previo a iniciarse la misma. En el caso de no abonarse el precio restante antes de iniciarse la cacer\u00eda, el org\u00e1nico podr\u00e1 negar al usuario la participaci\u00f3n, quien adem\u00e1s perder\u00e1 el importe ya abonado en concepto de gastos de reserva.<\/p>\n<p>f)\u00a0\u00a0\u00a0 En el supuesto de que el usuario decida desistir unilateralmente del contrato o no asistir a la cacer\u00eda o monter\u00eda contratada, no se le devolver\u00e1n los gastos de reserva.<\/p>\n<p><strong>3.2.\u00a0<\/strong>Los precios que se publiquen en el sitio web de Profesional Hunting Spain comprender\u00e1n todos aquellos conceptos que se indiquen expresamente en cada concreta oferta. El usuario en ning\u00fan caso deber\u00e1 abonar cantidad adicional alguna por los conceptos ya incluidos en el precio.<\/p>\n<p>El precio ofertado en Profesional Hunting Spain incluye el impuesto sobre el valor a\u00f1adido (I.V.A.) y otros impuestos que pudieran resultar aplicables, a no ser que se indique expresamente lo contrario en la concreta oferta publicada y en el correo electr\u00f3nico de confirmaci\u00f3n.<\/p>\n<p><strong>3.3.\u00a0<\/strong>Los documentos electr\u00f3nicos en que se formalice la aceptaci\u00f3n de la oferta por el usuario ser\u00e1n archivados en los registros de Profesional Hunting Spain y ser\u00e1n accesibles para el usuario en cualquier momento, previa petici\u00f3n de este \u00faltimo a Spain profesional Hunters<\/p>\n<p><strong>3.4.\u00a0<\/strong>El contrato se formalizar\u00e1 en idioma castellano.<\/p>\n<p><strong>4.\u00a0\u00a0\u00a0\u00a0\u00a0Sorteo de puestos en las monter\u00edas. Trofeos<\/strong><\/p>\n<p><strong>4.1.\u00a0<\/strong>Las monter\u00edas ofertadas en la web cuentan con un sorteo de, al menos, el 90% de la totalidad de los puestos, salvo que en la concreta oferta se indique expresamente lo contrario.<\/p>\n<p><strong>4.2.\u00a0<\/strong>Los trofeos cobrados en las monter\u00edas pertenecer\u00e1n a los cazadores que les hayan dado caza, seg\u00fan lo dispuesto en la Ley de Caza o, en su defecto, de acuerdo con los usos y costumbres del lugar.<\/p>\n<p><strong>4.3.\u00a0<\/strong>Por lo que respecta a la medici\u00f3n de los trofeos, tanto de recechos como de esperas, se realizar\u00e1 en el campo de acuerdo con la costumbre del lugar.<\/p>\n<p><strong>5.\u00a0\u00a0\u00a0\u00a0\u00a0Declaraciones del usuario. Capacidad. Vigencia de permisos y seguros<\/strong><\/p>\n<p><strong>5.1.\u00a0<\/strong>El usuario declara que es mayor de edad y que tiene la capacidad legal necesaria para contratar y para utilizar este sitio web de conformidad con los t\u00e9rminos y condiciones de uso expuestos, los cuales comprende y entiende en su totalidad.<\/p>\n<p><strong>5.2.\u00a0<\/strong>El usuario manifiesta expresamente que tiene en vigor todos los permisos y seguros de caza exigidos por la normativa que en cada momento resulte de aplicaci\u00f3n.<\/p>\n<p><strong>5.3. Profesional Hunting Spain<\/strong>\u00a0no se responsabilizar\u00e1 en ning\u00fan caso de la eventual falta de veracidad o incumplimiento de estas declaraciones del usuario.<\/p>\n<p><strong>6.\u00a0\u00a0\u00a0\u00a0\u00a0Supuesto excepcional de no celebraci\u00f3n de la cacer\u00eda o monter\u00eda<\/strong><\/p>\n<p>En el caso de suspenderse la cacer\u00eda o monter\u00eda, \u00e9sta se trasladar\u00e1 a otro d\u00eda en las mismas condiciones, siempre que sea posible. En caso contrario, se devolver\u00e1 al usuario el importe abonado por la cacer\u00eda o monter\u00eda contratada.<\/p>\n<p><strong>7.\u00a0\u00a0\u00a0\u00a0\u00a0Tratamiento de datos personales<\/strong><\/p>\n<p><strong>7.1.\u00a0<\/strong>Los datos personales que facilite el usuario a trav\u00e9s del sitio web CLM ser\u00e1n objeto de tratamiento e incorporados en ficheros de los cuales es responsable Profesional Hunting Spain, que podr\u00e1 cederlos al empresario titular de la explotaci\u00f3n de caza cuya cacer\u00eda sea contratada por el usuario.<\/p>\n<p><strong>7.2.\u00a0<\/strong>El usuario, en los t\u00e9rminos previstos en la normativa aplicable, podr\u00e1 ejercitar sus \u00a0derechos de acceso, rectificaci\u00f3n, cancelaci\u00f3n y oposici\u00f3n de cualquiera de los datos personales integrados en el fichero de Spain profesional Hunters, poni\u00e9ndose en contacto con esta compa\u00f1\u00eda por correo electr\u00f3nico a la direcci\u00f3n\u00a0info@prohuntingspain.com\u00a0e indicando el asunto en el correo electr\u00f3nico: \u201cprotecci\u00f3n de datos personales\u201d.<\/p>\n<p><strong>8.\u00a0\u00a0\u00a0\u00a0\u00a0Exenci\u00f3n de responsabilidad<\/strong><\/p>\n<p>Spain profesional Hunters, en cuanto mero intermediario, no se responsabiliza de cualesquiera incidentes que puedan producirse en la actividad contratada por el usuario, de la exactitud de los datos proporcionados por los org\u00e1nicos, ni de cualesquiera actos del empresario org\u00e1nico, con excepci\u00f3n de aquellos extremos que hayan sido expresamente garantizados por Profesional Hunting Spain.<\/p>\n<p><strong>9.\u00a0\u00a0\u00a0\u00a0\u00a0Legislaci\u00f3n aplicable<\/strong><\/p>\n<p>Estas condiciones generales se regir\u00e1n por las leyes espa\u00f1olas.<\/p>\n<p>El usuario manifiesta haber le\u00eddo y comprendido estas condiciones generales y expresa su plena conformidad con los t\u00e9rminos de las presentes condiciones generales y de las condiciones particulares de la oferta contratada.[\/vc_column_text][\/vc_column][\/vc_row]<\/p>\n","protected":false},"excerpt":{"rendered":"<p>[vc_row][vc_column][vc_column_text]AVISO LEGAL, CONDICIONES GENERALES\u00a0Y POL\u00cdTICA DE PRIVACIDAD<br \/>\n1.\u00a0\u00a0\u00a0\u00a0\u00a0Informaci\u00f3n general<br \/>\nA efectos de lo dispuesto en la Ley 34\/2002, de 11 de julio, de servicios de la sociedad de la informaci\u00f3n <\/p>\n","protected":false},"author":2,"featured_media":0,"parent":0,"menu_order":0,"comment_status":"closed","ping_status":"closed","template":"","meta":{"_joinchat":[],"footnotes":""},"_links":{"self":[{"href":"https:\/\/prohuntingspain.com\/es\/wp-json\/wp\/v2\/pages\/1312"}],"collection":[{"href":"https:\/\/prohuntingspain.com\/es\/wp-json\/wp\/v2\/pages"}],"about":[{"href":"https:\/\/prohuntingspain.com\/es\/wp-json\/wp\/v2\/types\/page"}],"author":[{"embeddable":true,"href":"https:\/\/prohuntingspain.com\/es\/wp-json\/wp\/v2\/users\/2"}],"replies":[{"embeddable":true,"href":"https:\/\/prohuntingspain.com\/es\/wp-json\/wp\/v2\/comments?post=1312"}],"version-history":[{"count":3,"href":"https:\/\/prohuntingspain.com\/es\/wp-json\/wp\/v2\/pages\/1312\/revisions"}],"predecessor-version":[{"id":3551,"href":"https:\/\/prohuntingspain.com\/es\/wp-json\/wp\/v2\/pages\/1312\/revisions\/3551"}],"wp:attachment":[{"href":"https:\/\/prohuntingspain.com\/es\/wp-json\/wp\/v2\/media?parent=1312"}],"curies":[{"name":"wp","href":"https:\/\/api.w.org\/{rel}","templated":true}]}}