{"id":1435,"date":"2018-01-02T12:21:48","date_gmt":"2018-01-02T11:21:48","guid":{"rendered":"https:\/\/prohuntingspain.com\/?page_id=1435"},"modified":"2020-01-28T10:11:00","modified_gmt":"2020-01-28T09:11:00","slug":"grupo-sph","status":"publish","type":"page","link":"https:\/\/prohuntingspain.com\/es\/grupo-sph\/","title":{"rendered":"Grupo PHS"},"content":{"rendered":"<p>[vc_row full_width=&#8221;stretch_row&#8221; parallax=&#8221;content-moving&#8221; css=&#8221;.vc_custom_1514909207745{margin-top: 0px !important;margin-bottom: 0px !important;padding-top: 0px !important;padding-bottom: 0px !important;}&#8221;][vc_column css=&#8221;.vc_custom_1514909286593{padding-top: 30px !important;padding-bottom: 30px !important;}&#8221;]<div class=\"shortcode_title shortcode-title-style_1\"><h3 class=\"title_primary\">SOBRE PHS<\/h3><span class=\"line_after_title\"><\/span><\/div>[vc_column_text]<\/p>\n<div class=\"\">\n<div class=\"WordSection1\">\n<p style=\"text-align: center;\"><span class=\"\">PHS es una firma de dise\u00f1o de viajes de caza a medida y en privado, con m\u00e1s de 10 a\u00f1os de trayectoria con una filosof\u00eda marcada, la excelencia en el servicio.<\/span><\/p>\n<\/div>\n<\/div>\n<p>[\/vc_column_text][vc_column_text css=&#8221;.vc_custom_1580201716845{margin-top: 0px !important;padding-top: 0px !important;}&#8221;]<\/p>\n<p style=\"text-align: center;\">Tras m\u00e1s de una d\u00e9cada dedicados a la caza y siendo la firma referente para cazadores nacionales, PHS abre sus puertas a grandes viajes a medida, buscando la excelencia en el servicio y cuidando cada detalle para hacer realidad los sue\u00f1os de nuestros clientes.<\/p>\n<p style=\"text-align: center;\">SPH ampl\u00eda sus miras y se embarca, en nuevos retos y proyectos para a\u00f1adir nuevas capacidades a su propuesta de valor en el segmento de la caza, ofreciendo un servicio personalizado y premium orientado a exclusivos viajes de caza.<\/p>\n<p>[\/vc_column_text][\/vc_column][vc_column][vc_row_inner][vc_column_inner width=&#8221;1\/3&#8243;][\/vc_column_inner][vc_column_inner width=&#8221;1\/3&#8243;][vc_hoverbox image=&#8221;2941&#8243; primary_title=&#8221;&#8221; hover_title=&#8221;Pablo de Vicente&#8221; shape=&#8221;square&#8221; hover_background_color=&#8221;white&#8221; hover_btn_title=&#8221;CEO Professional Hunting Spain&#8221; hover_btn_style=&#8221;flat&#8221; hover_btn_shape=&#8221;square&#8221; hover_btn_color=&#8221;white&#8221; hover_add_button=&#8221;true&#8221; reverse=&#8221;true&#8221; css=&#8221;.vc_custom_1580201752347{background-color: #ffffff !important;}&#8221;]<img fetchpriority=\"high\" decoding=\"async\" class=\"alignnone wp-image-2870\" src=\"https:\/\/prohuntingspain.com\/wp-content\/uploads\/2018\/02\/pablo.png\" alt=\"\" width=\"282\" height=\"282\" srcset=\"https:\/\/prohuntingspain.com\/wp-content\/uploads\/2018\/02\/pablo.png 400w, https:\/\/prohuntingspain.com\/wp-content\/uploads\/2018\/02\/pablo-180x180.png 180w\" sizes=\"(max-width: 282px) 100vw, 282px\" \/>[\/vc_hoverbox][\/vc_column_inner][vc_column_inner width=&#8221;1\/3&#8243;][\/vc_column_inner][\/vc_row_inner][vc_row_inner][vc_column_inner width=&#8221;1\/3&#8243;][vc_hoverbox image=&#8221;2944&#8243; primary_title=&#8221;&#8221; hover_title=&#8221;I\u00f1igo Espinosa de Los Monteros&#8221; hover_title_font_container=&#8221;font_size:22&#8243; hover_title_google_fonts=&#8221;font_family:Roboto%3A100%2C100italic%2C300%2C300italic%2Cregular%2Citalic%2C500%2C500italic%2C700%2C700italic%2C900%2C900italic|font_style:400%20regular%3A400%3Anormal&#8221; shape=&#8221;square&#8221; hover_background_color=&#8221;white&#8221; hover_btn_title=&#8221;Division Clients&#8221; hover_btn_style=&#8221;flat&#8221; hover_btn_color=&#8221;white&#8221; use_custom_fonts_hover_title=&#8221;true&#8221; hover_add_button=&#8221;true&#8221; reverse=&#8221;true&#8221; css=&#8221;.vc_custom_1519316854492{background-color: #ffffff !important;}&#8221;]<img decoding=\"async\" class=\"alignnone wp-image-2946\" src=\"https:\/\/prohuntingspain.com\/wp-content\/uploads\/2018\/02\/inigo1-370x260.png\" alt=\"\" width=\"300\" height=\"300\" srcset=\"https:\/\/prohuntingspain.com\/wp-content\/uploads\/2018\/02\/inigo1-180x180.png 180w, https:\/\/prohuntingspain.com\/wp-content\/uploads\/2018\/02\/inigo1.png 400w\" sizes=\"(max-width: 300px) 100vw, 300px\" \/>[\/vc_hoverbox][\/vc_column_inner][vc_column_inner width=&#8221;1\/3&#8243;][vc_hoverbox image=&#8221;2971&#8243; primary_title=&#8221;&#8221; hover_title=&#8221;Mar\u00eda Blasco&#8221; hover_title_font_container=&#8221;font_size:22&#8243; hover_title_google_fonts=&#8221;font_family:Roboto%3A100%2C100italic%2C300%2C300italic%2Cregular%2Citalic%2C500%2C500italic%2C700%2C700italic%2C900%2C900italic|font_style:400%20regular%3A400%3Anormal&#8221; shape=&#8221;square&#8221; hover_background_color=&#8221;white&#8221; hover_btn_title=&#8221;Hunting and Family&#8221; hover_btn_style=&#8221;flat&#8221; hover_btn_color=&#8221;white&#8221; use_custom_fonts_hover_title=&#8221;true&#8221; hover_add_button=&#8221;true&#8221; reverse=&#8221;true&#8221; css=&#8221;.vc_custom_1520527552770{background-color: #ffffff !important;}&#8221;]<img decoding=\"async\" class=\"alignnone wp-image-2969\" src=\"https:\/\/prohuntingspain.com\/wp-content\/uploads\/2018\/02\/maria1-370x260.png\" alt=\"\" width=\"300\" height=\"300\" srcset=\"https:\/\/prohuntingspain.com\/wp-content\/uploads\/2018\/02\/maria1-180x180.png 180w, https:\/\/prohuntingspain.com\/wp-content\/uploads\/2018\/02\/maria1.png 400w\" sizes=\"(max-width: 300px) 100vw, 300px\" \/>[\/vc_hoverbox][\/vc_column_inner][vc_column_inner width=&#8221;1\/3&#8243;][vc_hoverbox image=&#8221;2878&#8243; primary_title=&#8221;&#8221; hover_title=&#8221;Mihail Silvela&#8221; hover_title_font_container=&#8221;font_size:22&#8243; hover_title_google_fonts=&#8221;font_family:Roboto%3A100%2C100italic%2C300%2C300italic%2Cregular%2Citalic%2C500%2C500italic%2C700%2C700italic%2C900%2C900italic|font_style:400%20regular%3A400%3Anormal&#8221; shape=&#8221;square&#8221; hover_background_color=&#8221;white&#8221; hover_btn_title=&#8221;Logistics&#8221; hover_btn_style=&#8221;flat&#8221; hover_btn_color=&#8221;white&#8221; use_custom_fonts_hover_title=&#8221;true&#8221; hover_add_button=&#8221;true&#8221; reverse=&#8221;true&#8221; css=&#8221;.vc_custom_1519316997790{background-color: #ffffff !important;}&#8221;]<img loading=\"lazy\" decoding=\"async\" class=\"alignnone wp-image-2881\" src=\"https:\/\/prohuntingspain.com\/wp-content\/uploads\/2018\/02\/mihail1-370x260.png\" alt=\"\" width=\"300\" height=\"300\" srcset=\"https:\/\/prohuntingspain.com\/wp-content\/uploads\/2018\/02\/mihail1-180x180.png 180w, https:\/\/prohuntingspain.com\/wp-content\/uploads\/2018\/02\/mihail1.png 400w\" sizes=\"(max-width: 300px) 100vw, 300px\" \/>[\/vc_hoverbox][\/vc_column_inner][\/vc_row_inner][vc_text_separator title=&#8221;Hunting Guides&#8221; css=&#8221;.vc_custom_1520521877436{margin-top: 40px !important;}&#8221;][vc_row_inner][vc_column_inner width=&#8221;1\/6&#8243;][vc_hoverbox image=&#8221;2979&#8243; primary_title=&#8221;&#8221; hover_title=&#8221;Sergio B.&#8221; shape=&#8221;square&#8221; hover_background_color=&#8221;white&#8221; reverse=&#8221;true&#8221; css=&#8221;.vc_custom_1519317089142{background-color: #ffffff !important;}&#8221;]<img loading=\"lazy\" decoding=\"async\" class=\"alignnone size-medium wp-image-2977\" src=\"https:\/\/prohuntingspain.com\/wp-content\/uploads\/2018\/02\/sergio1-370x260.png\" alt=\"\" width=\"370\" height=\"260\" \/>[\/vc_hoverbox][\/vc_column_inner][vc_column_inner width=&#8221;1\/6&#8243;][vc_hoverbox image=&#8221;2963&#8243; primary_title=&#8221;&#8221; hover_title=&#8221;Jaime B.&#8221; shape=&#8221;square&#8221; hover_background_color=&#8221;white&#8221; reverse=&#8221;true&#8221; css=&#8221;.vc_custom_1519317098097{background-color: #ffffff !important;}&#8221;]<img loading=\"lazy\" decoding=\"async\" class=\"alignnone size-medium wp-image-2961\" src=\"https:\/\/prohuntingspain.com\/wp-content\/uploads\/2018\/02\/jaime1-370x260.png\" alt=\"\" width=\"370\" height=\"260\" \/>[\/vc_hoverbox][\/vc_column_inner][vc_column_inner width=&#8221;1\/6&#8243;][vc_hoverbox image=&#8221;2955&#8243; primary_title=&#8221;&#8221; hover_title=&#8221;Alfonso A.&#8221; shape=&#8221;square&#8221; hover_background_color=&#8221;white&#8221; reverse=&#8221;true&#8221; css=&#8221;.vc_custom_1519317105933{background-color: #ffffff !important;}&#8221;]<img loading=\"lazy\" decoding=\"async\" class=\"alignnone size-medium wp-image-2953\" src=\"https:\/\/prohuntingspain.com\/wp-content\/uploads\/2018\/02\/alfonso1-370x260.png\" alt=\"\" width=\"370\" height=\"260\" \/>[\/vc_hoverbox][\/vc_column_inner][vc_column_inner width=&#8221;1\/6&#8243;][vc_hoverbox image=&#8221;2967&#8243; primary_title=&#8221;&#8221; hover_title=&#8221;Luis P.&#8221; shape=&#8221;square&#8221; hover_background_color=&#8221;white&#8221; reverse=&#8221;true&#8221; css=&#8221;.vc_custom_1519317113726{background-color: #ffffff !important;}&#8221;]<img loading=\"lazy\" decoding=\"async\" class=\"alignnone size-medium wp-image-2965\" src=\"https:\/\/prohuntingspain.com\/wp-content\/uploads\/2018\/02\/luis1-370x260.png\" alt=\"\" width=\"370\" height=\"260\" \/>[\/vc_hoverbox][\/vc_column_inner][vc_column_inner width=&#8221;1\/6&#8243;][vc_hoverbox image=&#8221;2975&#8243; primary_title=&#8221;&#8221; hover_title=&#8221;Pedro A.&#8221; shape=&#8221;square&#8221; hover_background_color=&#8221;white&#8221; reverse=&#8221;true&#8221; css=&#8221;.vc_custom_1519317121965{background-color: #ffffff !important;}&#8221;]<img loading=\"lazy\" decoding=\"async\" class=\"alignnone size-medium wp-image-2973\" src=\"https:\/\/prohuntingspain.com\/wp-content\/uploads\/2018\/02\/pedro1-370x260.png\" alt=\"\" width=\"370\" height=\"260\" \/>[\/vc_hoverbox][\/vc_column_inner][vc_column_inner width=&#8221;1\/6&#8243;][vc_hoverbox image=&#8221;2959&#8243; primary_title=&#8221;&#8221; hover_title=&#8221;Ignacio J.&#8221; shape=&#8221;square&#8221; hover_background_color=&#8221;white&#8221; reverse=&#8221;true&#8221; css=&#8221;.vc_custom_1519317133694{background-color: #ffffff !important;}&#8221;]<img loading=\"lazy\" decoding=\"async\" class=\"alignnone size-medium wp-image-2957\" src=\"https:\/\/prohuntingspain.com\/wp-content\/uploads\/2018\/02\/ignacio1-370x260.png\" alt=\"\" width=\"370\" height=\"260\" \/>[\/vc_hoverbox][\/vc_column_inner][\/vc_row_inner][\/vc_column][\/vc_row][vc_row][vc_column][vc_empty_space][\/vc_column][\/vc_row][vc_row full_width=&#8221;stretch_row&#8221; css=&#8221;.vc_custom_1514909261974{margin-top: 0px !important;margin-bottom: 0px !important;border-bottom-width: 0px !important;padding-top: 0px !important;padding-bottom: 0px !important;background-color: #ffffff !important;}&#8221;][vc_column css=&#8221;.vc_custom_1514909269631{margin-top: 0px !important;margin-bottom: 0px !important;border-bottom-width: 0px !important;padding-top: 0px !important;padding-bottom: 0px !important;}&#8221;]<div class=\"shortcode_title shortcode-title-style_1\"><h3 class=\"title_primary\">PHS EXPEDICIONES<\/h3><span class=\"line_after_title\"><\/span><\/div>[vc_column_text]<\/p>\n<p style=\"text-align: center;\">Grandes expediciones de caza, dise\u00f1ados a medida y en privado por todo Espa\u00f1a, para cazadores que buscan aut\u00e9nticas experiencias.<\/p>\n<p style=\"text-align: center;\">Amplia horizontes con una gama variada de propuestas de viaje.<\/p>\n<p style=\"text-align: center;\">Para cazadores con necesidades diferentes: Cons\u00faltanos otros destinos de caza.<\/p>\n<p>[\/vc_column_text][\/vc_column][\/vc_row][vc_row full_width=&#8221;stretch_row&#8221; css=&#8221;.vc_custom_1516619608413{margin-top: 0px !important;margin-bottom: 0px !important;border-bottom-width: 0px !important;padding-top: 0px !important;padding-bottom: 0px !important;background-color: #ffffff !important;}&#8221;][vc_column width=&#8221;1\/4&#8243; css=&#8221;.vc_custom_1514909269631{margin-top: 0px !important;margin-bottom: 0px !important;border-bottom-width: 0px !important;padding-top: 0px !important;padding-bottom: 0px !important;}&#8221;][vc_single_image image=&#8221;1742&#8243; img_size=&#8221;full&#8221;][\/vc_column][vc_column width=&#8221;1\/4&#8243; css=&#8221;.vc_custom_1516619682391{padding-top: 0px !important;}&#8221;][vc_single_image image=&#8221;1736&#8243; img_size=&#8221;full&#8221; css=&#8221;.vc_custom_1516619690535{padding-top: 0px !important;}&#8221;][\/vc_column][vc_column width=&#8221;1\/4&#8243; css=&#8221;.vc_custom_1516619725297{padding-top: 0px !important;}&#8221;][vc_single_image image=&#8221;1739&#8243; img_size=&#8221;full&#8221; css=&#8221;.vc_custom_1516619719616{padding-top: 0px !important;}&#8221;][\/vc_column][vc_column width=&#8221;1\/4&#8243; css=&#8221;.vc_custom_1517222273530{padding-top: 0px !important;}&#8221;][vc_single_image image=&#8221;2695&#8243; img_size=&#8221;full&#8221; css=&#8221;.vc_custom_1517222224065{padding-top: 0px !important;}&#8221;][\/vc_column][\/vc_row][vc_row full_width=&#8221;stretch_row&#8221; css=&#8221;.vc_custom_1514909261974{margin-top: 0px !important;margin-bottom: 0px !important;border-bottom-width: 0px !important;padding-top: 0px !important;padding-bottom: 0px !important;background-color: #ffffff !important;}&#8221;][vc_column css=&#8221;.vc_custom_1514909269631{margin-top: 0px !important;margin-bottom: 0px !important;border-bottom-width: 0px !important;padding-top: 0px !important;padding-bottom: 0px !important;}&#8221;][vc_gallery type=&#8221;image_grid&#8221; images=&#8221;1729,1726,1723,1720,1717,1714,1711,1708,1705&#8243; img_size=&#8221;125&#215;125&#8243; onclick=&#8221;&#8221; css_animation=&#8221;fadeIn&#8221;][\/vc_column][\/vc_row]<\/p>\n","protected":false},"excerpt":{"rendered":"<p>[vc_row full_width=&#8221;stretch_row&#8221; parallax=&#8221;content-moving&#8221; css=&#8221;.vc_custom_1514909207745{margin-top: 0px !important;margin-bottom: 0px !important;padding-top: 0px !important;padding-bottom: 0px !important;}&#8221;][vc_column css=&#8221;.vc_custom_1514909286593{padding-top: 30px !important;padding-bottom: 30px !important;}&#8221;][vc_column_text]<\/p>\n<p>\nPHS es una firma de dise\u00f1o de viajes de caza a <\/p>\n","protected":false},"author":2,"featured_media":0,"parent":0,"menu_order":0,"comment_status":"closed","ping_status":"closed","template":"","meta":{"_joinchat":[],"footnotes":""},"_links":{"self":[{"href":"https:\/\/prohuntingspain.com\/es\/wp-json\/wp\/v2\/pages\/1435"}],"collection":[{"href":"https:\/\/prohuntingspain.com\/es\/wp-json\/wp\/v2\/pages"}],"about":[{"href":"https:\/\/prohuntingspain.com\/es\/wp-json\/wp\/v2\/types\/page"}],"author":[{"embeddable":true,"href":"https:\/\/prohuntingspain.com\/es\/wp-json\/wp\/v2\/users\/2"}],"replies":[{"embeddable":true,"href":"https:\/\/prohuntingspain.com\/es\/wp-json\/wp\/v2\/comments?post=1435"}],"version-history":[{"count":49,"href":"https:\/\/prohuntingspain.com\/es\/wp-json\/wp\/v2\/pages\/1435\/revisions"}],"predecessor-version":[{"id":3536,"href":"https:\/\/prohuntingspain.com\/es\/wp-json\/wp\/v2\/pages\/1435\/revisions\/3536"}],"wp:attachment":[{"href":"https:\/\/prohuntingspain.com\/es\/wp-json\/wp\/v2\/media?parent=1435"}],"curies":[{"name":"wp","href":"https:\/\/api.w.org\/{rel}","templated":true}]}}