{"id":1437,"date":"2018-01-02T12:22:30","date_gmt":"2018-01-02T11:22:30","guid":{"rendered":"https:\/\/prohuntingspain.com\/?page_id=1437"},"modified":"2020-01-28T10:10:33","modified_gmt":"2020-01-28T09:10:33","slug":"filosofia-y-estilo","status":"publish","type":"page","link":"https:\/\/prohuntingspain.com\/es\/filosofia-y-estilo\/","title":{"rendered":"Filosof\u00eda y estilo"},"content":{"rendered":"<p>[vc_row][vc_column][vc_column_text][\/vc_column_text][\/vc_column][\/vc_row][vc_row el_class=&#8221;two-column-respon&#8221; css=&#8221;.vc_custom_1514894267406{margin-top: 0px !important;border-top-width: 0px !important;padding-top: 0px !important;}&#8221;][vc_column css=&#8221;.vc_custom_1514894395360{margin-top: 0px !important;border-top-width: 0px !important;padding-top: 0px !important;}&#8221;][vc_tta_tour][vc_tta_section title=&#8221;Nuestro Dise\u00f1o de Viajes&#8221; tab_id=&#8221;1520419043349-0196b98c-57d9&#8243;][vc_single_image image=&#8221;3530&#8243; img_size=&#8221;200&#215;200&#8243; alignment=&#8221;center&#8221;][vc_row_inner][vc_column_inner width=&#8221;1\/4&#8243;][\/vc_column_inner][vc_column_inner width=&#8221;1\/2&#8243;][vc_single_image image=&#8221;3125&#8243; el_class=&#8221;filotilo&#8221;][vc_column_text]Nos ponemos en su lugar, en el dise\u00f1o y elaboraci\u00f3n de experiencias para diferentes perfiles de cazadores: Con familia, en solitario, con amigos, en pareja\u2026. Cada cazador es un mundo, por lo que PHS se encarga de descubrirlo para poder proponerle la opci\u00f3n que cumpla sus expectativas.[\/vc_column_text][\/vc_column_inner][vc_column_inner width=&#8221;1\/4&#8243;][\/vc_column_inner][\/vc_row_inner][\/vc_tta_section][vc_tta_section title=&#8221;Nuestros corresponsales&#8221; tab_id=&#8221;1514899355956-a0cea9b5-3392&#8243;][vc_single_image image=&#8221;3530&#8243; img_size=&#8221;200&#215;200&#8243; alignment=&#8221;center&#8221;][vc_row_inner][vc_column_inner width=&#8221;1\/4&#8243;][\/vc_column_inner][vc_column_inner width=&#8221;1\/2&#8243;][vc_single_image image=&#8221;3119&#8243; el_class=&#8221;filotilo&#8221;][vc_column_text]PHS trabaja directamente en el destino con cazadores locales, creando sus propios productos, diferentes al resto del mercado.[\/vc_column_text][\/vc_column_inner][vc_column_inner width=&#8221;1\/4&#8243;][\/vc_column_inner][\/vc_row_inner][\/vc_tta_section][vc_tta_section title=&#8221;Nuestros Destinos&#8221; tab_id=&#8221;1514899356791-a57333fd-e051&#8243;][vc_single_image image=&#8221;3530&#8243; img_size=&#8221;200&#215;200&#8243; alignment=&#8221;center&#8221;][vc_row_inner][vc_column_inner width=&#8221;1\/4&#8243;][\/vc_column_inner][vc_column_inner width=&#8221;1\/2&#8243;][vc_single_image image=&#8221;3127&#8243; alignment=&#8221;center&#8221; el_class=&#8221;filotilo&#8221;][vc_column_text]Pocos destinos pero muy bien elegidos, donde nos hemos especializado para poder garantizar el mejor servicio.[\/vc_column_text][\/vc_column_inner][vc_column_inner width=&#8221;1\/4&#8243;][\/vc_column_inner][\/vc_row_inner][\/vc_tta_section][vc_tta_section title=&#8221;Nuestra Recomendaci\u00f3n&#8221; tab_id=&#8221;1514899357533-741e7a50-5277&#8243;][vc_single_image image=&#8221;3530&#8243; img_size=&#8221;200&#215;200&#8243; alignment=&#8221;center&#8221;][vc_row_inner][vc_column_inner width=&#8221;1\/4&#8243;][\/vc_column_inner][vc_column_inner width=&#8221;1\/2&#8243;][vc_single_image image=&#8221;3123&#8243; el_class=&#8221;filotilo&#8221;][vc_column_text]PHS recomienda planificar el viaje con el mayor tiempo posible para poder generar una experiencia de mejor calidad.[\/vc_column_text][\/vc_column_inner][vc_column_inner width=&#8221;1\/4&#8243;][\/vc_column_inner][\/vc_row_inner][\/vc_tta_section][vc_tta_section title=&#8221;Nuestra Esencia&#8221; tab_id=&#8221;1514899358231-321c832c-696c&#8221;][vc_single_image image=&#8221;3530&#8243; img_size=&#8221;200&#215;200&#8243; alignment=&#8221;center&#8221;][vc_row_inner][vc_column_inner width=&#8221;1\/4&#8243;][\/vc_column_inner][vc_column_inner width=&#8221;1\/2&#8243;][vc_single_image image=&#8221;3121&#8243; el_class=&#8221;filotilo&#8221;][vc_column_text]Nuestra dedicaci\u00f3n no ser\u00e1 otra que hacer realidad los sue\u00f1os de los cazadores m\u00e1s exigentes, a\u00f1adiendo imaginaci\u00f3n y creatividad para contar historias diferentes, \u00fanicas, irrepetibles. Una importante labor que implica, ante todo, la capacidad de entender en profundidad a nuestro cliente para dar forma a ese ilusionante viaje de caza que tiene en mente.[\/vc_column_text][\/vc_column_inner][vc_column_inner width=&#8221;1\/4&#8243;][\/vc_column_inner][\/vc_row_inner][\/vc_tta_section][\/vc_tta_tour][\/vc_column][\/vc_row]<\/p>\n","protected":false},"excerpt":{"rendered":"<p>[vc_row][vc_column][vc_column_text][\/vc_column_text][\/vc_column][\/vc_row][vc_row el_class=&#8221;two-column-respon&#8221; css=&#8221;.vc_custom_1514894267406{margin-top: 0px !important;border-top-width: 0px !important;padding-top: 0px !important;}&#8221;][vc_column css=&#8221;.vc_custom_1514894395360{margin-top: 0px !important;border-top-width: 0px !important;padding-top: 0px !important;}&#8221;][vc_tta_tour][vc_tta_section title=&#8221;Nuestro Dise\u00f1o de Viajes&#8221; tab_id=&#8221;1520419043349-0196b98c-57d9&#8243;][vc_single_image image=&#8221;3530&#8243; img_size=&#8221;200&#215;200&#8243; alignment=&#8221;center&#8221;][vc_row_inner][vc_column_inner width=&#8221;1\/4&#8243;][\/vc_column_inner][vc_column_inner width=&#8221;1\/2&#8243;][vc_single_image image=&#8221;3125&#8243; el_class=&#8221;filotilo&#8221;][vc_column_text]Nos ponemos en <\/p>\n","protected":false},"author":2,"featured_media":0,"parent":0,"menu_order":0,"comment_status":"closed","ping_status":"closed","template":"","meta":{"_joinchat":[],"footnotes":""},"_links":{"self":[{"href":"https:\/\/prohuntingspain.com\/es\/wp-json\/wp\/v2\/pages\/1437"}],"collection":[{"href":"https:\/\/prohuntingspain.com\/es\/wp-json\/wp\/v2\/pages"}],"about":[{"href":"https:\/\/prohuntingspain.com\/es\/wp-json\/wp\/v2\/types\/page"}],"author":[{"embeddable":true,"href":"https:\/\/prohuntingspain.com\/es\/wp-json\/wp\/v2\/users\/2"}],"replies":[{"embeddable":true,"href":"https:\/\/prohuntingspain.com\/es\/wp-json\/wp\/v2\/comments?post=1437"}],"version-history":[{"count":39,"href":"https:\/\/prohuntingspain.com\/es\/wp-json\/wp\/v2\/pages\/1437\/revisions"}],"predecessor-version":[{"id":3542,"href":"https:\/\/prohuntingspain.com\/es\/wp-json\/wp\/v2\/pages\/1437\/revisions\/3542"}],"wp:attachment":[{"href":"https:\/\/prohuntingspain.com\/es\/wp-json\/wp\/v2\/media?parent=1437"}],"curies":[{"name":"wp","href":"https:\/\/api.w.org\/{rel}","templated":true}]}}