{"id":1439,"date":"2018-01-02T12:23:14","date_gmt":"2018-01-02T11:23:14","guid":{"rendered":"https:\/\/prohuntingspain.com\/?page_id=1439"},"modified":"2018-03-13T17:31:20","modified_gmt":"2018-03-13T16:31:20","slug":"grand-slam","status":"publish","type":"page","link":"https:\/\/prohuntingspain.com\/es\/grand-slam\/","title":{"rendered":"Grand Slam"},"content":{"rendered":"<p>[vc_row css=&#8221;.vc_custom_1520958677759{margin-top: 0px !important;border-top-width: 0px !important;padding-top: 0px !important;}&#8221;][vc_column css=&#8221;.vc_custom_1514894395360{margin-top: 0px !important;border-top-width: 0px !important;padding-top: 0px !important;}&#8221;][vc_row_inner][vc_column_inner width=&#8221;1\/4&#8243;][\/vc_column_inner][vc_column_inner width=&#8221;1\/2&#8243;]<div class=\"widget-icon-box widget-icon-box-base iconbox-center\"><div class=\"box-icon icon-image circle\" style=\"width:80px\"><img decoding=\"async\" src=\"https:\/\/prohuntingspain.com\/wp-content\/uploads\/2017\/12\/rececho.png\" alt=\"\"><\/div><\/div>[vc_column_text]<\/p>\n<h2 style=\"text-align: center;\">Macho mont\u00e9s Grand Slam<\/h2>\n<p>[\/vc_column_text][\/vc_column_inner][vc_column_inner width=&#8221;1\/4&#8243;][\/vc_column_inner][\/vc_row_inner][vc_row_inner][vc_column_inner][vc_column_text el_class=&#8221;slider-copia-woo&#8221;][supsystic-slider id=2 ][\/vc_column_text][vc_column_text]<\/p>\n<h2 style=\"margin-bottom: 30px;\">Descripci\u00f3n<\/h2>\n<p>Somos especialistas en la caza del <strong>Macho Mont\u00e9s<\/strong>. Si lo que busca es hacer un Grand Slam est\u00e1 en las mejores manos.<\/p>\n<p>Cazamos las 4 sub especies de <strong>Macho Mont\u00e9s<\/strong>. La caza se desarrolla en alta monta\u00f1a, por lo que solemos recomendar 2-3 d\u00edas de caza por cada macho, garantizando de esta manera, cazar con tranquilidad y disfrutando sin prisas de todo lo que rodea esta excepcional cacer\u00eda.<\/p>\n<table class=\"tours-tabs_table\">\n<tbody>\n<tr>\n<td><strong>TEMPORADA<\/strong><\/td>\n<td>Octubre a Mayo.<\/td>\n<\/tr>\n<tr>\n<td><strong>AEROPUERTO RECOMENDADO<\/strong><\/td>\n<td>Madrid, Barcelona, M\u00e1laga o Valencia.<\/td>\n<\/tr>\n<\/tbody>\n<\/table>\n<p>[\/vc_column_text][\/vc_column_inner][\/vc_row_inner][vc_row_inner][vc_column_inner width=&#8221;1\/2&#8243;][vc_column_text]<\/p>\n<h3><strong>Macho Mont\u00e9s de Beceite.<\/strong><\/h3>\n<p>Nuestra primera recomendaci\u00f3n para los cazadores que han de elegir cazar solo una de las 4 sub-especies. El <strong>Macho Mont\u00e9s de Beceite<\/strong>, cuenta con un extraordinario trofeo, abierto en forma de avi\u00f3n y de grandes dimensiones.<\/p>\n<p><strong>\u00c1reas de Caza:<\/strong><br \/>\nSituadas entre tres y cuatro horas de Madrid, pudendo acceder f\u00e1cilmente desde Barcelona y Valencia. Gestionamos m\u00e1s de treinta y cinco mil hect\u00e1reas en abierto, contando con zonas para distintas aptitudes f\u00edsicas.[\/vc_column_text][\/vc_column_inner][vc_column_inner width=&#8221;1\/2&#8243;][vc_column_text]<\/p>\n<h3><strong>Macho Mont\u00e9s de Ronda.<\/strong><\/h3>\n<p>El Mach\u00f3 Mont\u00e9s de Ronda, situado al sur del pa\u00eds, y con una poblaci\u00f3n m\u00e1s reducida, es el trofeo de menor tama\u00f1o y corpulencia de nuestras cuatro subespecies y la \u00faltima para completar el Spanish Ibex Grand Slam.<\/p>\n<p><strong>\u00c1reas de Caza: <\/strong><br \/>\nGestionamos ocho mil hect\u00e1reas, situadas en la serran\u00eda de Ronda.[\/vc_column_text][\/vc_column_inner][\/vc_row_inner][vc_row_inner][vc_column_inner width=&#8221;1\/2&#8243;][vc_column_text]<\/p>\n<h3><strong>Macho Mont\u00e9s en Gredos. <\/strong><\/h3>\n<p>El trofeo de Ibex m\u00e1s valorado para muchos y de mayor belleza, por su preciosa cuerna, en forma de lira.<\/p>\n<p>Uno de nuestros trofeos m\u00e1s demandados y con m\u00e1s adeptos. La cacer\u00eda se desarrolla en las sierras de Gredos, de una belleza inigualable, a menudo, desarrollamos esta cacer\u00eda a caballo, d\u00e1ndole a la cacer\u00eda un valor a\u00f1adido. Contamos con Lodges de caza privados, de gran calidad y en plena sierra de Gredos que har\u00e1n nuestra estancia \u00fanica y muy confortable.<\/p>\n<p><strong>\u00c1reas de Caza: <\/strong><br \/>\nSituadas a menos de 2 horas de Madrid Capital. Gestionamos m\u00e1s de doce mil hect\u00e1reas, contando con zonas para todos los niveles y ayudados de caballos.[\/vc_column_text][\/vc_column_inner][vc_column_inner width=&#8221;1\/2&#8243;][vc_column_text]<\/p>\n<h3><strong>Macho Mont\u00e9s de Sierra Nevada. <\/strong><\/h3>\n<p>Fant\u00e1stica cacer\u00eda que se desarrolla en el Sureste de Espa\u00f1a. Este trofeo, de dimensiones algo menores que los de Gredos y Beceite, es de gran belleza y de forma acarnerada. Cazamos en la estaci\u00f3n de esqu\u00ed de Sierra Nevada, pudiendo visitar a escasos minutos la imponente ciudad de Granda, practicar deportes de invierno o disfrutar de su famosa gastronom\u00eda.<\/p>\n<p><strong>\u00c1reas de Caza: <\/strong><\/p>\n<p>Gestionamos m\u00e1s de veinte mil hect\u00e1reas, situadas a menos de dos horas del aeropuerto de M\u00e1laga o a cuatro horas en coche del aeropuerto de Madrid. Hay zonas para todos los niveles.[\/vc_column_text][\/vc_column_inner][\/vc_row_inner][vc_raw_html]JTNDZGl2JTIwY2xhc3MlM0QlMjJsaXN0LWNvbnRlbnQlMjBtYXBfdGFiX2xpc3QlMjB0b3BfY29udGVudF9zaW5nbGUlMjIlMjBpZCUzRCUyMnNjcm9sbC1tYXBfdGFiJTIyJTNFJTBBJTA5JTNDaDIlMjBjbGFzcyUzRCUyMnRpdGxlLWxpc3QtY29udGVudCUyMiUzRSVDMyU4MXJlYXMlMjBkZSUyMGNhemElM0MlMkZoMiUzRSUwQSUwOSUzQ2RpdiUyMGNvbnRlbnQlM0QlMjJjb250ZW50LWlubmVyJTIyJTNFJTBBJTA5JTA5JTNDZGl2JTIwY2xhc3MlM0QlMjJtYXBhLXpvbmFzJTIyJTNFJTBBJTA5JTA5JTA5JTNDaW1nJTIwc3JjJTNEJTIyaHR0cCUzQSUyRiUyRnNwYWlucHJvZmVzc2lvbmFsaHVudGVycy5jb20lMkZ3cC1jb250ZW50JTJGdXBsb2FkcyUyRjIwMTclMkYxMiUyRm1hcGEtZXNwYW5hLnBuZyUyMiUzRSUwQSUwOSUwOSUwOSUzQ3VsJTNFJTBBJTA5JTA5JTA5JTA5JTNDbGklMjBjbGFzcyUzRCUyMnpvbmEtbWFwYSUyMHpvbmEtbWFwYS1hdmlsYSUyMiUzRSUwQSUwOSUwOSUwOSUwOSUwOSUzQ2ElMjBocmVmJTNEJTIyaHR0cCUzQSUyRiUyRnNwYWlucHJvZmVzc2lvbmFsaHVudGVycy5jb20lMkZ0b3VyLXpvbmEtZGUtY2F6YSUyRmF2aWxhJTIyJTIwZGF0YS10b2dnbGUlM0QlMjJ0b29sdGlwJTIyJTIwZGF0YS1wbGFjZW1lbnQlM0QlMjJ0b3AlMjIlMjB0aXRsZSUzRCUyMiUyMiUyMGRhdGEtb3JpZ2luYWwtdGl0bGUlM0QlMjIlQzMlODF2aWxhJTIyJTNFJTBBJTA5JTA5JTA5JTA5JTA5JTA5JTNDaW1nJTIwc3JjJTNEJTIyaHR0cCUzQSUyRiUyRnNwYWlucHJvZmVzc2lvbmFsaHVudGVycy5jb20lMkZ3cC1jb250ZW50JTJGdXBsb2FkcyUyRjIwMTclMkYxMiUyRmh1bnRpbmctaWNvbi5wbmclMjIlM0UlMEElMDklMDklMDklMDklMDklM0MlMkZhJTNFJTBBJTA5JTA5JTA5JTA5JTNDJTJGbGklM0UlMEElMDklMDklMDklMDklM0NsaSUyMGNsYXNzJTNEJTIyem9uYS1tYXBhJTIwem9uYS1tYXBhLXRlcnVlbCUyMiUzRSUwQSUwOSUwOSUwOSUwOSUwOSUzQ2ElMjBocmVmJTNEJTIyaHR0cCUzQSUyRiUyRnNwYWlucHJvZmVzc2lvbmFsaHVudGVycy5jb20lMkZ0b3VyLXpvbmEtZGUtY2F6YSUyRnRlcnVlbCUyMiUyMGRhdGEtdG9nZ2xlJTNEJTIydG9vbHRpcCUyMiUyMGRhdGEtcGxhY2VtZW50JTNEJTIydG9wJTIyJTIwdGl0bGUlM0QlMjIlMjIlMjBkYXRhLW9yaWdpbmFsLXRpdGxlJTNEJTIyVGVydWVsJTIyJTNFJTBBJTA5JTA5JTA5JTA5JTA5JTA5JTNDaW1nJTIwc3JjJTNEJTIyaHR0cCUzQSUyRiUyRnNwYWlucHJvZmVzc2lvbmFsaHVudGVycy5jb20lMkZ3cC1jb250ZW50JTJGdXBsb2FkcyUyRjIwMTclMkYxMiUyRmh1bnRpbmctaWNvbi5wbmclMjIlM0UlMEElMDklMDklMDklMDklMDklM0MlMkZhJTNFJTBBJTA5JTA5JTA5JTA5JTNDJTJGbGklM0UlMEElMDklMDklMDklMDklM0NsaSUyMGNsYXNzJTNEJTIyem9uYS1tYXBhJTIwem9uYS1tYXBhLW1hbGFnYSUyMiUzRSUwQSUwOSUwOSUwOSUwOSUwOSUzQ2ElMjBocmVmJTNEJTIyaHR0cCUzQSUyRiUyRnNwYWlucHJvZmVzc2lvbmFsaHVudGVycy5jb20lMkZ0b3VyLXpvbmEtZGUtY2F6YSUyRm1hbGFnYSUyMiUyMGRhdGEtdG9nZ2xlJTNEJTIydG9vbHRpcCUyMiUyMGRhdGEtcGxhY2VtZW50JTNEJTIydG9wJTIyJTIwdGl0bGUlM0QlMjIlMjIlMjBkYXRhLW9yaWdpbmFsLXRpdGxlJTNEJTIyTSVDMyVBMWxhZ2ElMjIlM0UlMEElMDklMDklMDklMDklMDklMDklM0NpbWclMjBzcmMlM0QlMjJodHRwJTNBJTJGJTJGc3BhaW5wcm9mZXNzaW9uYWxodW50ZXJzLmNvbSUyRndwLWNvbnRlbnQlMkZ1cGxvYWRzJTJGMjAxNyUyRjEyJTJGaHVudGluZy1pY29uLnBuZyUyMiUzRSUwQSUwOSUwOSUwOSUwOSUwOSUzQyUyRmElM0UlMEElMDklMDklMDklMDklM0MlMkZsaSUzRSUwQSUwOSUwOSUwOSUwOSUzQ2xpJTIwY2xhc3MlM0QlMjJ6b25hLW1hcGElMjB6b25hLW1hcGEtZ3JhbmFkYSUyMiUzRSUwQSUwOSUwOSUwOSUwOSUwOSUzQ2ElMjBocmVmJTNEJTIyaHR0cCUzQSUyRiUyRnNwYWlucHJvZmVzc2lvbmFsaHVudGVycy5jb20lMkZ0b3VyLXpvbmEtZGUtY2F6YSUyRmdyYW5hZGElMjIlMjBkYXRhLXRvZ2dsZSUzRCUyMnRvb2x0aXAlMjIlMjBkYXRhLXBsYWNlbWVudCUzRCUyMnRvcCUyMiUyMHRpdGxlJTNEJTIyJTIyJTIwZGF0YS1vcmlnaW5hbC10aXRsZSUzRCUyMkdyYW5hZGElMjIlM0UlMEElMDklMDklMDklMDklMDklMDklM0NpbWclMjBzcmMlM0QlMjJodHRwJTNBJTJGJTJGc3BhaW5wcm9mZXNzaW9uYWxodW50ZXJzLmNvbSUyRndwLWNvbnRlbnQlMkZ1cGxvYWRzJTJGMjAxNyUyRjEyJTJGaHVudGluZy1pY29uLnBuZyUyMiUzRSUwQSUwOSUwOSUwOSUwOSUwOSUzQyUyRmElM0UlMEElMDklMDklMDklMDklM0MlMkZsaSUzRSUwQSUwOSUwOSUwOSUzQyUyRnVsJTNFJTBBJTA5JTA5JTNDJTJGZGl2JTNFJTBBJTA5JTA5JTNDZGl2JTIwY2xhc3MlM0QlMjJsaXN0YWRvLXpvbmFzJTIyJTNFJTBBJTA5JTA5JTA5JTNDdWwlM0UlMEElMDklMDklMDklMDklM0NsaSUzRSUzQ2ElMjBocmVmJTNEJTIyaHR0cCUzQSUyRiUyRnNwYWlucHJvZmVzc2lvbmFsaHVudGVycy5jb20lMkZ0b3VyLXpvbmEtZGUtY2F6YSUyRmF2aWxhJTIyJTIwZGF0YS10b2dnbGUlM0QlMjJ0b29sdGlwJTIyJTIwZGF0YS1wbGFjZW1lbnQlM0QlMjJ0b3AlMjIlMjB0aXRsZSUzRCUyMiUyMiUyMGRhdGEtb3JpZ2luYWwtdGl0bGUlM0QlMjIlQzMlODF2aWxhJTIyJTNFJUMzJTgxdmlsYSUzQyUyRmElM0UlM0MlMkZsaSUzRSUwQSUwOSUwOSUwOSUwOSUzQ2xpJTNFJTNDYSUyMGhyZWYlM0QlMjJodHRwJTNBJTJGJTJGc3BhaW5wcm9mZXNzaW9uYWxodW50ZXJzLmNvbSUyRnRvdXItem9uYS1kZS1jYXphJTJGdGVydWVsJTIyJTIwZGF0YS10b2dnbGUlM0QlMjJ0b29sdGlwJTIyJTIwZGF0YS1wbGFjZW1lbnQlM0QlMjJ0b3AlMjIlMjB0aXRsZSUzRCUyMiUyMiUyMGRhdGEtb3JpZ2luYWwtdGl0bGUlM0QlMjJUZXJ1ZWwlMjIlM0VUZXJ1ZWwlM0MlMkZhJTNFJTNDJTJGbGklM0UlMEElMDklMDklMDklMDklM0NsaSUzRSUzQ2ElMjBocmVmJTNEJTIyaHR0cCUzQSUyRiUyRnNwYWlucHJvZmVzc2lvbmFsaHVudGVycy5jb20lMkZ0b3VyLXpvbmEtZGUtY2F6YSUyRm1hbGFnYSUyMiUyMGRhdGEtdG9nZ2xlJTNEJTIydG9vbHRpcCUyMiUyMGRhdGEtcGxhY2VtZW50JTNEJTIydG9wJTIyJTIwdGl0bGUlM0QlMjIlMjIlMjBkYXRhLW9yaWdpbmFsLXRpdGxlJTNEJTIyTSVDMyVBMWxhZ2ElMjIlM0VNJUMzJUExbGFnYSUzQyUyRmElM0UlM0MlMkZsaSUzRSUwQSUwOSUwOSUwOSUwOSUzQ2xpJTNFJTNDYSUyMGhyZWYlM0QlMjJodHRwJTNBJTJGJTJGc3BhaW5wcm9mZXNzaW9uYWxodW50ZXJzLmNvbSUyRnRvdXItem9uYS1kZS1jYXphJTJGZ3JhbmFkYSUyMiUyMGRhdGEtdG9nZ2xlJTNEJTIydG9vbHRpcCUyMiUyMGRhdGEtcGxhY2VtZW50JTNEJTIydG9wJTIyJTIwdGl0bGUlM0QlMjIlMjIlMjBkYXRhLW9yaWdpbmFsLXRpdGxlJTNEJTIyR3JhbmFkYSUyMiUzRUdyYW5hZGElM0MlMkZhJTNFJTNDJTJGbGklM0UlMEElMDklMDklMDklM0MlMkZ1bCUzRSUwQSUwOSUwOSUzQyUyRmRpdiUzRSUwQSUwOSUwOSUzQ2RpdiUyMHN0eWxlJTNEJTIyY2xlYXIlM0Fib3RoJTNCJTIyJTNFJTNDJTJGZGl2JTNFJTBBJTA5JTNDJTJGZGl2JTNFJTBBJTNDJTJGZGl2JTNF[\/vc_raw_html][\/vc_column][\/vc_row][vc_row][vc_column][vc_empty_space height=&#8221;30px&#8221;][\/vc_column][\/vc_row][vc_row][vc_column][vc_empty_space][\/vc_column][\/vc_row][vc_row full_width=&#8221;stretch_row&#8221; parallax=&#8221;content-moving&#8221; parallax_image=&#8221;1228&#8243;][vc_column][vc_empty_space height=&#8221;30px&#8221;]<div class=\"shortcode_title shortcode-title-style_1\" style=\"color:#ffffff\"><div class=\"title_subtitle\">Descubre las 4<\/div><h3 class=\"title_primary\">SUB-ESPECIES<\/h3><span class=\"line_after_title\" style=\"color:#ffffff\"><\/span><\/div><div class=\"row wrapper-tours-slider\"><div class=\"list_content content_tour_style_1 tours-type-pain\"><div class=\"item-tour col-sm-3\"><div class=\"item_border\">\n\t<div class=\"item_content\">\n\t\t<div class=\"post_images\">\n\t\t\t<a href=\"https:\/\/prohuntingspain.com\/es\/tours\/macho-montes-de-beceite\/\" class=\"woocommerce-LoopProduct-link woocommerce-loop-product__link\">\n<img fetchpriority=\"high\" decoding=\"async\" width=\"430\" height=\"305\" src=\"\/\/prohuntingspain.com\/wp-content\/uploads\/2016\/11\/ibex-beceite-01-430x305.jpg\" class=\"attachment-shop_catalog size-shop_catalog wp-post-image\" alt=\"Ibex Hunting in Spain. beceite ibex hunting in spain\" srcset=\"\/\/prohuntingspain.com\/wp-content\/uploads\/2016\/11\/ibex-beceite-01-430x305.jpg 430w, \/\/prohuntingspain.com\/wp-content\/uploads\/2016\/11\/ibex-beceite-01-768x545.jpg 768w, \/\/prohuntingspain.com\/wp-content\/uploads\/2016\/11\/ibex-beceite-01.jpg 860w\" sizes=\"(max-width: 430px) 100vw, 430px\" \/><\/a><div class=\"group-icon\"><a class=\"term-id-29\"href=\"https:\/\/prohuntingspain.com\/es\/tour-category\/rececho\/\" data-toggle=\"tooltip\" data-placement=\"top\" title=\"Rececho\" class=\"frist\"><img decoding=\"async\" src=\"https:\/\/prohuntingspain.com\/wp-content\/uploads\/2017\/12\/rececho-icon.png\" alt=\"Rececho\"><\/a><\/div>\t\t<\/div>\n\t\t<div class=\"wrapper_content\">\n\t\t\t<div class=\"post_title\"><h4><a href=\"https:\/\/prohuntingspain.com\/es\/tours\/macho-montes-de-beceite\/\" rel=\"bookmark\">Macho monte\u0301s de Beceite<\/a><\/h4><\/div><div class=\"description\"><p>El Macho Mont\u00e9s de Beceite, cuenta con un extraordinario trofeo de grandes dimensiones.<\/p>\n<\/div>\t\t<\/div>\n\t<\/div>\n\t<div class=\"read_more\">\n\t\t\n<div class=\"item_rating\"><div class=\"star-rating\" title=\"\"><span style=\"width:0\"><\/span><\/div><\/div><a rel=\"nofollow\" href=\"https:\/\/prohuntingspain.com\/es\/tours\/macho-montes-de-beceite\/\" data-quantity=\"1\" data-product_id=\"255\" data-product_sku=\"\" class=\"button product_type_tour_phys\">Leer m\u00e1s<\/a>\t<\/div>\n<\/div><\/div><div class=\"item-tour col-sm-3\"><div class=\"item_border\">\n\t<div class=\"item_content\">\n\t\t<div class=\"post_images\">\n\t\t\t<a href=\"https:\/\/prohuntingspain.com\/es\/tours\/macho-montes-de-ronda\/\" class=\"woocommerce-LoopProduct-link woocommerce-loop-product__link\">\n<img decoding=\"async\" width=\"430\" height=\"305\" src=\"\/\/prohuntingspain.com\/wp-content\/uploads\/2017\/12\/ibex-ronda-01-430x305.jpg\" class=\"attachment-shop_catalog size-shop_catalog wp-post-image\" alt=\"\" srcset=\"\/\/prohuntingspain.com\/wp-content\/uploads\/2017\/12\/ibex-ronda-01-430x305.jpg 430w, \/\/prohuntingspain.com\/wp-content\/uploads\/2017\/12\/ibex-ronda-01-768x545.jpg 768w, \/\/prohuntingspain.com\/wp-content\/uploads\/2017\/12\/ibex-ronda-01.jpg 860w\" sizes=\"(max-width: 430px) 100vw, 430px\" \/><\/a><div class=\"group-icon\"><a class=\"term-id-29\"href=\"https:\/\/prohuntingspain.com\/es\/tour-category\/rececho\/\" data-toggle=\"tooltip\" data-placement=\"top\" title=\"Rececho\" class=\"frist\"><img decoding=\"async\" src=\"https:\/\/prohuntingspain.com\/wp-content\/uploads\/2017\/12\/rececho-icon.png\" alt=\"Rececho\"><\/a><\/div>\t\t<\/div>\n\t\t<div class=\"wrapper_content\">\n\t\t\t<div class=\"post_title\"><h4><a href=\"https:\/\/prohuntingspain.com\/es\/tours\/macho-montes-de-ronda\/\" rel=\"bookmark\">Macho Monte\u0301s de Ronda<\/a><\/h4><\/div><div class=\"description\"><p>Su caza, en la serran\u00eda de Ronda, cuenta con muchas alternativas de ocio y cultura<\/p>\n<\/div>\t\t<\/div>\n\t<\/div>\n\t<div class=\"read_more\">\n\t\t\n<div class=\"item_rating\"><div class=\"star-rating\" title=\"\"><span style=\"width:0\"><\/span><\/div><\/div><a rel=\"nofollow\" href=\"https:\/\/prohuntingspain.com\/es\/tours\/macho-montes-de-ronda\/\" data-quantity=\"1\" data-product_id=\"1393\" data-product_sku=\"\" class=\"button product_type_tour_phys\">Leer m\u00e1s<\/a>\t<\/div>\n<\/div><\/div><div class=\"item-tour col-sm-3\"><div class=\"item_border\">\n\t<div class=\"item_content\">\n\t\t<div class=\"post_images\">\n\t\t\t<a href=\"https:\/\/prohuntingspain.com\/es\/tours\/macho-montes-de-sierra-nevada\/\" class=\"woocommerce-LoopProduct-link woocommerce-loop-product__link\">\n<img decoding=\"async\" width=\"430\" height=\"305\" src=\"\/\/prohuntingspain.com\/wp-content\/uploads\/2017\/12\/ibex-sierra-nevada-01-430x305.jpg\" class=\"attachment-shop_catalog size-shop_catalog wp-post-image\" alt=\"\" srcset=\"\/\/prohuntingspain.com\/wp-content\/uploads\/2017\/12\/ibex-sierra-nevada-01-430x305.jpg 430w, \/\/prohuntingspain.com\/wp-content\/uploads\/2017\/12\/ibex-sierra-nevada-01-768x545.jpg 768w, \/\/prohuntingspain.com\/wp-content\/uploads\/2017\/12\/ibex-sierra-nevada-01.jpg 860w\" sizes=\"(max-width: 430px) 100vw, 430px\" \/><\/a><div class=\"group-icon\"><a class=\"term-id-29\"href=\"https:\/\/prohuntingspain.com\/es\/tour-category\/rececho\/\" data-toggle=\"tooltip\" data-placement=\"top\" title=\"Rececho\" class=\"frist\"><img decoding=\"async\" src=\"https:\/\/prohuntingspain.com\/wp-content\/uploads\/2017\/12\/rececho-icon.png\" alt=\"Rececho\"><\/a><\/div>\t\t<\/div>\n\t\t<div class=\"wrapper_content\">\n\t\t\t<div class=\"post_title\"><h4><a href=\"https:\/\/prohuntingspain.com\/es\/tours\/macho-montes-de-sierra-nevada\/\" rel=\"bookmark\">Rececho Macho Monte\u0301s de Sierra Nevada<\/a><\/h4><\/div><div class=\"description\"><p>Caza de alta monta\u00f1a en estado puro, normalmente con temperaturas suaves y clima soleado.<\/p>\n<\/div>\t\t<\/div>\n\t<\/div>\n\t<div class=\"read_more\">\n\t\t\n<div class=\"item_rating\"><div class=\"star-rating\" title=\"\"><span style=\"width:0\"><\/span><\/div><\/div><a rel=\"nofollow\" href=\"https:\/\/prohuntingspain.com\/es\/tours\/macho-montes-de-sierra-nevada\/\" data-quantity=\"1\" data-product_id=\"1397\" data-product_sku=\"\" class=\"button product_type_tour_phys\">Leer m\u00e1s<\/a>\t<\/div>\n<\/div><\/div><div class=\"item-tour col-sm-3\"><div class=\"item_border\">\n\t<div class=\"item_content\">\n\t\t<div class=\"post_images\">\n\t\t\t<a href=\"https:\/\/prohuntingspain.com\/es\/tours\/macho-montes-de-gredos\/\" class=\"woocommerce-LoopProduct-link woocommerce-loop-product__link\">\n<img loading=\"lazy\" decoding=\"async\" width=\"430\" height=\"305\" src=\"\/\/prohuntingspain.com\/wp-content\/uploads\/2017\/12\/ibex-gredos-01-430x305.jpg\" class=\"attachment-shop_catalog size-shop_catalog wp-post-image\" alt=\"Gredos ibex hunting in Spain\" srcset=\"\/\/prohuntingspain.com\/wp-content\/uploads\/2017\/12\/ibex-gredos-01-430x305.jpg 430w, \/\/prohuntingspain.com\/wp-content\/uploads\/2017\/12\/ibex-gredos-01-768x545.jpg 768w, \/\/prohuntingspain.com\/wp-content\/uploads\/2017\/12\/ibex-gredos-01.jpg 860w\" sizes=\"(max-width: 430px) 100vw, 430px\" \/><\/a><div class=\"group-icon\"><a class=\"term-id-29\"href=\"https:\/\/prohuntingspain.com\/es\/tour-category\/rececho\/\" data-toggle=\"tooltip\" data-placement=\"top\" title=\"Rececho\" class=\"frist\"><img decoding=\"async\" src=\"https:\/\/prohuntingspain.com\/wp-content\/uploads\/2017\/12\/rececho-icon.png\" alt=\"Rececho\"><\/a><\/div>\t\t<\/div>\n\t\t<div class=\"wrapper_content\">\n\t\t\t<div class=\"post_title\"><h4><a href=\"https:\/\/prohuntingspain.com\/es\/tours\/macho-montes-de-gredos\/\" rel=\"bookmark\">Rececho Macho Monte\u0301s de Gredos<\/a><\/h4><\/div><div class=\"description\"><p>Un espectacular trofeo de gran belleza, por su preciosa cuerna en forma de lira.<\/p>\n<\/div>\t\t<\/div>\n\t<\/div>\n\t<div class=\"read_more\">\n\t\t\n<div class=\"item_rating\"><div class=\"star-rating\" title=\"\"><span style=\"width:0\"><\/span><\/div><\/div><a rel=\"nofollow\" href=\"https:\/\/prohuntingspain.com\/es\/tours\/macho-montes-de-gredos\/\" data-quantity=\"1\" data-product_id=\"1398\" data-product_sku=\"\" class=\"button product_type_tour_phys\">Leer m\u00e1s<\/a>\t<\/div>\n<\/div><\/div><\/div><\/div>[vc_empty_space height=&#8221;60px&#8221;][\/vc_column][\/vc_row][vc_row full_width=&#8221;stretch_row&#8221; css=&#8221;.vc_custom_1514895049029{margin-bottom: 0px !important;border-bottom-width: 0px !important;padding-bottom: 0px !important;background-color: #ffffff !important;}&#8221;][vc_column css=&#8221;.vc_custom_1514895040917{margin-bottom: 0px !important;border-bottom-width: 0px !important;padding-bottom: 0px !important;}&#8221;][vc_empty_space height=&#8221;30px&#8221;]<div class=\"shortcode_title shortcode-title-style_1\"><div class=\"title_subtitle\">Cons\u00faltanos sobre opciones de<\/div><h3 class=\"title_primary\">ESTANCIA<\/h3><span class=\"line_after_title\"><\/span><\/div>[vc_column_text]<\/p>\n<p style=\"text-align: center;\">Dependiendo del momento de la cacer\u00eda y de la zona de la geograf\u00eda espa\u00f1ola donde se desarrolla la cacer\u00eda de cada subespecie.<\/p>\n<p>[\/vc_column_text]<div class=\"list-posts row  list-post-style_1\"><div class=\"row\">\t\t\t<div class=\"post_list_content_unit col-sm-3\">\n\t\t\t\t<div class=\"img_post feature-image\"><a href=\"https:\/\/prohuntingspain.com\/es\/alojamiento-1\/\" class=\"entry-thumbnail\"><img loading=\"lazy\" decoding=\"async\" width=\"370\" height=\"260\" src=\"https:\/\/prohuntingspain.com\/wp-content\/uploads\/2018\/01\/alojamiento-1-370x260.jpg\" class=\"attachment-medium size-medium wp-post-image\" alt=\"\" \/><\/a><\/div>\n\t\t\t\t\t<div class=\"post-list-content\">\n\t\t\t\t\t<div class=\"post_list_inner_content_unit\">\n\t\t\t\t\t\t<h3 class=\"post_list_title\"><a href=\"https:\/\/prohuntingspain.com\/es\/alojamiento-1\/\" rel=\"bookmark\">Alojamiento 1<\/a><\/h3><div class=\"wrapper-meta\"><div class=\"date-time\">03\/01\/2018<\/div><div class=\"post_list_cats\"><a href=\"https:\/\/prohuntingspain.com\/es\/category\/alojamientos\/\" rel=\"category tag\">Alojamientos<\/a><\/div><\/div><div class=\"post_list_item_excerpt\"><\/div>\t\t\t\t\t<\/div>\n\t\t\t\t<\/div>\n\t\t\t<\/div>\n\t\t\t\t\t\t<div class=\"post_list_content_unit col-sm-3\">\n\t\t\t\t<div class=\"img_post feature-image\"><a href=\"https:\/\/prohuntingspain.com\/es\/alojamiento-2\/\" class=\"entry-thumbnail\"><img loading=\"lazy\" decoding=\"async\" width=\"370\" height=\"260\" src=\"https:\/\/prohuntingspain.com\/wp-content\/uploads\/2018\/01\/alojamiento-2-editada-370x260.jpg\" class=\"attachment-medium size-medium wp-post-image\" alt=\"\" \/><\/a><\/div>\n\t\t\t\t\t<div class=\"post-list-content\">\n\t\t\t\t\t<div class=\"post_list_inner_content_unit\">\n\t\t\t\t\t\t<h3 class=\"post_list_title\"><a href=\"https:\/\/prohuntingspain.com\/es\/alojamiento-2\/\" rel=\"bookmark\">Alojamiento 2<\/a><\/h3><div class=\"wrapper-meta\"><div class=\"date-time\">03\/01\/2018<\/div><div class=\"post_list_cats\"><a href=\"https:\/\/prohuntingspain.com\/es\/category\/alojamientos\/\" rel=\"category tag\">Alojamientos<\/a><\/div><\/div><div class=\"post_list_item_excerpt\"><\/div>\t\t\t\t\t<\/div>\n\t\t\t\t<\/div>\n\t\t\t<\/div>\n\t\t\t\t\t\t<div class=\"post_list_content_unit col-sm-3\">\n\t\t\t\t<div class=\"img_post feature-image\"><a href=\"https:\/\/prohuntingspain.com\/es\/alojamiento-3\/\" class=\"entry-thumbnail\"><img loading=\"lazy\" decoding=\"async\" width=\"370\" height=\"260\" src=\"https:\/\/prohuntingspain.com\/wp-content\/uploads\/2018\/01\/alojamiento-2-370x260.jpg\" class=\"attachment-medium size-medium wp-post-image\" alt=\"\" \/><\/a><\/div>\n\t\t\t\t\t<div class=\"post-list-content\">\n\t\t\t\t\t<div class=\"post_list_inner_content_unit\">\n\t\t\t\t\t\t<h3 class=\"post_list_title\"><a href=\"https:\/\/prohuntingspain.com\/es\/alojamiento-3\/\" rel=\"bookmark\">Alojamiento 3<\/a><\/h3><div class=\"wrapper-meta\"><div class=\"date-time\">03\/01\/2018<\/div><div class=\"post_list_cats\"><a href=\"https:\/\/prohuntingspain.com\/es\/category\/alojamientos\/\" rel=\"category tag\">Alojamientos<\/a><\/div><\/div><div class=\"post_list_item_excerpt\"><\/div>\t\t\t\t\t<\/div>\n\t\t\t\t<\/div>\n\t\t\t<\/div>\n\t\t\t\t\t\t<div class=\"post_list_content_unit col-sm-3\">\n\t\t\t\t<div class=\"img_post feature-image\"><a href=\"https:\/\/prohuntingspain.com\/es\/alojamiento-4\/\" class=\"entry-thumbnail\"><img loading=\"lazy\" decoding=\"async\" width=\"370\" height=\"260\" src=\"https:\/\/prohuntingspain.com\/wp-content\/uploads\/2018\/01\/alojamiento-4-370x260.jpg\" class=\"attachment-medium size-medium wp-post-image\" alt=\"\" \/><\/a><\/div>\n\t\t\t\t\t<div class=\"post-list-content\">\n\t\t\t\t\t<div class=\"post_list_inner_content_unit\">\n\t\t\t\t\t\t<h3 class=\"post_list_title\"><a href=\"https:\/\/prohuntingspain.com\/es\/alojamiento-4\/\" rel=\"bookmark\">Alojamiento 4<\/a><\/h3><div class=\"wrapper-meta\"><div class=\"date-time\">03\/01\/2018<\/div><div class=\"post_list_cats\"><a href=\"https:\/\/prohuntingspain.com\/es\/category\/alojamientos\/\" rel=\"category tag\">Alojamientos<\/a><\/div><\/div><div class=\"post_list_item_excerpt\"><\/div>\t\t\t\t\t<\/div>\n\t\t\t\t<\/div>\n\t\t\t<\/div>\n\t\t\t<\/div><\/div>[vc_btn title=&#8221;M\u00c1S INFORMACI\u00d3N SOBRE ALOJAMIENTOS&#8221; shape=&#8221;square&#8221; color=&#8221;turquoise&#8221; align=&#8221;center&#8221; link=&#8221;url:https%3A%2F%2Fprohuntingspain.com%2Falojamientos%2F|title:Alojamientos|target:%20_blank|&#8221;][\/vc_column][\/vc_row]<\/p>\n","protected":false},"excerpt":{"rendered":"","protected":false},"author":2,"featured_media":0,"parent":0,"menu_order":0,"comment_status":"closed","ping_status":"closed","template":"","meta":{"_joinchat":[],"footnotes":""},"_links":{"self":[{"href":"https:\/\/prohuntingspain.com\/es\/wp-json\/wp\/v2\/pages\/1439"}],"collection":[{"href":"https:\/\/prohuntingspain.com\/es\/wp-json\/wp\/v2\/pages"}],"about":[{"href":"https:\/\/prohuntingspain.com\/es\/wp-json\/wp\/v2\/types\/page"}],"author":[{"embeddable":true,"href":"https:\/\/prohuntingspain.com\/es\/wp-json\/wp\/v2\/users\/2"}],"replies":[{"embeddable":true,"href":"https:\/\/prohuntingspain.com\/es\/wp-json\/wp\/v2\/comments?post=1439"}],"version-history":[{"count":57,"href":"https:\/\/prohuntingspain.com\/es\/wp-json\/wp\/v2\/pages\/1439\/revisions"}],"predecessor-version":[{"id":3345,"href":"https:\/\/prohuntingspain.com\/es\/wp-json\/wp\/v2\/pages\/1439\/revisions\/3345"}],"wp:attachment":[{"href":"https:\/\/prohuntingspain.com\/es\/wp-json\/wp\/v2\/media?parent=1439"}],"curies":[{"name":"wp","href":"https:\/\/api.w.org\/{rel}","templated":true}]}}