{"id":1445,"date":"2018-01-02T12:26:14","date_gmt":"2018-01-02T11:26:14","guid":{"rendered":"https:\/\/prohuntingspain.com\/?page_id=1445"},"modified":"2018-04-11T17:48:09","modified_gmt":"2018-04-11T15:48:09","slug":"alojamientos","status":"publish","type":"page","link":"https:\/\/prohuntingspain.com\/es\/alojamientos\/","title":{"rendered":"Alojamientos"},"content":{"rendered":"<p>[vc_row full_width=&#8221;stretch_row&#8221; css=&#8221;.vc_custom_1514895049029{margin-bottom: 0px !important;border-bottom-width: 0px !important;padding-bottom: 0px !important;background-color: #ffffff !important;}&#8221;][vc_column css=&#8221;.vc_custom_1514906841842{margin-top: 0px !important;margin-bottom: 0px !important;border-top-width: 0px !important;border-bottom-width: 0px !important;padding-top: 0px !important;padding-bottom: 0px !important;}&#8221;][vc_column_text]Espa\u00f1a es un destino inmejorable para el turismo en general, y para cazadores en particular. Nuestro pa\u00eds, muy seguro y con un clima privilegiado, ofrece una amplia variedad en alojamientos, gastronom\u00eda y actividades culturales.<\/p>\n<p>Todas nuestras expediciones de caza, son cuidadosamente tratadas y confeccionadas a medida de nuestros clientes. No s\u00f3lo nos preocupamos de organizar una cacer\u00eda maravillosa, tambi\u00e9n cuidamos todos los detalles que hacen posible, que su viaje de caza sea una experiencia completa.<\/p>\n<p>Durante el desarrollo de nuestras cacer\u00edas, y dependiendo de la localizaci\u00f3n donde nos encontremos, ofrecemos distintas opciones de alojamiento, gastronom\u00eda y visitas guiadas. De esta manera conseguimos que nuestros clientes experimenten, con mayor profundidad que el turismo convencional nuestra cultura y nuestro pa\u00eds.[\/vc_column_text][\/vc_column][\/vc_row][vc_row css=&#8221;.vc_custom_1514894983556{margin-top: 0px !important;margin-bottom: 0px !important;border-top-width: 0px !important;border-bottom-width: 0px !important;padding-top: 0px !important;padding-bottom: 0px !important;}&#8221;][vc_column css=&#8221;.vc_custom_1514894992266{margin-top: 0px !important;margin-bottom: 0px !important;border-top-width: 0px !important;border-bottom-width: 0px !important;padding-top: 0px !important;padding-bottom: 0px !important;}&#8221;][vc_empty_space height=&#8221;40px&#8221;]<div class=\"shortcode_title shortcode-title-style_1\"><h3 class=\"title_primary\">PALACIO CONDE DE ZANONI<\/h3><span class=\"line_after_title\"><\/span><\/div>[vc_column_text]Ofrecemos nuestro Lodge familiar de Caza a tan solo cincuenta minutos del aeropuerto de Madrid, aloj\u00e1ndonos en nuestros Ojeos de Perdiz roja, Monter\u00edas y una parte importante de recechos.[\/vc_column_text][\/vc_column][\/vc_row][vc_row full_width=&#8221;stretch_row&#8221; css=&#8221;.vc_custom_1514907515612{margin-top: 0px !important;margin-bottom: 0px !important;border-top-width: 0px !important;border-bottom-width: 0px !important;padding-top: 0px !important;padding-bottom: 0px !important;background-color: #ffffff !important;}&#8221;][vc_column width=&#8221;1\/2&#8243; css=&#8221;.vc_custom_1514906858221{margin-top: 0px !important;margin-bottom: 0px !important;border-top-width: 0px !important;border-bottom-width: 0px !important;padding-top: 0px !important;padding-bottom: 0px !important;}&#8221;][vc_column_text]<\/p>\n<div class=\"videoWrapper\"><iframe src=\"https:\/\/www.youtube.com\/embed\/YDSw8JXQSsg?rel=0&amp;showinfo=0\" width=\"560\" height=\"315\" frameborder=\"0\" allowfullscreen=\"allowfullscreen\"><\/iframe><\/div>\n<p>[\/vc_column_text][\/vc_column][vc_column width=&#8221;1\/2&#8243; css=&#8221;.vc_custom_1514909016904{padding-top: 0px !important;}&#8221;][vc_column_text]Hablamos del <strong>Palacio Conde de Zanoni<\/strong>, provista de 10 habitaciones dobles en-suite, cada una de ellas decoradas al m\u00ednimo detalle y de forma diferente, de estilo cl\u00e1sico, r\u00fastico y elegante, pero equipadas con la \u00faltima tecnolog\u00eda para garantizar el m\u00e1ximo confort y bienestar y donde nuestros clientes encuentran un trato familiar, con un servicio atento que har\u00e1n sentirles como en casa.<\/p>\n<p>Los cuatro salones de los que dispone la casa, todos con grandes chimeneas, permiten a sus hu\u00e9spedes elegir el espacio m\u00e1s conveniente para cada momento.<\/p>\n<p>Para disfrutar de la alta cocina t\u00edpica de la zona y del pa\u00eds, la casa dispone de dos comedores distintos. El comedor principal, con capacidad para 20 comensales, dispone de chimenea y un gran ventanal. Un comedor adicional en el pabell\u00f3n de caza, es perfecto para comidas m\u00e1s informales, con capacidad para 26 comensales y tambi\u00e9n con una agradable chimenea.[\/vc_column_text][\/vc_column][\/vc_row][vc_row css=&#8221;.vc_custom_1514894983556{margin-top: 0px !important;margin-bottom: 0px !important;border-top-width: 0px !important;border-bottom-width: 0px !important;padding-top: 0px !important;padding-bottom: 0px !important;}&#8221;][vc_column css=&#8221;.vc_custom_1514894992266{margin-top: 0px !important;margin-bottom: 0px !important;border-top-width: 0px !important;border-bottom-width: 0px !important;padding-top: 0px !important;padding-bottom: 0px !important;}&#8221;][vc_media_grid style=&#8221;pagination&#8221; items_per_page=&#8221;6&#8243; element_width=&#8221;2&#8243; gap=&#8221;20&#8243; arrows_design=&#8221;vc_arrow-icon-arrow_10_left&#8221; arrows_color=&#8221;grey&#8221; paging_design=&#8221;none&#8221; loop=&#8221;yes&#8221; grid_id=&#8221;vc_gid:1523461640736-7dffca99-b486-6&#8243; include=&#8221;1813,1816,1819,1822,1825,1828,1831,1834,1837,1840,1843,1846,1849,1852,1855,1858,1861,1864,1867,1870,1873,1876,1879,1882,1885,1888,1891,1894,1903,1912,1900,1897,1906,1909,1915,1918,1921,1924,1927,1930,1933,1936,1939,1951,1954,1957,1960,1963,1966,1942,1945,1948&#8243; css=&#8221;.vc_custom_1523376374209{margin-bottom: 0px !important;border-bottom-width: 0px !important;padding-bottom: 0px !important;}&#8221;][\/vc_column][\/vc_row][vc_row full_width=&#8221;stretch_row&#8221; parallax=&#8221;content-moving&#8221;][vc_column][vc_empty_space height=&#8221;20px&#8221;]<div class=\"shortcode_title shortcode-title-style_1\"><h3 class=\"title_primary\">OTROS ALOJAMIENTOS<\/h3><span class=\"line_after_title\"><\/span><\/div>[vc_column_text]<\/p>\n<p style=\"text-align: center;\">En otras cacer\u00edas distribuidas por distintas zonas de la geograf\u00eda espa\u00f1ola, ofrecemos magn\u00edficos hoteles rurales y casas privadas.<\/p>\n<p>[\/vc_column_text]<div class=\"list-posts row  list-post-style_1\"><div class=\"row\">\t\t\t<div class=\"post_list_content_unit col-sm-3\">\n\t\t\t\t<div class=\"img_post feature-image\"><a href=\"https:\/\/prohuntingspain.com\/es\/alojamiento-1\/\" class=\"entry-thumbnail\"><img fetchpriority=\"high\" decoding=\"async\" width=\"370\" height=\"260\" src=\"https:\/\/prohuntingspain.com\/wp-content\/uploads\/2018\/01\/alojamiento-1-370x260.jpg\" class=\"attachment-medium size-medium wp-post-image\" alt=\"\" \/><\/a><\/div>\n\t\t\t\t\t<div class=\"post-list-content\">\n\t\t\t\t\t<div class=\"post_list_inner_content_unit\">\n\t\t\t\t\t\t<h3 class=\"post_list_title\"><a href=\"https:\/\/prohuntingspain.com\/es\/alojamiento-1\/\" rel=\"bookmark\">Alojamiento 1<\/a><\/h3><div class=\"wrapper-meta\"><div class=\"date-time\">03\/01\/2018<\/div><div class=\"post_list_cats\"><a href=\"https:\/\/prohuntingspain.com\/es\/category\/alojamientos\/\" rel=\"category tag\">Alojamientos<\/a><\/div><\/div><div class=\"post_list_item_excerpt\"><\/div>\t\t\t\t\t<\/div>\n\t\t\t\t<\/div>\n\t\t\t<\/div>\n\t\t\t\t\t\t<div class=\"post_list_content_unit col-sm-3\">\n\t\t\t\t<div class=\"img_post feature-image\"><a href=\"https:\/\/prohuntingspain.com\/es\/alojamiento-2\/\" class=\"entry-thumbnail\"><img decoding=\"async\" width=\"370\" height=\"260\" src=\"https:\/\/prohuntingspain.com\/wp-content\/uploads\/2018\/01\/alojamiento-2-editada-370x260.jpg\" class=\"attachment-medium size-medium wp-post-image\" alt=\"\" \/><\/a><\/div>\n\t\t\t\t\t<div class=\"post-list-content\">\n\t\t\t\t\t<div class=\"post_list_inner_content_unit\">\n\t\t\t\t\t\t<h3 class=\"post_list_title\"><a href=\"https:\/\/prohuntingspain.com\/es\/alojamiento-2\/\" rel=\"bookmark\">Alojamiento 2<\/a><\/h3><div class=\"wrapper-meta\"><div class=\"date-time\">03\/01\/2018<\/div><div class=\"post_list_cats\"><a href=\"https:\/\/prohuntingspain.com\/es\/category\/alojamientos\/\" rel=\"category tag\">Alojamientos<\/a><\/div><\/div><div class=\"post_list_item_excerpt\"><\/div>\t\t\t\t\t<\/div>\n\t\t\t\t<\/div>\n\t\t\t<\/div>\n\t\t\t\t\t\t<div class=\"post_list_content_unit col-sm-3\">\n\t\t\t\t<div class=\"img_post feature-image\"><a href=\"https:\/\/prohuntingspain.com\/es\/alojamiento-3\/\" class=\"entry-thumbnail\"><img decoding=\"async\" width=\"370\" height=\"260\" src=\"https:\/\/prohuntingspain.com\/wp-content\/uploads\/2018\/01\/alojamiento-2-370x260.jpg\" class=\"attachment-medium size-medium wp-post-image\" alt=\"\" \/><\/a><\/div>\n\t\t\t\t\t<div class=\"post-list-content\">\n\t\t\t\t\t<div class=\"post_list_inner_content_unit\">\n\t\t\t\t\t\t<h3 class=\"post_list_title\"><a href=\"https:\/\/prohuntingspain.com\/es\/alojamiento-3\/\" rel=\"bookmark\">Alojamiento 3<\/a><\/h3><div class=\"wrapper-meta\"><div class=\"date-time\">03\/01\/2018<\/div><div class=\"post_list_cats\"><a href=\"https:\/\/prohuntingspain.com\/es\/category\/alojamientos\/\" rel=\"category tag\">Alojamientos<\/a><\/div><\/div><div class=\"post_list_item_excerpt\"><\/div>\t\t\t\t\t<\/div>\n\t\t\t\t<\/div>\n\t\t\t<\/div>\n\t\t\t\t\t\t<div class=\"post_list_content_unit col-sm-3\">\n\t\t\t\t<div class=\"img_post feature-image\"><a href=\"https:\/\/prohuntingspain.com\/es\/alojamiento-4\/\" class=\"entry-thumbnail\"><img loading=\"lazy\" decoding=\"async\" width=\"370\" height=\"260\" src=\"https:\/\/prohuntingspain.com\/wp-content\/uploads\/2018\/01\/alojamiento-4-370x260.jpg\" class=\"attachment-medium size-medium wp-post-image\" alt=\"\" \/><\/a><\/div>\n\t\t\t\t\t<div class=\"post-list-content\">\n\t\t\t\t\t<div class=\"post_list_inner_content_unit\">\n\t\t\t\t\t\t<h3 class=\"post_list_title\"><a href=\"https:\/\/prohuntingspain.com\/es\/alojamiento-4\/\" rel=\"bookmark\">Alojamiento 4<\/a><\/h3><div class=\"wrapper-meta\"><div class=\"date-time\">03\/01\/2018<\/div><div class=\"post_list_cats\"><a href=\"https:\/\/prohuntingspain.com\/es\/category\/alojamientos\/\" rel=\"category tag\">Alojamientos<\/a><\/div><\/div><div class=\"post_list_item_excerpt\"><\/div>\t\t\t\t\t<\/div>\n\t\t\t\t<\/div>\n\t\t\t<\/div>\n\t\t\t<\/div><\/div>[vc_empty_space height=&#8221;30px&#8221;][\/vc_column][\/vc_row]<\/p>\n","protected":false},"excerpt":{"rendered":"","protected":false},"author":2,"featured_media":0,"parent":0,"menu_order":0,"comment_status":"closed","ping_status":"closed","template":"","meta":{"_joinchat":[],"footnotes":""},"_links":{"self":[{"href":"https:\/\/prohuntingspain.com\/es\/wp-json\/wp\/v2\/pages\/1445"}],"collection":[{"href":"https:\/\/prohuntingspain.com\/es\/wp-json\/wp\/v2\/pages"}],"about":[{"href":"https:\/\/prohuntingspain.com\/es\/wp-json\/wp\/v2\/types\/page"}],"author":[{"embeddable":true,"href":"https:\/\/prohuntingspain.com\/es\/wp-json\/wp\/v2\/users\/2"}],"replies":[{"embeddable":true,"href":"https:\/\/prohuntingspain.com\/es\/wp-json\/wp\/v2\/comments?post=1445"}],"version-history":[{"count":40,"href":"https:\/\/prohuntingspain.com\/es\/wp-json\/wp\/v2\/pages\/1445\/revisions"}],"predecessor-version":[{"id":2704,"href":"https:\/\/prohuntingspain.com\/es\/wp-json\/wp\/v2\/pages\/1445\/revisions\/2704"}],"wp:attachment":[{"href":"https:\/\/prohuntingspain.com\/es\/wp-json\/wp\/v2\/media?parent=1445"}],"curies":[{"name":"wp","href":"https:\/\/api.w.org\/{rel}","templated":true}]}}