{"id":1447,"date":"2018-01-02T12:26:39","date_gmt":"2018-01-02T11:26:39","guid":{"rendered":"https:\/\/prohuntingspain.com\/?page_id=1447"},"modified":"2020-01-28T10:02:09","modified_gmt":"2020-01-28T09:02:09","slug":"caza-y-familia","status":"publish","type":"page","link":"https:\/\/prohuntingspain.com\/es\/caza-y-familia\/","title":{"rendered":"Caza y Familia"},"content":{"rendered":"<p>[vc_row full_width=&#8221;stretch_row&#8221; css=&#8221;.vc_custom_1514895049029{margin-bottom: 0px !important;border-bottom-width: 0px !important;padding-bottom: 0px !important;background-color: #ffffff !important;}&#8221;][vc_column css=&#8221;.vc_custom_1514906841842{margin-top: 0px !important;margin-bottom: 0px !important;border-top-width: 0px !important;border-bottom-width: 0px !important;padding-top: 0px !important;padding-bottom: 0px !important;}&#8221;]<div class=\"shortcode_title shortcode-title-style_1\"><h3 class=\"title_primary\">WELCOME TO SPAIN<\/h3><span class=\"line_after_title\"><\/span><\/div>[vc_column_text]Tras m\u00e1s de una d\u00e9cada dedicada a la caza, PHS ampl\u00eda su propuesta para a\u00f1adir valor en el segmento de la caza acompa\u00f1ado de familia y amigos, ofreciendo un servicio personalizado y premium orientado a exclusivos viajes de caza compatibles con vacaciones en familia.<\/p>\n<p>As\u00ed nace nuestra divisi\u00f3n, \u201cCaza y Familia\u201d del\u00a0 grupo PHS, con personal cualificado con muchos a\u00f1os de experiencia en la organizaci\u00f3n de viajes a medida en Espa\u00f1a, centrada en un servicio personalizado para el resto de la familia.[\/vc_column_text][\/vc_column][\/vc_row][vc_row css=&#8221;.vc_custom_1514894983556{margin-top: 0px !important;margin-bottom: 0px !important;border-top-width: 0px !important;border-bottom-width: 0px !important;padding-top: 0px !important;padding-bottom: 0px !important;}&#8221;][vc_column css=&#8221;.vc_custom_1514894992266{margin-top: 0px !important;margin-bottom: 0px !important;border-top-width: 0px !important;border-bottom-width: 0px !important;padding-top: 0px !important;padding-bottom: 0px !important;}&#8221;][vc_empty_space height=&#8221;40px&#8221;]<div class=\"shortcode_title shortcode-title-style_1\"><h3 class=\"title_primary\">DISE\u00d1O DE VIAJES<\/h3><span class=\"line_after_title\"><\/span><\/div>[vc_column_text]Teniendo en cuenta las especies o el viaje de caza que se desee realizar, dise\u00f1amos y elaboramos distintas opciones de viajes. Tratamos que el viaje de caza elegido se combine perfectamente con la realizaci\u00f3n de visitas tur\u00edsticas, consiguiendo la sensaci\u00f3n de realizar muchos viajes distintos en uno solo.<\/p>\n<p>Espa\u00f1a es uno de los destinos tur\u00edsticos m\u00e1s demandados en el mundo con multitud de posibilidades. Actividades culturales, Gastronom\u00eda, Ocio, Playas, esqu\u00ed, golf\u2026<br \/>\nContamos con m\u00e1s de 100 d\u00edas soleados al a\u00f1o con temperaturas por encima de 25 grados y por lo general, inviernos suaves que hacen de nuestro pa\u00eds, un fant\u00e1stico destino con familia.[\/vc_column_text][\/vc_column][\/vc_row][vc_row full_width=&#8221;stretch_row&#8221; parallax=&#8221;content-moving&#8221; css=&#8221;.vc_custom_1514967259995{margin-top: 0px !important;padding-top: 0px !important;}&#8221;][vc_column css=&#8221;.vc_custom_1514967240625{margin-top: 0px !important;padding-top: 0px !important;}&#8221;][vc_empty_space height=&#8221;20px&#8221;]<div class=\"shortcode_title shortcode-title-style_1\"><h3 class=\"title_primary\">VIAJES<\/h3><span class=\"line_after_title\"><\/span><\/div>[vc_empty_space height=&#8221;20px&#8221;][vc_empty_space height=&#8221;30px&#8221;][\/vc_column][\/vc_row][vc_row full_width=&#8221;stretch_row&#8221; parallax=&#8221;content-moving&#8221; css=&#8221;.vc_custom_1514967259995{margin-top: 0px !important;padding-top: 0px !important;}&#8221;][vc_column css=&#8221;.vc_custom_1514967240625{margin-top: 0px !important;padding-top: 0px !important;}&#8221;][vc_empty_space height=&#8221;20px&#8221;]<div class=\"shortcode_title shortcode-title-style_1\"><h3 class=\"title_primary\">BUSCADOR<\/h3><span class=\"line_after_title\"><\/span><\/div>[\/vc_column][\/vc_row][vc_row full_width=&#8221;stretch_row&#8221; parallax=&#8221;content-moving&#8221; css=&#8221;.vc_custom_1514971465396{margin-top: 0px !important;padding-top: 0px !important;background-color: #37472c !important;}&#8221;][vc_column css=&#8221;.vc_custom_1514967240625{margin-top: 0px !important;padding-top: 0px !important;}&#8221;][vc_empty_space height=&#8221;20px&#8221;][vc_column_text]<!-- Search Filter: 1-->\r\n<div class=\"sf-wrapper\">\r\n\t\r\n\t<script>\r\n\t\tvar sf_columns = 4;\r\n\t<\/script>\r\n\t\r\n\t<style>\r\n\t\t\tul.sf-result > li{\r\n\t\tmargin: 2% 0;\r\n\t\tmargin-right: 2%;\r\n\t\tfloat: left; \r\n\t\twidth: 23.5%;\r\n\t}\r\n\r\n\tul.sf-result > li:nth-child(4n){\r\n\t\tmargin-right: 0;\r\n\t}\r\n\r\n\t\r\n\tul.sf-result > li:nth-child(4n+1){\r\n\t\tclear: both;\r\n\t}\r\n\t\t\t\t.sf-result li{\r\n\t\tborder: 1px solid #37472e;\r\n\t}\r\n\t\t\t.sf-result li{\r\n\t\tbackground: #ffffff;\r\n\t}\r\n\t\r\n\tul.sf-nav > li > span.sf-nav-click{\r\n\t\tbackground: #ffffff;\r\n\t}\r\n\t\t\t\r\n\t\r\n\tul.sf-result > li.sf-noresult{\r\n\t\tfloat: none;\r\n\t\twidth: 100%;\r\n\t\tmargin: 0;\r\n\t}\r\n\t\r\n\t\t<\/style>\r\n\t<div class=\"sf-filter\">\r\n\t\t\t\t\t\t\t<input type=\"hidden\" name=\"wpml\" value=\"es\" \/>\r\n\t\t\t\t<input type=\"hidden\" name=\"search-id\" value=\"1\" \/>\r\n\t\t\t\t\t\t<fieldset data-id=\"1\" data-condkey=\"-1\" data-condval=\"\" class=\"sf-element select\">\r\n\t\t\t<legend><\/legend>\t\r\n\t\t\t\t\t<select id=\"sf-field-1\" name=\"1\"><option value=\"\">Modalidad de Caza<\/option>\t\t\t\t\t<option  value=\"44\">Caza menor<\/option>\r\n\t\t\t\t\t\t\t\t\t\t<option  value=\"43\">Monter\u00eda<\/option>\r\n\t\t\t\t\t\t\t\t\t\t<option  value=\"29\">Rececho<\/option>\r\n\t\t\t\t\t<\/select>\t\t<\/fieldset>\r\n\t\t\t\t\t\t<fieldset data-id=\"2\" style=\"display:none;\"data-condkey=\"1\" data-condval=\"43\" class=\"sf-element-hide select\">\r\n\t\t\t<legend><\/legend>\t\r\n\t\t\t\t\t<select id=\"sf-field-2\" name=\"2\"><option value=\"\">Zona de Monter\u00eda<\/option>\t\t\t\t\t<option  value=\"24\">Albacete<\/option>\r\n\t\t\t\t\t\t\t\t\t\t<option  value=\"25\">Almer\u00eda<\/option>\r\n\t\t\t\t\t\t\t\t\t\t<option  value=\"27\">Andaluc\u00eda<\/option>\r\n\t\t\t\t\t\t\t\t\t\t<option  value=\"49\">Arag\u00f3n<\/option>\r\n\t\t\t\t\t\t\t\t\t\t<option  value=\"37\">Asturias<\/option>\r\n\t\t\t\t\t\t\t\t\t\t<option  value=\"42\">\u00c1vila<\/option>\r\n\t\t\t\t\t\t\t\t\t\t<option  value=\"86\">Badajoz<\/option>\r\n\t\t\t\t\t\t\t\t\t\t<option  value=\"33\">Barcelona<\/option>\r\n\t\t\t\t\t\t\t\t\t\t<option  value=\"62\">Burgos<\/option>\r\n\t\t\t\t\t\t\t\t\t\t<option  value=\"64\">C\u00e1ceres<\/option>\r\n\t\t\t\t\t\t\t\t\t\t<option  value=\"65\">C\u00e1diz<\/option>\r\n\t\t\t\t\t\t\t\t\t\t<option  value=\"66\">Castilla la Mancha<\/option>\r\n\t\t\t\t\t\t\t\t\t\t<option  value=\"67\">Castilla Le\u00f3n<\/option>\r\n\t\t\t\t\t\t\t\t\t\t<option  value=\"63\">Ciudad Real<\/option>\r\n\t\t\t\t\t\t\t\t\t\t<option  value=\"68\">Comunidad Valenciana<\/option>\r\n\t\t\t\t\t\t\t\t\t\t<option  value=\"69\">Cuenca<\/option>\r\n\t\t\t\t\t\t\t\t\t\t<option  value=\"70\">Extremadura<\/option>\r\n\t\t\t\t\t\t\t\t\t\t<option  value=\"71\">Granada<\/option>\r\n\t\t\t\t\t\t\t\t\t\t<option  value=\"72\">Guadalajara<\/option>\r\n\t\t\t\t\t\t\t\t\t\t<option  value=\"73\">Le\u00f3n<\/option>\r\n\t\t\t\t\t\t\t\t\t\t<option  value=\"74\">L\u00e9rida<\/option>\r\n\t\t\t\t\t\t\t\t\t\t<option  value=\"75\">Madrid<\/option>\r\n\t\t\t\t\t\t\t\t\t\t<option  value=\"76\">M\u00e1laga<\/option>\r\n\t\t\t\t\t\t\t\t\t\t<option  value=\"77\">Palma de Mallorca<\/option>\r\n\t\t\t\t\t\t\t\t\t\t<option  value=\"87\">Portugal<\/option>\r\n\t\t\t\t\t\t\t\t\t\t<option  value=\"78\">Salamanca<\/option>\r\n\t\t\t\t\t\t\t\t\t\t<option  value=\"79\">Segovia<\/option>\r\n\t\t\t\t\t\t\t\t\t\t<option  value=\"80\">Sevilla<\/option>\r\n\t\t\t\t\t\t\t\t\t\t<option  value=\"81\">Soria<\/option>\r\n\t\t\t\t\t\t\t\t\t\t<option  value=\"82\">Tarragona<\/option>\r\n\t\t\t\t\t\t\t\t\t\t<option  value=\"83\">Toledo<\/option>\r\n\t\t\t\t\t\t\t\t\t\t<option  value=\"84\">Zamora<\/option>\r\n\t\t\t\t\t\t\t\t\t\t<option  value=\"85\">Zaragoza<\/option>\r\n\t\t\t\t\t<\/select>\t\t<\/fieldset>\r\n\t\t\t\t\t\t<fieldset data-id=\"3\" style=\"display:none;\"data-condkey=\"1\" data-condval=\"44\" class=\"sf-element-hide select\">\r\n\t\t\t<legend><\/legend>\t\r\n\t\t\t\t\t<select id=\"sf-field-3\" name=\"3\"><option value=\"\">Zona de caza menor<\/option>\t\t\t\t\t<option  value=\"24\">Albacete<\/option>\r\n\t\t\t\t\t\t\t\t\t\t<option  value=\"27\">Andaluc\u00eda<\/option>\r\n\t\t\t\t\t\t\t\t\t\t<option  value=\"66\">Castilla la Mancha<\/option>\r\n\t\t\t\t\t\t\t\t\t\t<option  value=\"63\">Ciudad Real<\/option>\r\n\t\t\t\t\t\t\t\t\t\t<option  value=\"72\">Guadalajara<\/option>\r\n\t\t\t\t\t\t\t\t\t\t<option  value=\"75\">Madrid<\/option>\r\n\t\t\t\t\t\t\t\t\t\t<option  value=\"80\">Sevilla<\/option>\r\n\t\t\t\t\t\t\t\t\t\t<option  value=\"83\">Toledo<\/option>\r\n\t\t\t\t\t<\/select>\t\t<\/fieldset>\r\n\t\t\t\t\t\t<fieldset data-id=\"4\" style=\"display:none;\"data-condkey=\"1\" data-condval=\"29\" class=\"sf-element-hide select\">\r\n\t\t\t<legend><\/legend>\t\r\n\t\t\t\t\t<select id=\"sf-field-4\" name=\"4\"><option value=\"\">Zona de rececho<\/option>\t\t\t\t\t<option  value=\"24\">Albacete<\/option>\r\n\t\t\t\t\t\t\t\t\t\t<option  value=\"25\">Almer\u00eda<\/option>\r\n\t\t\t\t\t\t\t\t\t\t<option  value=\"27\">Andaluc\u00eda<\/option>\r\n\t\t\t\t\t\t\t\t\t\t<option  value=\"49\">Arag\u00f3n<\/option>\r\n\t\t\t\t\t\t\t\t\t\t<option  value=\"37\">Asturias<\/option>\r\n\t\t\t\t\t\t\t\t\t\t<option  value=\"42\">\u00c1vila<\/option>\r\n\t\t\t\t\t\t\t\t\t\t<option  value=\"86\">Badajoz<\/option>\r\n\t\t\t\t\t\t\t\t\t\t<option  value=\"33\">Barcelona<\/option>\r\n\t\t\t\t\t\t\t\t\t\t<option  value=\"62\">Burgos<\/option>\r\n\t\t\t\t\t\t\t\t\t\t<option  value=\"64\">C\u00e1ceres<\/option>\r\n\t\t\t\t\t\t\t\t\t\t<option  value=\"65\">C\u00e1diz<\/option>\r\n\t\t\t\t\t\t\t\t\t\t<option  value=\"66\">Castilla la Mancha<\/option>\r\n\t\t\t\t\t\t\t\t\t\t<option  value=\"67\">Castilla Le\u00f3n<\/option>\r\n\t\t\t\t\t\t\t\t\t\t<option  value=\"63\">Ciudad Real<\/option>\r\n\t\t\t\t\t\t\t\t\t\t<option  value=\"68\">Comunidad Valenciana<\/option>\r\n\t\t\t\t\t\t\t\t\t\t<option  value=\"69\">Cuenca<\/option>\r\n\t\t\t\t\t\t\t\t\t\t<option  value=\"70\">Extremadura<\/option>\r\n\t\t\t\t\t\t\t\t\t\t<option  value=\"71\">Granada<\/option>\r\n\t\t\t\t\t\t\t\t\t\t<option  value=\"72\">Guadalajara<\/option>\r\n\t\t\t\t\t\t\t\t\t\t<option  value=\"73\">Le\u00f3n<\/option>\r\n\t\t\t\t\t\t\t\t\t\t<option  value=\"74\">L\u00e9rida<\/option>\r\n\t\t\t\t\t\t\t\t\t\t<option  value=\"75\">Madrid<\/option>\r\n\t\t\t\t\t\t\t\t\t\t<option  value=\"76\">M\u00e1laga<\/option>\r\n\t\t\t\t\t\t\t\t\t\t<option  value=\"94\">Palencia<\/option>\r\n\t\t\t\t\t\t\t\t\t\t<option  value=\"77\">Palma de Mallorca<\/option>\r\n\t\t\t\t\t\t\t\t\t\t<option  value=\"87\">Portugal<\/option>\r\n\t\t\t\t\t\t\t\t\t\t<option  value=\"78\">Salamanca<\/option>\r\n\t\t\t\t\t\t\t\t\t\t<option  value=\"79\">Segovia<\/option>\r\n\t\t\t\t\t\t\t\t\t\t<option  value=\"80\">Sevilla<\/option>\r\n\t\t\t\t\t\t\t\t\t\t<option  value=\"81\">Soria<\/option>\r\n\t\t\t\t\t\t\t\t\t\t<option  value=\"82\">Tarragona<\/option>\r\n\t\t\t\t\t\t\t\t\t\t<option  value=\"93\">Teruel<\/option>\r\n\t\t\t\t\t\t\t\t\t\t<option  value=\"83\">Toledo<\/option>\r\n\t\t\t\t\t\t\t\t\t\t<option  value=\"84\">Zamora<\/option>\r\n\t\t\t\t\t\t\t\t\t\t<option  value=\"85\">Zaragoza<\/option>\r\n\t\t\t\t\t<\/select>\t\t<\/fieldset>\r\n\t\t\t<\/div>\r\n\t\t\t\t\t\t\r\n\t\t<ul class=\"sf-result\">\r\n\t\t\t<\/ul>\t\r\n\t\t<ul class=\"sf-nav\">\r\n\t\t\t\r\n\t<\/ul>\t\r\n\t<\/div>\r\n\r\n\t\t\t\t\r\n\t[\/vc_column_text][\/vc_column][\/vc_row][vc_row full_width=&#8221;stretch_row&#8221; parallax=&#8221;content-moving&#8221; css=&#8221;.vc_custom_1514967259995{margin-top: 0px !important;padding-top: 0px !important;}&#8221;][vc_column css=&#8221;.vc_custom_1514967240625{margin-top: 0px !important;padding-top: 0px !important;}&#8221;][vc_empty_space height=&#8221;30px&#8221;][\/vc_column][\/vc_row]<\/p>\n","protected":false},"excerpt":{"rendered":"<p>[vc_row full_width=&#8221;stretch_row&#8221; css=&#8221;.vc_custom_1514895049029{margin-bottom: 0px !important;border-bottom-width: 0px !important;padding-bottom: 0px !important;background-color: #ffffff !important;}&#8221;][vc_column css=&#8221;.vc_custom_1514906841842{margin-top: 0px !important;margin-bottom: 0px !important;border-top-width: 0px !important;border-bottom-width: 0px !important;padding-top: 0px !important;padding-bottom: 0px !important;}&#8221;][vc_column_text]Tras m\u00e1s de una d\u00e9cada dedicada a <\/p>\n","protected":false},"author":2,"featured_media":0,"parent":0,"menu_order":0,"comment_status":"closed","ping_status":"closed","template":"","meta":{"_joinchat":[],"footnotes":""},"_links":{"self":[{"href":"https:\/\/prohuntingspain.com\/es\/wp-json\/wp\/v2\/pages\/1447"}],"collection":[{"href":"https:\/\/prohuntingspain.com\/es\/wp-json\/wp\/v2\/pages"}],"about":[{"href":"https:\/\/prohuntingspain.com\/es\/wp-json\/wp\/v2\/types\/page"}],"author":[{"embeddable":true,"href":"https:\/\/prohuntingspain.com\/es\/wp-json\/wp\/v2\/users\/2"}],"replies":[{"embeddable":true,"href":"https:\/\/prohuntingspain.com\/es\/wp-json\/wp\/v2\/comments?post=1447"}],"version-history":[{"count":21,"href":"https:\/\/prohuntingspain.com\/es\/wp-json\/wp\/v2\/pages\/1447\/revisions"}],"predecessor-version":[{"id":3538,"href":"https:\/\/prohuntingspain.com\/es\/wp-json\/wp\/v2\/pages\/1447\/revisions\/3538"}],"wp:attachment":[{"href":"https:\/\/prohuntingspain.com\/es\/wp-json\/wp\/v2\/media?parent=1447"}],"curies":[{"name":"wp","href":"https:\/\/api.w.org\/{rel}","templated":true}]}}