{"id":1664,"date":"2018-01-04T14:16:49","date_gmt":"2018-01-04T13:16:49","guid":{"rendered":"https:\/\/prohuntingspain.com\/?page_id=1664"},"modified":"2018-03-09T13:25:32","modified_gmt":"2018-03-09T12:25:32","slug":"monteria","status":"publish","type":"page","link":"https:\/\/prohuntingspain.com\/es\/monteria\/","title":{"rendered":"Monter\u00eda"},"content":{"rendered":"<p>[vc_row css=&#8221;.vc_custom_1514894983556{margin-top: 0px !important;margin-bottom: 0px !important;border-top-width: 0px !important;border-bottom-width: 0px !important;padding-top: 0px !important;padding-bottom: 0px !important;}&#8221;][vc_column width=&#8221;1\/4&#8243; css=&#8221;.vc_custom_1514894992266{margin-top: 0px !important;margin-bottom: 0px !important;border-top-width: 0px !important;border-bottom-width: 0px !important;padding-top: 0px !important;padding-bottom: 0px !important;}&#8221;][\/vc_column][vc_column width=&#8221;1\/2&#8243; css=&#8221;.vc_custom_1520515571611{padding-top: 0px !important;padding-right: 0px !important;padding-bottom: 0px !important;padding-left: 0px !important;}&#8221;]<div class=\"widget-icon-box widget-icon-box-base monteria-icon-principal iconbox-center\"><div class=\"box-icon icon-image \" style=\"width:80px\"><img decoding=\"async\" src=\"https:\/\/prohuntingspain.com\/wp-content\/uploads\/2018\/02\/ciervo-ico-1.png\" alt=\"\"><\/div><\/div>[vc_column_text]<\/p>\n<h2 style=\"text-align: center;\">Monter\u00eda<\/h2>\n<p>[\/vc_column_text][\/vc_column][vc_column width=&#8221;1\/4&#8243;][\/vc_column][\/vc_row][vc_row css=&#8221;.vc_custom_1515075718910{margin-top: 0px !important;border-top-width: 0px !important;padding-top: 0px !important;}&#8221;][vc_column css=&#8221;.vc_custom_1515072071897{margin-top: 0px !important;margin-bottom: 0px !important;border-top-width: 0px !important;border-bottom-width: 0px !important;padding-top: 0px !important;padding-bottom: 0px !important;}&#8221;][vc_column_text el_class=&#8221;slider-copia-woo&#8221;][supsystic-slider id=1 ][\/vc_column_text][vc_column_text css=&#8221;.vc_custom_1520591965147{margin-top: 40px !important;}&#8221;]<\/p>\n<h2 style=\"margin-bottom: 30px;\">Descripci\u00f3n<\/h2>\n<p>La\u00a0monter\u00eda\u00a0es la m\u00e1s antigua y tradicional forma de caza en Espa\u00f1a. Es un tipo de caza en batida dirigido a\u00a0jabal\u00edes, venados, muflones y\u00a0gamos. Es un espect\u00e1culo \u00fanico por su gran colorido, belleza y emoci\u00f3n. En \u00e9l participan un gran n\u00famero de perros, cazadores y caballos.<\/p>\n<p>Nuestras monter\u00edas tienen una calidad extraordinaria. Cuidamos todos los detalles, manteniendo la tradici\u00f3n intacta, comenzando con un desayuno campero y cazando con un gran n\u00famero de rehalas mulas y caballos. Suelen contar con de\u00a05 a 25 puestos, y en ellas es f\u00e1cil\u00a0conseguir varios buenos trofeos por persona y d\u00eda.<\/p>\n<table class=\"tours-tabs_table\">\n<tbody>\n<tr>\n<td><strong>TEMPORADA<\/strong><\/td>\n<td>De Octubre a Febrero.<\/td>\n<\/tr>\n<tr>\n<td><strong>\u00c1REAS DE CAZA<\/strong><\/td>\n<td>En Castilla La Mancha, Castilla y Le\u00f3n, Extremadura y Andaluc\u00eda.<\/td>\n<\/tr>\n<tr>\n<td><strong>AEROPUERTO RECOMENDADO<\/strong><\/td>\n<td>Madrid.<\/td>\n<\/tr>\n<\/tbody>\n<\/table>\n<p>[\/vc_column_text][vc_empty_space height=&#8221;40px&#8221;][\/vc_column][\/vc_row][vc_row css=&#8221;.vc_custom_1514894983556{margin-top: 0px !important;margin-bottom: 0px !important;border-top-width: 0px !important;border-bottom-width: 0px !important;padding-top: 0px !important;padding-bottom: 0px !important;}&#8221;][vc_column css=&#8221;.vc_custom_1514894992266{margin-top: 0px !important;margin-bottom: 0px !important;border-top-width: 0px !important;border-bottom-width: 0px !important;padding-top: 0px !important;padding-bottom: 0px !important;}&#8221;][vc_empty_space height=&#8221;40px&#8221;]<div class=\"shortcode_title shortcode-title-style_1\"><h3 class=\"title_primary\">NUESTRAS FINCAS DE CAZA<\/h3><span class=\"line_after_title\"><\/span><\/div>[\/vc_column][\/vc_row][vc_row css=&#8221;.vc_custom_1515075732028{margin-top: 0px !important;border-top-width: 0px !important;padding-top: 0px !important;}&#8221;][vc_column css=&#8221;.vc_custom_1515072071897{margin-top: 0px !important;margin-bottom: 0px !important;border-top-width: 0px !important;border-bottom-width: 0px !important;padding-top: 0px !important;padding-bottom: 0px !important;}&#8221;][vc_column_text]Disponemos de fincas con gran tradici\u00f3n montera a tan solo treinta minutos en coche del aeropuerto de Madrid, y muy cerca de ciudades como Sevilla, Valencia y C\u00e1ceres, con accesos f\u00e1ciles y muy bien comunicadas.[\/vc_column_text][vc_empty_space height=&#8221;40px&#8221;][vc_raw_html]JTNDZGl2JTIwY2xhc3MlM0QlMjJsaXN0LWNvbnRlbnQlMjBtYXBfdGFiX2xpc3QlMjB0b3BfY29udGVudF9zaW5nbGUlMjIlMjBpZCUzRCUyMnNjcm9sbC1tYXBfdGFiJTIyJTNFJTBBJTA5JTNDaDIlMjBjbGFzcyUzRCUyMnRpdGxlLWxpc3QtY29udGVudCUyMiUzRSVDMyU4MXJlYXMlMjBkZSUyMGNhemElM0MlMkZoMiUzRSUwQSUwOSUzQ2RpdiUyMGNvbnRlbnQlM0QlMjJjb250ZW50LWlubmVyJTIyJTNFJTBBJTA5JTA5JTNDZGl2JTIwY2xhc3MlM0QlMjJtYXBhLXpvbmFzJTIyJTNFJTBBJTA5JTA5JTA5JTNDaW1nJTIwc3JjJTNEJTIyaHR0cCUzQSUyRiUyRnNwYWlucHJvZmVzc2lvbmFsaHVudGVycy5jb20lMkZ3cC1jb250ZW50JTJGdXBsb2FkcyUyRjIwMTclMkYxMiUyRm1hcGEtZXNwYW5hLnBuZyUyMiUzRSUwQSUwOSUwOSUwOSUzQ3VsJTNFJTBBJTA5JTA5JTA5JTA5JTNDbGklMjBjbGFzcyUzRCUyMnpvbmEtbWFwYSUyMHpvbmEtbWFwYS1hbmRhbHVjaWElMjIlM0UlMEElMDklMDklMDklMDklMDklM0NhJTIwaHJlZiUzRCUyMmh0dHAlM0ElMkYlMkZzcGFpbnByb2Zlc3Npb25hbGh1bnRlcnMuY29tJTJGdG91ci16b25hLWRlLWNhemElMkZhbmRhbHVjaWElMjIlMjBkYXRhLXRvZ2dsZSUzRCUyMnRvb2x0aXAlMjIlMjBkYXRhLXBsYWNlbWVudCUzRCUyMnRvcCUyMiUyMHRpdGxlJTNEJTIyJTIyJTIwZGF0YS1vcmlnaW5hbC10aXRsZSUzRCUyMkFuZGFsdWMlQzMlQURhJTIyJTNFJTBBJTA5JTA5JTA5JTA5JTA5JTA5JTNDaW1nJTIwc3JjJTNEJTIyaHR0cCUzQSUyRiUyRnNwYWlucHJvZmVzc2lvbmFsaHVudGVycy5jb20lMkZ3cC1jb250ZW50JTJGdXBsb2FkcyUyRjIwMTclMkYxMiUyRmh1bnRpbmctaWNvbi5wbmclMjIlM0UlMEElMDklMDklMDklMDklMDklM0MlMkZhJTNFJTBBJTA5JTA5JTA5JTA5JTNDJTJGbGklM0UlMEElMDklMDklMDklMDklM0NsaSUyMGNsYXNzJTNEJTIyem9uYS1tYXBhJTIwem9uYS1tYXBhLWNhc3RpbGxhLWxhLW1hbmNoYSUyMiUzRSUwQSUwOSUwOSUwOSUwOSUwOSUzQ2ElMjBocmVmJTNEJTIyaHR0cCUzQSUyRiUyRnNwYWlucHJvZmVzc2lvbmFsaHVudGVycy5jb20lMkZ0b3VyLXpvbmEtZGUtY2F6YSUyRmNhc3RpbGxhLWxhLW1hbmNoYSUyMiUyMGRhdGEtdG9nZ2xlJTNEJTIydG9vbHRpcCUyMiUyMGRhdGEtcGxhY2VtZW50JTNEJTIydG9wJTIyJTIwdGl0bGUlM0QlMjIlMjIlMjBkYXRhLW9yaWdpbmFsLXRpdGxlJTNEJTIyQ2FzdGlsbGElMjBsYSUyME1hbmNoYSUyMiUzRSUwQSUwOSUwOSUwOSUwOSUwOSUwOSUzQ2ltZyUyMHNyYyUzRCUyMmh0dHAlM0ElMkYlMkZzcGFpbnByb2Zlc3Npb25hbGh1bnRlcnMuY29tJTJGd3AtY29udGVudCUyRnVwbG9hZHMlMkYyMDE3JTJGMTIlMkZodW50aW5nLWljb24ucG5nJTIyJTNFJTBBJTA5JTA5JTA5JTA5JTA5JTNDJTJGYSUzRSUwQSUwOSUwOSUwOSUwOSUzQyUyRmxpJTNFJTBBJTA5JTA5JTA5JTA5JTNDbGklMjBjbGFzcyUzRCUyMnpvbmEtbWFwYSUyMHpvbmEtbWFwYS1jYXN0aWxsYS1sZW9uJTIyJTNFJTBBJTA5JTA5JTA5JTA5JTA5JTNDYSUyMGhyZWYlM0QlMjJodHRwJTNBJTJGJTJGc3BhaW5wcm9mZXNzaW9uYWxodW50ZXJzLmNvbSUyRnRvdXItem9uYS1kZS1jYXphJTJGY2FzdGlsbGEtbGVvbiUyMiUyMGRhdGEtdG9nZ2xlJTNEJTIydG9vbHRpcCUyMiUyMGRhdGEtcGxhY2VtZW50JTNEJTIydG9wJTIyJTIwdGl0bGUlM0QlMjIlMjIlMjBkYXRhLW9yaWdpbmFsLXRpdGxlJTNEJTIyQ2FzdGlsbGElMjBMZSVDMyVCM24lMjIlM0UlMEElMDklMDklMDklMDklMDklMDklM0NpbWclMjBzcmMlM0QlMjJodHRwJTNBJTJGJTJGc3BhaW5wcm9mZXNzaW9uYWxodW50ZXJzLmNvbSUyRndwLWNvbnRlbnQlMkZ1cGxvYWRzJTJGMjAxNyUyRjEyJTJGaHVudGluZy1pY29uLnBuZyUyMiUzRSUwQSUwOSUwOSUwOSUwOSUwOSUzQyUyRmElM0UlMEElMDklMDklMDklMDklM0MlMkZsaSUzRSUwQSUwOSUwOSUwOSUwOSUzQ2xpJTIwY2xhc3MlM0QlMjJ6b25hLW1hcGElMjB6b25hLW1hcGEtZXh0cmVtYWR1cmElMjIlM0UlMEElMDklMDklMDklMDklMDklM0NhJTIwaHJlZiUzRCUyMmh0dHAlM0ElMkYlMkZzcGFpbnByb2Zlc3Npb25hbGh1bnRlcnMuY29tJTJGdG91ci16b25hLWRlLWNhemElMkZleHRyZW1hZHVyYSUyMiUyMGRhdGEtdG9nZ2xlJTNEJTIydG9vbHRpcCUyMiUyMGRhdGEtcGxhY2VtZW50JTNEJTIydG9wJTIyJTIwdGl0bGUlM0QlMjIlMjIlMjBkYXRhLW9yaWdpbmFsLXRpdGxlJTNEJTIyRXh0cmVtYWR1cmElMjIlM0UlMEElMDklMDklMDklMDklMDklMDklM0NpbWclMjBzcmMlM0QlMjJodHRwJTNBJTJGJTJGc3BhaW5wcm9mZXNzaW9uYWxodW50ZXJzLmNvbSUyRndwLWNvbnRlbnQlMkZ1cGxvYWRzJTJGMjAxNyUyRjEyJTJGaHVudGluZy1pY29uLnBuZyUyMiUzRSUwQSUwOSUwOSUwOSUwOSUwOSUzQyUyRmElM0UlMEElMDklMDklMDklMDklM0MlMkZsaSUzRSUwQSUwOSUwOSUwOSUzQyUyRnVsJTNFJTBBJTA5JTA5JTNDJTJGZGl2JTNFJTBBJTA5JTA5JTNDZGl2JTIwY2xhc3MlM0QlMjJsaXN0YWRvLXpvbmFzJTIyJTNFJTBBJTA5JTA5JTA5JTNDdWwlM0UlMEElMDklMDklMDklMDklM0NsaSUzRSUzQ2ElMjBocmVmJTNEJTIyaHR0cCUzQSUyRiUyRnNwYWlucHJvZmVzc2lvbmFsaHVudGVycy5jb20lMkZ0b3VyLXpvbmEtZGUtY2F6YSUyRmFuZGFsdWNpYSUyMiUyMGRhdGEtdG9nZ2xlJTNEJTIydG9vbHRpcCUyMiUyMGRhdGEtcGxhY2VtZW50JTNEJTIydG9wJTIyJTIwdGl0bGUlM0QlMjIlMjIlMjBkYXRhLW9yaWdpbmFsLXRpdGxlJTNEJTIyQW5kYWx1YyVDMyVBRGElMjIlM0VBbmRhbHVjJUMzJUFEYSUzQyUyRmElM0UlM0MlMkZsaSUzRSUwQSUwOSUwOSUwOSUwOSUzQ2xpJTNFJTNDYSUyMGhyZWYlM0QlMjJodHRwJTNBJTJGJTJGc3BhaW5wcm9mZXNzaW9uYWxodW50ZXJzLmNvbSUyRnRvdXItem9uYS1kZS1jYXphJTJGY2FzdGlsbGEtbGEtbWFuY2hhJTIyJTIwZGF0YS10b2dnbGUlM0QlMjJ0b29sdGlwJTIyJTIwZGF0YS1wbGFjZW1lbnQlM0QlMjJ0b3AlMjIlMjB0aXRsZSUzRCUyMiUyMiUyMGRhdGEtb3JpZ2luYWwtdGl0bGUlM0QlMjJDYXN0aWxsYSUyMGxhJTIwTWFuY2hhJTIyJTNFQ2FzdGlsbGElMjBsYSUyME1hbmNoYSUzQyUyRmElM0UlM0MlMkZsaSUzRSUwQSUwOSUwOSUwOSUwOSUzQ2xpJTNFJTNDYSUyMGhyZWYlM0QlMjJodHRwJTNBJTJGJTJGc3BhaW5wcm9mZXNzaW9uYWxodW50ZXJzLmNvbSUyRnRvdXItem9uYS1kZS1jYXphJTJGY2FzdGlsbGEtbGVvbiUyMiUyMGRhdGEtdG9nZ2xlJTNEJTIydG9vbHRpcCUyMiUyMGRhdGEtcGxhY2VtZW50JTNEJTIydG9wJTIyJTIwdGl0bGUlM0QlMjIlMjIlMjBkYXRhLW9yaWdpbmFsLXRpdGxlJTNEJTIyQ2FzdGlsbGElMjBMZSVDMyVCM24lMjIlM0VDYXN0aWxsYSUyMExlJUMzJUIzbiUzQyUyRmElM0UlM0MlMkZsaSUzRSUwQSUwOSUwOSUwOSUwOSUzQ2xpJTNFJTNDYSUyMGhyZWYlM0QlMjJodHRwJTNBJTJGJTJGc3BhaW5wcm9mZXNzaW9uYWxodW50ZXJzLmNvbSUyRnRvdXItem9uYS1kZS1jYXphJTJGZXh0cmVtYWR1cmElMjIlMjBkYXRhLXRvZ2dsZSUzRCUyMnRvb2x0aXAlMjIlMjBkYXRhLXBsYWNlbWVudCUzRCUyMnRvcCUyMiUyMHRpdGxlJTNEJTIyJTIyJTIwZGF0YS1vcmlnaW5hbC10aXRsZSUzRCUyMkV4dHJlbWFkdXJhJTIyJTNFRXh0cmVtYWR1cmElM0MlMkZhJTNFJTNDJTJGbGklM0UlMEElMDklMDklMDklM0MlMkZ1bCUzRSUwQSUwOSUwOSUzQyUyRmRpdiUzRSUwQSUwOSUwOSUzQ2RpdiUyMHN0eWxlJTNEJTIyY2xlYXIlM0Fib3RoJTNCJTIyJTNFJTNDJTJGZGl2JTNFJTBBJTA5JTNDJTJGZGl2JTNFJTBBJTNDJTJGZGl2JTNF[\/vc_raw_html][\/vc_column][\/vc_row][vc_row full_width=&#8221;stretch_row&#8221; parallax=&#8221;content-moving&#8221; parallax_image=&#8221;1228&#8243;][vc_column][vc_empty_space height=&#8221;30px&#8221;]<div class=\"shortcode_title shortcode-title-style_1\" style=\"color:#ffffff\"><h3 class=\"title_primary\">ESPECIES<\/h3><span class=\"line_after_title\" style=\"color:#ffffff\"><\/span><\/div><div class=\"row wrapper-tours-slider\"><div class=\"list_content content_tour_style_1 tours-type-slider\"data-dots=\"true\" data-nav=\"true\" data-responsive='{\"0\":{\"items\":1}, \"480\":{\"items\":2}, \"768\":{\"items\":2}, \"992\":{\"items\":3}, \"1200\":{\"items\":4}}'><div class=\"item-tour\"><div class=\"item_border\">\n\t<div class=\"item_content\">\n\t\t<div class=\"post_images\">\n\t\t\t<a href=\"https:\/\/prohuntingspain.com\/es\/tours\/ciervo\/\" class=\"woocommerce-LoopProduct-link woocommerce-loop-product__link\">\n<img fetchpriority=\"high\" decoding=\"async\" width=\"430\" height=\"305\" src=\"\/\/prohuntingspain.com\/wp-content\/uploads\/2017\/12\/venado-01-430x305.jpg\" class=\"attachment-shop_catalog size-shop_catalog wp-post-image\" alt=\"\" srcset=\"\/\/prohuntingspain.com\/wp-content\/uploads\/2017\/12\/venado-01-430x305.jpg 430w, \/\/prohuntingspain.com\/wp-content\/uploads\/2017\/12\/venado-01-768x545.jpg 768w, \/\/prohuntingspain.com\/wp-content\/uploads\/2017\/12\/venado-01.jpg 860w\" sizes=\"(max-width: 430px) 100vw, 430px\" \/><\/a><div class=\"group-icon\"><a class=\"term-id-43\"href=\"https:\/\/prohuntingspain.com\/es\/tour-category\/monteria\/\" data-toggle=\"tooltip\" data-placement=\"top\" title=\"Monter\u00eda\" class=\"frist\"><img decoding=\"async\" src=\"https:\/\/prohuntingspain.com\/wp-content\/uploads\/2018\/02\/ciervo-blanco-24x24.png\" alt=\"Monter\u00eda\"><\/a><a class=\"term-id-29\"href=\"https:\/\/prohuntingspain.com\/es\/tour-category\/rececho\/\" data-toggle=\"tooltip\" data-placement=\"top\" title=\"Rececho\"><img decoding=\"async\" src=\"https:\/\/prohuntingspain.com\/wp-content\/uploads\/2017\/12\/rececho-icon.png\" alt=\"Rececho\"><\/a><\/div>\t\t<\/div>\n\t\t<div class=\"wrapper_content\">\n\t\t\t<div class=\"post_title\"><h4><a href=\"https:\/\/prohuntingspain.com\/es\/tours\/ciervo\/\" rel=\"bookmark\">Ciervo<\/a><\/h4><\/div><div class=\"description\"><p>En Espa\u00f1a, encontramos en muchos de sus bosques la posibilidad de cazar el Ciervo a rececho.<\/p>\n<\/div>\t\t<\/div>\n\t<\/div>\n\t<div class=\"read_more\">\n\t\t\n<div class=\"item_rating\"><div class=\"star-rating\" title=\"\"><span style=\"width:0\"><\/span><\/div><\/div><a rel=\"nofollow\" href=\"https:\/\/prohuntingspain.com\/es\/tours\/ciervo\/\" data-quantity=\"1\" data-product_id=\"1358\" data-product_sku=\"\" class=\"button product_type_tour_phys\">Leer m\u00e1s<\/a>\t<\/div>\n<\/div><\/div><div class=\"item-tour\"><div class=\"item_border\">\n\t<div class=\"item_content\">\n\t\t<div class=\"post_images\">\n\t\t\t<a href=\"https:\/\/prohuntingspain.com\/es\/tours\/gamo\/\" class=\"woocommerce-LoopProduct-link woocommerce-loop-product__link\">\n<img decoding=\"async\" width=\"430\" height=\"305\" src=\"\/\/prohuntingspain.com\/wp-content\/uploads\/2017\/12\/gamo-01-430x305.jpg\" class=\"attachment-shop_catalog size-shop_catalog wp-post-image\" alt=\"\" srcset=\"\/\/prohuntingspain.com\/wp-content\/uploads\/2017\/12\/gamo-01-430x305.jpg 430w, \/\/prohuntingspain.com\/wp-content\/uploads\/2017\/12\/gamo-01-768x545.jpg 768w, \/\/prohuntingspain.com\/wp-content\/uploads\/2017\/12\/gamo-01.jpg 860w\" sizes=\"(max-width: 430px) 100vw, 430px\" \/><\/a><div class=\"group-icon\"><a class=\"term-id-43\"href=\"https:\/\/prohuntingspain.com\/es\/tour-category\/monteria\/\" data-toggle=\"tooltip\" data-placement=\"top\" title=\"Monter\u00eda\" class=\"frist\"><img decoding=\"async\" src=\"https:\/\/prohuntingspain.com\/wp-content\/uploads\/2018\/02\/ciervo-blanco-24x24.png\" alt=\"Monter\u00eda\"><\/a><a class=\"term-id-29\"href=\"https:\/\/prohuntingspain.com\/es\/tour-category\/rececho\/\" data-toggle=\"tooltip\" data-placement=\"top\" title=\"Rececho\"><img decoding=\"async\" src=\"https:\/\/prohuntingspain.com\/wp-content\/uploads\/2017\/12\/rececho-icon.png\" alt=\"Rececho\"><\/a><\/div>\t\t<\/div>\n\t\t<div class=\"wrapper_content\">\n\t\t\t<div class=\"post_title\"><h4><a href=\"https:\/\/prohuntingspain.com\/es\/tours\/gamo\/\" rel=\"bookmark\">Gamo<\/a><\/h4><\/div><div class=\"description\"><p>En algunos bosques de Espa\u00f1a, encontramos esta emblem\u00e1tica especie que cazamos a rececho.<\/p>\n<\/div>\t\t<\/div>\n\t<\/div>\n\t<div class=\"read_more\">\n\t\t\n<div class=\"item_rating\"><div class=\"star-rating\" title=\"\"><span style=\"width:0\"><\/span><\/div><\/div><a rel=\"nofollow\" href=\"https:\/\/prohuntingspain.com\/es\/tours\/gamo\/\" data-quantity=\"1\" data-product_id=\"1372\" data-product_sku=\"\" class=\"button product_type_tour_phys\">Leer m\u00e1s<\/a>\t<\/div>\n<\/div><\/div><div class=\"item-tour\"><div class=\"item_border\">\n\t<div class=\"item_content\">\n\t\t<div class=\"post_images\">\n\t\t\t<a href=\"https:\/\/prohuntingspain.com\/es\/tours\/jabali\/\" class=\"woocommerce-LoopProduct-link woocommerce-loop-product__link\">\n<img decoding=\"async\" width=\"430\" height=\"305\" src=\"\/\/prohuntingspain.com\/wp-content\/uploads\/2017\/12\/jabali-01-430x305.jpg\" class=\"attachment-shop_catalog size-shop_catalog wp-post-image\" alt=\"wild boar hunting season in spain\" srcset=\"\/\/prohuntingspain.com\/wp-content\/uploads\/2017\/12\/jabali-01-430x305.jpg 430w, \/\/prohuntingspain.com\/wp-content\/uploads\/2017\/12\/jabali-01-768x545.jpg 768w, \/\/prohuntingspain.com\/wp-content\/uploads\/2017\/12\/jabali-01.jpg 860w\" sizes=\"(max-width: 430px) 100vw, 430px\" \/><\/a><div class=\"group-icon\"><a class=\"term-id-43\"href=\"https:\/\/prohuntingspain.com\/es\/tour-category\/monteria\/\" data-toggle=\"tooltip\" data-placement=\"top\" title=\"Monter\u00eda\" class=\"frist\"><img decoding=\"async\" src=\"https:\/\/prohuntingspain.com\/wp-content\/uploads\/2018\/02\/ciervo-blanco-24x24.png\" alt=\"Monter\u00eda\"><\/a><a class=\"term-id-29\"href=\"https:\/\/prohuntingspain.com\/es\/tour-category\/rececho\/\" data-toggle=\"tooltip\" data-placement=\"top\" title=\"Rececho\"><img decoding=\"async\" src=\"https:\/\/prohuntingspain.com\/wp-content\/uploads\/2017\/12\/rececho-icon.png\" alt=\"Rececho\"><\/a><\/div>\t\t<\/div>\n\t\t<div class=\"wrapper_content\">\n\t\t\t<div class=\"post_title\"><h4><a href=\"https:\/\/prohuntingspain.com\/es\/tours\/jabali\/\" rel=\"bookmark\">Jabal\u00ed<\/a><\/h4><\/div><div class=\"description\"><p>El jabal\u00ed es una de las cacer\u00edas m\u00e1s emocionantes de las que podemos disfrutar.<\/p>\n<\/div>\t\t<\/div>\n\t<\/div>\n\t<div class=\"read_more\">\n\t\t\n<div class=\"item_rating\"><div class=\"star-rating\" title=\"\"><span style=\"width:0\"><\/span><\/div><\/div><a rel=\"nofollow\" href=\"https:\/\/prohuntingspain.com\/es\/tours\/jabali\/\" data-quantity=\"1\" data-product_id=\"1379\" data-product_sku=\"\" class=\"button product_type_tour_phys\">Leer m\u00e1s<\/a>\t<\/div>\n<\/div><\/div><div class=\"item-tour\"><div class=\"item_border\">\n\t<div class=\"item_content\">\n\t\t<div class=\"post_images\">\n\t\t\t<a href=\"https:\/\/prohuntingspain.com\/es\/tours\/lobo-iberico\/\" class=\"woocommerce-LoopProduct-link woocommerce-loop-product__link\">\n<img loading=\"lazy\" decoding=\"async\" width=\"430\" height=\"305\" src=\"\/\/prohuntingspain.com\/wp-content\/uploads\/2017\/12\/lobo-1-430x305.jpg\" class=\"attachment-shop_catalog size-shop_catalog wp-post-image\" alt=\"\" srcset=\"\/\/prohuntingspain.com\/wp-content\/uploads\/2017\/12\/lobo-1-430x305.jpg 430w, \/\/prohuntingspain.com\/wp-content\/uploads\/2017\/12\/lobo-1-768x545.jpg 768w, \/\/prohuntingspain.com\/wp-content\/uploads\/2017\/12\/lobo-1.jpg 860w\" sizes=\"(max-width: 430px) 100vw, 430px\" \/><\/a><div class=\"group-icon\"><a class=\"term-id-43\"href=\"https:\/\/prohuntingspain.com\/es\/tour-category\/monteria\/\" data-toggle=\"tooltip\" data-placement=\"top\" title=\"Monter\u00eda\" class=\"frist\"><img decoding=\"async\" src=\"https:\/\/prohuntingspain.com\/wp-content\/uploads\/2018\/02\/ciervo-blanco-24x24.png\" alt=\"Monter\u00eda\"><\/a><a class=\"term-id-29\"href=\"https:\/\/prohuntingspain.com\/es\/tour-category\/rececho\/\" data-toggle=\"tooltip\" data-placement=\"top\" title=\"Rececho\"><img decoding=\"async\" src=\"https:\/\/prohuntingspain.com\/wp-content\/uploads\/2017\/12\/rececho-icon.png\" alt=\"Rececho\"><\/a><\/div>\t\t<\/div>\n\t\t<div class=\"wrapper_content\">\n\t\t\t<div class=\"post_title\"><h4><a href=\"https:\/\/prohuntingspain.com\/es\/tours\/lobo-iberico\/\" rel=\"bookmark\">Lobo Ib\u00e9rico<\/a><\/h4><\/div><div class=\"description\"><p>Se trata de uno de los animales m\u00e1s exigentes e inteligentes de nuestra fauna.<\/p>\n<\/div>\t\t<\/div>\n\t<\/div>\n\t<div class=\"read_more\">\n\t\t\n<div class=\"item_rating\"><div class=\"star-rating\" title=\"\"><span style=\"width:0\"><\/span><\/div><\/div><a rel=\"nofollow\" href=\"https:\/\/prohuntingspain.com\/es\/tours\/lobo-iberico\/\" data-quantity=\"1\" data-product_id=\"1386\" data-product_sku=\"\" class=\"button product_type_tour_phys\">Leer m\u00e1s<\/a>\t<\/div>\n<\/div><\/div><div class=\"item-tour\"><div class=\"item_border\">\n\t<div class=\"item_content\">\n\t\t<div class=\"post_images\">\n\t\t\t<a href=\"https:\/\/prohuntingspain.com\/es\/tours\/muflon\/\" class=\"woocommerce-LoopProduct-link woocommerce-loop-product__link\">\n<img loading=\"lazy\" decoding=\"async\" width=\"430\" height=\"305\" src=\"\/\/prohuntingspain.com\/wp-content\/uploads\/2017\/12\/muflon-01-430x305.jpg\" class=\"attachment-shop_catalog size-shop_catalog wp-post-image\" alt=\"\" srcset=\"\/\/prohuntingspain.com\/wp-content\/uploads\/2017\/12\/muflon-01-430x305.jpg 430w, \/\/prohuntingspain.com\/wp-content\/uploads\/2017\/12\/muflon-01-768x545.jpg 768w, \/\/prohuntingspain.com\/wp-content\/uploads\/2017\/12\/muflon-01.jpg 860w\" sizes=\"(max-width: 430px) 100vw, 430px\" \/><\/a><div class=\"group-icon\"><a class=\"term-id-43\"href=\"https:\/\/prohuntingspain.com\/es\/tour-category\/monteria\/\" data-toggle=\"tooltip\" data-placement=\"top\" title=\"Monter\u00eda\" class=\"frist\"><img decoding=\"async\" src=\"https:\/\/prohuntingspain.com\/wp-content\/uploads\/2018\/02\/ciervo-blanco-24x24.png\" alt=\"Monter\u00eda\"><\/a><a class=\"term-id-29\"href=\"https:\/\/prohuntingspain.com\/es\/tour-category\/rececho\/\" data-toggle=\"tooltip\" data-placement=\"top\" title=\"Rececho\"><img decoding=\"async\" src=\"https:\/\/prohuntingspain.com\/wp-content\/uploads\/2017\/12\/rececho-icon.png\" alt=\"Rececho\"><\/a><\/div>\t\t<\/div>\n\t\t<div class=\"wrapper_content\">\n\t\t\t<div class=\"post_title\"><h4><a href=\"https:\/\/prohuntingspain.com\/es\/tours\/muflon\/\" rel=\"bookmark\">Mufl\u00f3n<\/a><\/h4><\/div><div class=\"description\"><p>La caza del mufl\u00f3n a rececho es una caza exigente que raras veces da una segunda oportunidad.<\/p>\n<\/div>\t\t<\/div>\n\t<\/div>\n\t<div class=\"read_more\">\n\t\t\n<div class=\"item_rating\"><div class=\"star-rating\" title=\"\"><span style=\"width:0\"><\/span><\/div><\/div><a rel=\"nofollow\" href=\"https:\/\/prohuntingspain.com\/es\/tours\/muflon\/\" data-quantity=\"1\" data-product_id=\"1400\" data-product_sku=\"\" class=\"button product_type_tour_phys\">Leer m\u00e1s<\/a>\t<\/div>\n<\/div><\/div><div class=\"item-tour\"><div class=\"item_border\">\n\t<div class=\"item_content\">\n\t\t<div class=\"post_images\">\n\t\t\t<a href=\"https:\/\/prohuntingspain.com\/es\/tours\/monteria\/\" class=\"woocommerce-LoopProduct-link woocommerce-loop-product__link\">\n<img loading=\"lazy\" decoding=\"async\" width=\"430\" height=\"305\" src=\"\/\/prohuntingspain.com\/wp-content\/uploads\/2018\/03\/2-430x305.jpg\" class=\"attachment-shop_catalog size-shop_catalog wp-post-image\" alt=\"\" \/><\/a><div class=\"group-icon\"><a class=\"term-id-43\"href=\"https:\/\/prohuntingspain.com\/es\/tour-category\/monteria\/\" data-toggle=\"tooltip\" data-placement=\"top\" title=\"Monter\u00eda\" class=\"frist\"><img decoding=\"async\" src=\"https:\/\/prohuntingspain.com\/wp-content\/uploads\/2018\/02\/ciervo-blanco-24x24.png\" alt=\"Monter\u00eda\"><\/a><\/div>\t\t<\/div>\n\t\t<div class=\"wrapper_content\">\n\t\t\t<div class=\"post_title\"><h4><a href=\"https:\/\/prohuntingspain.com\/es\/tours\/monteria\/\" rel=\"bookmark\">Monter\u00eda<\/a><\/h4><\/div><div class=\"description\"><p>La\u00a0monter\u00eda\u00a0es la m\u00e1s antigua y tradicional forma de caza en Espa\u00f1a. Es un tipo de caza en batida dirigido a\u00a0jabal\u00edes, venados, muflones y\u00a0gamos. Es un espect\u00e1culo \u00fanico por su gran <\/p>\n<\/div>\t\t<\/div>\n\t<\/div>\n\t<div class=\"read_more\">\n\t\t\n<div class=\"item_rating\"><div class=\"star-rating\" title=\"\"><span style=\"width:0\"><\/span><\/div><\/div><a rel=\"nofollow\" href=\"https:\/\/prohuntingspain.com\/es\/tours\/monteria\/\" data-quantity=\"1\" data-product_id=\"3356\" data-product_sku=\"\" class=\"button product_type_tour_phys\">Leer m\u00e1s<\/a>\t<\/div>\n<\/div><\/div><\/div><\/div>[vc_empty_space height=&#8221;60px&#8221;][\/vc_column][\/vc_row][vc_row full_width=&#8221;stretch_row&#8221; css=&#8221;.vc_custom_1514895049029{margin-bottom: 0px !important;border-bottom-width: 0px !important;padding-bottom: 0px !important;background-color: #ffffff !important;}&#8221;][vc_column css=&#8221;.vc_custom_1514895040917{margin-bottom: 0px !important;border-bottom-width: 0px !important;padding-bottom: 0px !important;}&#8221;][vc_empty_space height=&#8221;30px&#8221;]<div class=\"shortcode_title shortcode-title-style_1\"><h3 class=\"title_primary\">ESTANCIA<\/h3><span class=\"line_after_title\"><\/span><\/div>[\/vc_column][\/vc_row][vc_row full_width=&#8221;stretch_row&#8221; css=&#8221;.vc_custom_1515079713462{margin-top: 0px !important;margin-bottom: 0px !important;border-top-width: 0px !important;border-bottom-width: 0px !important;padding-top: 0px !important;padding-bottom: 0px !important;background-color: #ffffff !important;}&#8221;][vc_column width=&#8221;1\/2&#8243; css=&#8221;.vc_custom_1515079721676{margin-top: 0px !important;margin-bottom: 0px !important;border-top-width: 0px !important;border-bottom-width: 0px !important;padding-top: 0px !important;padding-bottom: 0px !important;}&#8221;][vc_column_text]<\/p>\n<div class=\"videoWrapper\"><iframe src=\"https:\/\/www.youtube.com\/embed\/YDSw8JXQSsg?rel=0&amp;showinfo=0\" width=\"560\" height=\"315\" frameborder=\"0\" allowfullscreen=\"allowfullscreen\"><\/iframe><\/div>\n<p>[\/vc_column_text][\/vc_column][vc_column width=&#8221;1\/2&#8243; css=&#8221;.vc_custom_1515079730857{margin-top: 0px !important;margin-bottom: 0px !important;border-top-width: 0px !important;border-bottom-width: 0px !important;padding-top: 0px !important;padding-bottom: 0px !important;}&#8221;][vc_column_text]<\/p>\n<p style=\"text-align: left;\">En nuestra casa familiar el Palacio Conde de Zanoni, con 10 habitaciones dobles en-suite.<\/p>\n<p style=\"text-align: left;\">A una distancia de tan solo una hora del centro de Madrid, durante la jornada de caza es posible organizar planes alternativos para familiares o amigos no cazadores como visitas guiadas a Madrid, Toledo o pueblos cercanos de la zona con mucho encanto.<\/p>\n<p>[\/vc_column_text][vc_btn title=&#8221;M\u00c1S INFORMACI\u00d3N SOBRE ALOJAMIENTOS&#8221; shape=&#8221;square&#8221; color=&#8221;turquoise&#8221; align=&#8221;center&#8221; link=&#8221;url:https%3A%2F%2Fprohuntingspain.com%2Falojamientos%2F|title:Alojamientos|target:%20_blank|&#8221;][\/vc_column][\/vc_row][vc_row css=&#8221;.vc_custom_1514894983556{margin-top: 0px !important;margin-bottom: 0px !important;border-top-width: 0px !important;border-bottom-width: 0px !important;padding-top: 0px !important;padding-bottom: 0px !important;}&#8221;][vc_column css=&#8221;.vc_custom_1514894992266{margin-top: 0px !important;margin-bottom: 0px !important;border-top-width: 0px !important;border-bottom-width: 0px !important;padding-top: 0px !important;padding-bottom: 0px !important;}&#8221;][\/vc_column][\/vc_row]<\/p>\n","protected":false},"excerpt":{"rendered":"<p>La\u00a0monter\u00eda\u00a0es la m\u00e1s antigua y tradicional forma de caza en Espa\u00f1a. Es un tipo de caza en batida dirigido a\u00a0jabal\u00edes, venados, muflones y\u00a0gamos. Es un espect\u00e1culo \u00fanico por su gran <\/p>\n","protected":false},"author":2,"featured_media":0,"parent":0,"menu_order":0,"comment_status":"closed","ping_status":"closed","template":"","meta":{"_joinchat":[],"footnotes":""},"_links":{"self":[{"href":"https:\/\/prohuntingspain.com\/es\/wp-json\/wp\/v2\/pages\/1664"}],"collection":[{"href":"https:\/\/prohuntingspain.com\/es\/wp-json\/wp\/v2\/pages"}],"about":[{"href":"https:\/\/prohuntingspain.com\/es\/wp-json\/wp\/v2\/types\/page"}],"author":[{"embeddable":true,"href":"https:\/\/prohuntingspain.com\/es\/wp-json\/wp\/v2\/users\/2"}],"replies":[{"embeddable":true,"href":"https:\/\/prohuntingspain.com\/es\/wp-json\/wp\/v2\/comments?post=1664"}],"version-history":[{"count":81,"href":"https:\/\/prohuntingspain.com\/es\/wp-json\/wp\/v2\/pages\/1664\/revisions"}],"predecessor-version":[{"id":3315,"href":"https:\/\/prohuntingspain.com\/es\/wp-json\/wp\/v2\/pages\/1664\/revisions\/3315"}],"wp:attachment":[{"href":"https:\/\/prohuntingspain.com\/es\/wp-json\/wp\/v2\/media?parent=1664"}],"curies":[{"name":"wp","href":"https:\/\/api.w.org\/{rel}","templated":true}]}}