{"id":94,"date":"2016-09-09T08:54:35","date_gmt":"2016-09-09T08:54:35","guid":{"rendered":"http:\/\/travelwp.physcode.com\/?page_id=94"},"modified":"2024-07-15T10:19:41","modified_gmt":"2024-07-15T08:19:41","slug":"home-page-2","status":"publish","type":"page","link":"https:\/\/prohuntingspain.com\/es\/","title":{"rendered":"Inicio"},"content":{"rendered":"<p>[vc_row full_width=&#8221;stretch_row_content_no_spaces&#8221;][vc_column][rev_slider_vc alias=&#8221;video_slider&#8221;][\/vc_column][\/vc_row][vc_row][vc_column][vc_empty_space height=&#8221;60px&#8221;]<div class=\"shortcode_title shortcode-title-style_1\"><h3 class=\"title_primary\">POR QU\u00c9 ELEGIRNOS<\/h3><span class=\"line_after_title\"><\/span><\/div>[\/vc_column][\/vc_row][vc_row el_class=&#8221;two-column-respon&#8221;][vc_column width=&#8221;1\/4&#8243;]<div class=\"widget-icon-box widget-icon-box-base iconbox-center\"><div class=\"boxes-icon circle\" style=\"font-size:30px;width:80px; height:80px;line-height:80px\"><span class=\"inner-icon\"><i class=\"vc_icon_element-icon vc_li vc_li-user\"><\/i><\/span><\/div><div class=\"content-inner\" ><div class=\"sc-heading article_heading\"><h4 class=\"heading__primary\">Servicios personalizados<\/h4><\/div><div class=\"desc-icon-box\" ><div>Nos ponemos en su lugar, en el dise\u00f1o y elaboraci\u00f3n de experiencias para diferentes perfiles de cazadores.<\/div><\/div><\/div><\/div>[\/vc_column][vc_column width=&#8221;1\/4&#8243;]<div class=\"widget-icon-box widget-icon-box-base iconbox-center\"><div class=\"boxes-icon \" style=\"font-size:30px;width:80px; height:80px;line-height:80px\"><span class=\"inner-icon\"><i class=\"vc_icon_element-icon vc_li vc_li-heart\"><\/i><\/span><\/div><div class=\"content-inner\" ><div class=\"sc-heading article_heading\"><h4 class=\"heading__primary\">10 a\u00f1os de Experiencia<\/h4><\/div><div class=\"desc-icon-box\" ><div>M\u00e1s de 10 a\u00f1os de trayectoria con una filosof\u00eda marcada, la excelencia en el servicio.<\/div><\/div><\/div><\/div>[\/vc_column][vc_column width=&#8221;1\/4&#8243;]<div class=\"widget-icon-box widget-icon-box-base iconbox-center\"><div class=\"boxes-icon \" style=\"font-size:30px;width:80px; height:80px;line-height:80px\"><span class=\"inner-icon\"><i class=\"vc_icon_element-icon vc_li vc_li-location\"><\/i><\/span><\/div><div class=\"content-inner\" ><div class=\"sc-heading article_heading\"><h4 class=\"heading__primary\">Colaboradores locales<\/h4><\/div><div class=\"desc-icon-box\" ><div>PHS trabaja directamente en el destino con cazadores locales, creando productos diferentes al resto del mercado.<\/div><\/div><\/div><\/div>[\/vc_column][vc_column width=&#8221;1\/4&#8243;]<div class=\"widget-icon-box widget-icon-box-base iconbox-center\"><div class=\"boxes-icon circle\" style=\"font-size:30px;width:80px; height:80px;line-height:80px\"><span class=\"inner-icon\"><i class=\"vc_icon_element-icon vc_li vc_li-search\"><\/i><\/span><\/div><div class=\"content-inner\" ><div class=\"sc-heading article_heading\"><h4 class=\"heading__primary\">Destinos seleccionados<\/h4><\/div><div class=\"desc-icon-box\" ><div>Pocos destinos pero muy bien elegidos, donde nos hemos especializado para poder garantizar el mejor servicio.<\/div><\/div><\/div><\/div>[\/vc_column][\/vc_row][vc_row][vc_column][vc_empty_space height=&#8221;80px&#8221;][\/vc_column][\/vc_row][vc_row full_width=&#8221;stretch_row&#8221; parallax=&#8221;content-moving&#8221; parallax_image=&#8221;3209&#8243;][vc_column][vc_empty_space height=&#8221;30px&#8221;]<div class=\"shortcode_title shortcode-title-style_1\" style=\"color:#ffffff\"><div class=\"title_subtitle\">Revisa nuestras<\/div><h3 class=\"title_primary\">CACER\u00cdAS DESTACADAS<\/h3><span class=\"line_after_title\" style=\"color:#ffffff\"><\/span><\/div><div class=\"row wrapper-tours-slider\"><div class=\"list_content content_tour_style_1 tours-type-slider\"data-dots=\"true\" data-nav=\"true\" data-responsive='{\"0\":{\"items\":1}, \"480\":{\"items\":2}, \"768\":{\"items\":2}, \"992\":{\"items\":3}, \"1200\":{\"items\":4}}'><div class=\"item-tour\"><div class=\"item_border\">\n\t<div class=\"item_content\">\n\t\t<div class=\"post_images\">\n\t\t\t<a href=\"https:\/\/prohuntingspain.com\/es\/tours\/gamo\/\" class=\"woocommerce-LoopProduct-link woocommerce-loop-product__link\">\n<img fetchpriority=\"high\" decoding=\"async\" width=\"430\" height=\"305\" src=\"\/\/prohuntingspain.com\/wp-content\/uploads\/2017\/12\/gamo-01-430x305.jpg\" class=\"attachment-shop_catalog size-shop_catalog wp-post-image\" alt=\"\" srcset=\"\/\/prohuntingspain.com\/wp-content\/uploads\/2017\/12\/gamo-01-430x305.jpg 430w, \/\/prohuntingspain.com\/wp-content\/uploads\/2017\/12\/gamo-01-768x545.jpg 768w, \/\/prohuntingspain.com\/wp-content\/uploads\/2017\/12\/gamo-01.jpg 860w\" sizes=\"(max-width: 430px) 100vw, 430px\" \/><\/a><div class=\"group-icon\"><a class=\"term-id-43\"href=\"https:\/\/prohuntingspain.com\/es\/tour-category\/monteria\/\" data-toggle=\"tooltip\" data-placement=\"top\" title=\"Monter\u00eda\" class=\"frist\"><img decoding=\"async\" src=\"https:\/\/prohuntingspain.com\/wp-content\/uploads\/2018\/02\/ciervo-blanco-24x24.png\" alt=\"Monter\u00eda\"><\/a><a class=\"term-id-29\"href=\"https:\/\/prohuntingspain.com\/es\/tour-category\/rececho\/\" data-toggle=\"tooltip\" data-placement=\"top\" title=\"Rececho\"><img decoding=\"async\" src=\"https:\/\/prohuntingspain.com\/wp-content\/uploads\/2017\/12\/rececho-icon.png\" alt=\"Rececho\"><\/a><\/div>\t\t<\/div>\n\t\t<div class=\"wrapper_content\">\n\t\t\t<div class=\"post_title\"><h4><a href=\"https:\/\/prohuntingspain.com\/es\/tours\/gamo\/\" rel=\"bookmark\">Gamo<\/a><\/h4><\/div><div class=\"description\"><p>En algunos bosques de Espa\u00f1a, encontramos esta emblem\u00e1tica especie que cazamos a rececho.<\/p>\n<\/div>\t\t<\/div>\n\t<\/div>\n\t<div class=\"read_more\">\n\t\t\n<div class=\"item_rating\"><div class=\"star-rating\" title=\"\"><span style=\"width:0\"><\/span><\/div><\/div><a rel=\"nofollow\" href=\"https:\/\/prohuntingspain.com\/es\/tours\/gamo\/\" data-quantity=\"1\" data-product_id=\"1372\" data-product_sku=\"\" class=\"button product_type_tour_phys\">Leer m\u00e1s<\/a>\t<\/div>\n<\/div><\/div><div class=\"item-tour\"><div class=\"item_border\">\n\t<div class=\"item_content\">\n\t\t<div class=\"post_images\">\n\t\t\t<a href=\"https:\/\/prohuntingspain.com\/es\/tours\/jabali\/\" class=\"woocommerce-LoopProduct-link woocommerce-loop-product__link\">\n<img decoding=\"async\" width=\"430\" height=\"305\" src=\"\/\/prohuntingspain.com\/wp-content\/uploads\/2017\/12\/jabali-01-430x305.jpg\" class=\"attachment-shop_catalog size-shop_catalog wp-post-image\" alt=\"wild boar hunting season in spain\" srcset=\"\/\/prohuntingspain.com\/wp-content\/uploads\/2017\/12\/jabali-01-430x305.jpg 430w, \/\/prohuntingspain.com\/wp-content\/uploads\/2017\/12\/jabali-01-768x545.jpg 768w, \/\/prohuntingspain.com\/wp-content\/uploads\/2017\/12\/jabali-01.jpg 860w\" sizes=\"(max-width: 430px) 100vw, 430px\" \/><\/a><div class=\"group-icon\"><a class=\"term-id-43\"href=\"https:\/\/prohuntingspain.com\/es\/tour-category\/monteria\/\" data-toggle=\"tooltip\" data-placement=\"top\" title=\"Monter\u00eda\" class=\"frist\"><img decoding=\"async\" src=\"https:\/\/prohuntingspain.com\/wp-content\/uploads\/2018\/02\/ciervo-blanco-24x24.png\" alt=\"Monter\u00eda\"><\/a><a class=\"term-id-29\"href=\"https:\/\/prohuntingspain.com\/es\/tour-category\/rececho\/\" data-toggle=\"tooltip\" data-placement=\"top\" title=\"Rececho\"><img decoding=\"async\" src=\"https:\/\/prohuntingspain.com\/wp-content\/uploads\/2017\/12\/rececho-icon.png\" alt=\"Rececho\"><\/a><\/div>\t\t<\/div>\n\t\t<div class=\"wrapper_content\">\n\t\t\t<div class=\"post_title\"><h4><a href=\"https:\/\/prohuntingspain.com\/es\/tours\/jabali\/\" rel=\"bookmark\">Jabal\u00ed<\/a><\/h4><\/div><div class=\"description\"><p>El jabal\u00ed es una de las cacer\u00edas m\u00e1s emocionantes de las que podemos disfrutar.<\/p>\n<\/div>\t\t<\/div>\n\t<\/div>\n\t<div class=\"read_more\">\n\t\t\n<div class=\"item_rating\"><div class=\"star-rating\" title=\"\"><span style=\"width:0\"><\/span><\/div><\/div><a rel=\"nofollow\" href=\"https:\/\/prohuntingspain.com\/es\/tours\/jabali\/\" data-quantity=\"1\" data-product_id=\"1379\" data-product_sku=\"\" class=\"button product_type_tour_phys\">Leer m\u00e1s<\/a>\t<\/div>\n<\/div><\/div><div class=\"item-tour\"><div class=\"item_border\">\n\t<div class=\"item_content\">\n\t\t<div class=\"post_images\">\n\t\t\t<a href=\"https:\/\/prohuntingspain.com\/es\/tours\/ojeo-de-perdices\/\" class=\"woocommerce-LoopProduct-link woocommerce-loop-product__link\">\n<img decoding=\"async\" width=\"430\" height=\"305\" src=\"\/\/prohuntingspain.com\/wp-content\/uploads\/2017\/12\/ojeo-de-perdices-01-430x305.jpg\" class=\"attachment-shop_catalog size-shop_catalog wp-post-image\" alt=\"Partridge hunting in Spain\" srcset=\"\/\/prohuntingspain.com\/wp-content\/uploads\/2017\/12\/ojeo-de-perdices-01-430x305.jpg 430w, \/\/prohuntingspain.com\/wp-content\/uploads\/2017\/12\/ojeo-de-perdices-01-768x545.jpg 768w, \/\/prohuntingspain.com\/wp-content\/uploads\/2017\/12\/ojeo-de-perdices-01.jpg 860w\" sizes=\"(max-width: 430px) 100vw, 430px\" \/><\/a><div class=\"group-icon\"><a class=\"term-id-44\"href=\"https:\/\/prohuntingspain.com\/es\/tour-category\/caza-menor\/\" data-toggle=\"tooltip\" data-placement=\"top\" title=\"Caza menor\" class=\"frist\"><img decoding=\"async\" src=\"https:\/\/prohuntingspain.com\/wp-content\/uploads\/2018\/02\/patos-blanco-24x24.png\" alt=\"Caza menor\"><\/a><\/div>\t\t<\/div>\n\t\t<div class=\"wrapper_content\">\n\t\t\t<div class=\"post_title\"><h4><a href=\"https:\/\/prohuntingspain.com\/es\/tours\/ojeo-de-perdices\/\" rel=\"bookmark\">Ojeo de perdiz roja. Cacer\u00eda de perdices<\/a><\/h4><\/div><div class=\"description\"><p>La Perdiz Roja, especie reina y emblem\u00e1tica de nuestra caza menor y una de las m\u00e1s bellas cacer\u00edas.<\/p>\n<\/div>\t\t<\/div>\n\t<\/div>\n\t<div class=\"read_more\">\n\t\t\n<div class=\"item_rating\"><div class=\"star-rating\" title=\"\"><span style=\"width:0\"><\/span><\/div><\/div><a rel=\"nofollow\" href=\"https:\/\/prohuntingspain.com\/es\/tours\/ojeo-de-perdices\/\" data-quantity=\"1\" data-product_id=\"1413\" data-product_sku=\"\" class=\"button product_type_tour_phys\">Leer m\u00e1s<\/a>\t<\/div>\n<\/div><\/div><div class=\"item-tour\"><div class=\"item_border\">\n\t<div class=\"item_content\">\n\t\t<div class=\"post_images\">\n\t\t\t<a href=\"https:\/\/prohuntingspain.com\/es\/tours\/muflon\/\" class=\"woocommerce-LoopProduct-link woocommerce-loop-product__link\">\n<img loading=\"lazy\" decoding=\"async\" width=\"430\" height=\"305\" src=\"\/\/prohuntingspain.com\/wp-content\/uploads\/2017\/12\/muflon-01-430x305.jpg\" class=\"attachment-shop_catalog size-shop_catalog wp-post-image\" alt=\"\" srcset=\"\/\/prohuntingspain.com\/wp-content\/uploads\/2017\/12\/muflon-01-430x305.jpg 430w, \/\/prohuntingspain.com\/wp-content\/uploads\/2017\/12\/muflon-01-768x545.jpg 768w, \/\/prohuntingspain.com\/wp-content\/uploads\/2017\/12\/muflon-01.jpg 860w\" sizes=\"(max-width: 430px) 100vw, 430px\" \/><\/a><div class=\"group-icon\"><a class=\"term-id-43\"href=\"https:\/\/prohuntingspain.com\/es\/tour-category\/monteria\/\" data-toggle=\"tooltip\" data-placement=\"top\" title=\"Monter\u00eda\" class=\"frist\"><img decoding=\"async\" src=\"https:\/\/prohuntingspain.com\/wp-content\/uploads\/2018\/02\/ciervo-blanco-24x24.png\" alt=\"Monter\u00eda\"><\/a><a class=\"term-id-29\"href=\"https:\/\/prohuntingspain.com\/es\/tour-category\/rececho\/\" data-toggle=\"tooltip\" data-placement=\"top\" title=\"Rececho\"><img decoding=\"async\" src=\"https:\/\/prohuntingspain.com\/wp-content\/uploads\/2017\/12\/rececho-icon.png\" alt=\"Rececho\"><\/a><\/div>\t\t<\/div>\n\t\t<div class=\"wrapper_content\">\n\t\t\t<div class=\"post_title\"><h4><a href=\"https:\/\/prohuntingspain.com\/es\/tours\/muflon\/\" rel=\"bookmark\">Mufl\u00f3n<\/a><\/h4><\/div><div class=\"description\"><p>La caza del mufl\u00f3n a rececho es una caza exigente que raras veces da una segunda oportunidad.<\/p>\n<\/div>\t\t<\/div>\n\t<\/div>\n\t<div class=\"read_more\">\n\t\t\n<div class=\"item_rating\"><div class=\"star-rating\" title=\"\"><span style=\"width:0\"><\/span><\/div><\/div><a rel=\"nofollow\" href=\"https:\/\/prohuntingspain.com\/es\/tours\/muflon\/\" data-quantity=\"1\" data-product_id=\"1400\" data-product_sku=\"\" class=\"button product_type_tour_phys\">Leer m\u00e1s<\/a>\t<\/div>\n<\/div><\/div><div class=\"item-tour\"><div class=\"item_border\">\n\t<div class=\"item_content\">\n\t\t<div class=\"post_images\">\n\t\t\t<a href=\"https:\/\/prohuntingspain.com\/es\/tours\/macho-montes-de-beceite\/\" class=\"woocommerce-LoopProduct-link woocommerce-loop-product__link\">\n<img loading=\"lazy\" decoding=\"async\" width=\"430\" height=\"305\" src=\"\/\/prohuntingspain.com\/wp-content\/uploads\/2016\/11\/ibex-beceite-01-430x305.jpg\" class=\"attachment-shop_catalog size-shop_catalog wp-post-image\" alt=\"Ibex Hunting in Spain. beceite ibex hunting in spain\" srcset=\"\/\/prohuntingspain.com\/wp-content\/uploads\/2016\/11\/ibex-beceite-01-430x305.jpg 430w, \/\/prohuntingspain.com\/wp-content\/uploads\/2016\/11\/ibex-beceite-01-768x545.jpg 768w, \/\/prohuntingspain.com\/wp-content\/uploads\/2016\/11\/ibex-beceite-01.jpg 860w\" sizes=\"(max-width: 430px) 100vw, 430px\" \/><\/a><div class=\"group-icon\"><a class=\"term-id-29\"href=\"https:\/\/prohuntingspain.com\/es\/tour-category\/rececho\/\" data-toggle=\"tooltip\" data-placement=\"top\" title=\"Rececho\" class=\"frist\"><img decoding=\"async\" src=\"https:\/\/prohuntingspain.com\/wp-content\/uploads\/2017\/12\/rececho-icon.png\" alt=\"Rececho\"><\/a><\/div>\t\t<\/div>\n\t\t<div class=\"wrapper_content\">\n\t\t\t<div class=\"post_title\"><h4><a href=\"https:\/\/prohuntingspain.com\/es\/tours\/macho-montes-de-beceite\/\" rel=\"bookmark\">Macho monte\u0301s de Beceite<\/a><\/h4><\/div><div class=\"description\"><p>El Macho Mont\u00e9s de Beceite, cuenta con un extraordinario trofeo de grandes dimensiones.<\/p>\n<\/div>\t\t<\/div>\n\t<\/div>\n\t<div class=\"read_more\">\n\t\t\n<div class=\"item_rating\"><div class=\"star-rating\" title=\"\"><span style=\"width:0\"><\/span><\/div><\/div><a rel=\"nofollow\" href=\"https:\/\/prohuntingspain.com\/es\/tours\/macho-montes-de-beceite\/\" data-quantity=\"1\" data-product_id=\"255\" data-product_sku=\"\" class=\"button product_type_tour_phys\">Leer m\u00e1s<\/a>\t<\/div>\n<\/div><\/div><\/div><\/div>[vc_empty_space height=&#8221;60px&#8221;][\/vc_column][\/vc_row][vc_row full_width=&#8221;stretch_row&#8221; css=&#8221;.vc_custom_1467108406321{background-color: #ffffff !important;}&#8221;][vc_column][vc_empty_space height=&#8221;30px&#8221;]<div class=\"shortcode_title shortcode-title-style_1\"><div class=\"title_subtitle\">Trabajamos m\u00e1s de 30<\/div><h3 class=\"title_primary\">ZONAS DE CAZA<\/h3><span class=\"line_after_title\"><\/span><\/div>[\/vc_column][\/vc_row][vc_row full_width=&#8221;stretch_row&#8221; css=&#8221;.vc_custom_1467108406321{background-color: #ffffff !important;}&#8221;][vc_column][vc_empty_space height=&#8221;30px&#8221;]<div class=\"shortcode_title shortcode-title-style_1\"><div class=\"title_subtitle\">Te ofrecemos las mejores<\/div><h3 class=\"title_primary\">ESPECIES<\/h3><span class=\"line_after_title\"><\/span><\/div>[vc_empty_space height=&#8221;60px&#8221;][\/vc_column][\/vc_row][vc_row full_width=&#8221;stretch_row&#8221; parallax=&#8221;content-moving&#8221; parallax_image=&#8221;1237&#8243;][vc_column][vc_empty_space height=&#8221;30px&#8221;]<div class=\"shortcode_title wpb_animate_when_almost_visible wpb_appear shortcode-title-style_1\" style=\"color:#ffffff\"><div class=\"title_subtitle\">Contacta con nosotros para<\/div><h3 class=\"title_primary\">M\u00c1S INFORMACI\u00d3N<\/h3><span class=\"line_after_title\" style=\"color:#ffffff\"><\/span><\/div>[vc_empty_space height=&#8221;60px&#8221;][vc_column_text]<\/p>\n<p style=\"text-align: center;\"><a class=\"icon-btn\" href=\"https:\/\/prohuntingspain.com\/es\/contacto\/\">PEDIR INFORMACI\u00d3N<\/a><\/p>\n<p>[\/vc_column_text][vc_empty_space height=&#8221;60px&#8221;][\/vc_column][\/vc_row][vc_row full_width=&#8221;stretch_row&#8221; css=&#8221;.vc_custom_1467108406321{background-color: #ffffff !important;}&#8221;][vc_column][vc_empty_space height=&#8221;30px&#8221;]<div class=\"shortcode_title shortcode-title-style_1\"><div class=\"title_subtitle\">Viajes personalizados con distintos<\/div><h3 class=\"title_primary\">MODALIDADES DE CAZA<\/h3><span class=\"line_after_title\"><\/span><\/div>[\/vc_column][\/vc_row][vc_row full_width=&#8221;stretch_row&#8221; css=&#8221;.vc_custom_1467108406321{background-color: #ffffff !important;}&#8221;][vc_column width=&#8221;1\/3&#8243;]<div class=\"widget-icon-box widget-icon-box-base tipos-caza-home iconbox-center\"><a href=\"https:\/\/prohuntingspain.com\/tour-category\/rececho\/\" target=\"_self\"><div class=\"box-icon icon-image \" style=\"width:150px\"><img decoding=\"async\" src=\"https:\/\/prohuntingspain.com\/wp-content\/uploads\/2017\/12\/rececho.png\" alt=\"\"><\/div><div class=\"content-inner\" ><div class=\"sc-heading article_heading\"><h4 style=\"color:#97ce39\" class=\"heading__primary\">RECECHO<\/h4><\/div><div class=\"desc-icon-box\" ><div>Organizamos viajes de caza en m\u00e1s de 30 zonas de Espa\u00f1a para cazar a rececho distintas especies.<\/div><\/div><\/div><\/a><\/div>[\/vc_column][vc_column width=&#8221;1\/3&#8243; el_id=&#8221;icon-monteria&#8221;]<div class=\"widget-icon-box widget-icon-box-base tipos-caza-home iconbox-center\"><a href=\"https:\/\/prohuntingspain.com\/tours\/monteria\/\" target=\"_self\"><div class=\"box-icon icon-image \" style=\"width:150px\"><img decoding=\"async\" src=\"https:\/\/prohuntingspain.com\/wp-content\/uploads\/2018\/02\/ciervo-ico-1.png\" alt=\"\"><\/div><div class=\"content-inner\" ><div class=\"sc-heading article_heading\"><h4 style=\"color:#97ce39\" class=\"heading__primary\">MONTER\u00cdA<\/h4><\/div><div class=\"desc-icon-box\" ><div>Organizamos monter\u00eda para la caza de jabal\u00ed, venado, muf\u00f3n, gamo&#8230; en distintas zonas de Espa\u00f1a.<\/div><\/div><\/div><\/a><\/div>[\/vc_column][vc_column width=&#8221;1\/3&#8243;]<div class=\"widget-icon-box widget-icon-box-base tipos-caza-home iconbox-center\"><a href=\"https:\/\/prohuntingspain.com\/tour-category\/caza-menor\/\" target=\"_self\"><div class=\"box-icon icon-image \" style=\"width:150px\"><img decoding=\"async\" src=\"https:\/\/prohuntingspain.com\/wp-content\/uploads\/2018\/02\/patos.png\" alt=\"\"><\/div><div class=\"content-inner\" ><div class=\"sc-heading article_heading\"><h4 style=\"color:#97ce39\" class=\"heading__primary\">CAZA MENOR<\/h4><\/div><div class=\"desc-icon-box\" ><div>Organizamos exclusivas cacer\u00edas de perdiz cuidando todos los detalles y manteniendo la tradici\u00f3n intacta.<\/div><\/div><\/div><\/a><\/div>[\/vc_column][\/vc_row][vc_row full_width=&#8221;stretch_row&#8221; css=&#8221;.vc_custom_1467108406321{background-color: #ffffff !important;}&#8221;][vc_column][vc_empty_space height=&#8221;60px&#8221;][\/vc_column][\/vc_row]<\/p>\n","protected":false},"excerpt":{"rendered":"<p>Lorem ipsum dolor sit amet, consectetur adipiscing elit. Nam efficitur egestas risus. Sed eros augue, tempor et faucibus eu, cursus ac lacus. Ut sodales semper ante, at malesuada neque vestibulum vitae. Pellentesque luctus ipsum sit amet ligula facilisis rutrum. Nulla facilisi. Morbi rutrum nisi elementum urna faucibus, et porta elit lobortis. Donec imperdiet tristique tellus, ut consectetur ipsum tempus vitae<\/p>\n","protected":false},"author":2,"featured_media":0,"parent":0,"menu_order":0,"comment_status":"closed","ping_status":"closed","template":"page-templates\/homepage.php","meta":{"_joinchat":[],"footnotes":""},"_links":{"self":[{"href":"https:\/\/prohuntingspain.com\/es\/wp-json\/wp\/v2\/pages\/94"}],"collection":[{"href":"https:\/\/prohuntingspain.com\/es\/wp-json\/wp\/v2\/pages"}],"about":[{"href":"https:\/\/prohuntingspain.com\/es\/wp-json\/wp\/v2\/types\/page"}],"author":[{"embeddable":true,"href":"https:\/\/prohuntingspain.com\/es\/wp-json\/wp\/v2\/users\/2"}],"replies":[{"embeddable":true,"href":"https:\/\/prohuntingspain.com\/es\/wp-json\/wp\/v2\/comments?post=94"}],"version-history":[{"count":43,"href":"https:\/\/prohuntingspain.com\/es\/wp-json\/wp\/v2\/pages\/94\/revisions"}],"predecessor-version":[{"id":3540,"href":"https:\/\/prohuntingspain.com\/es\/wp-json\/wp\/v2\/pages\/94\/revisions\/3540"}],"wp:attachment":[{"href":"https:\/\/prohuntingspain.com\/es\/wp-json\/wp\/v2\/media?parent=94"}],"curies":[{"name":"wp","href":"https:\/\/api.w.org\/{rel}","templated":true}]}}