{"id":1341,"date":"2017-12-28T14:59:53","date_gmt":"2017-12-28T13:59:53","guid":{"rendered":"https:\/\/prohuntingspain.com\/?post_type=product&#038;p=1341"},"modified":"2018-01-15T14:32:28","modified_gmt":"2018-01-15T13:32:28","slug":"arrui","status":"publish","type":"product","link":"https:\/\/prohuntingspain.com\/es\/tours\/arrui\/","title":{"rendered":"Arru\u00ed"},"content":{"rendered":"<p>El Arru\u00ed se caracteriza por la dificultad de su caza, de tiros lejanos y de una complicada localizaci\u00f3n y acecho.<\/p>\n<p>Para su caza, no es dif\u00edcil vernos obligados a realizar disparos a distancias comprendidas entre los 300 y 400 metros. Algunos de nuestros rifles y \u00f3pticas id\u00f3neos para su caza, ser\u00e1n de ayuda a la hora de conseguir un buen ejemplar.<\/p>\n<table class=\"tours-tabs_table\">\n<tbody>\n<tr>\n<td><strong>TEMPORADA<\/strong><\/td>\n<td>Desde Septiembre a Febrero<\/td>\n<\/tr>\n<tr>\n<td><strong>\u00c1REAS DE CAZA<\/strong><\/td>\n<td>Sureste de la Pen\u00ednsula Ib\u00e9rica. <\/td>\n<\/tr>\n<tr>\n<td><strong>AEROPUERTO RECOMENDADO<\/strong><\/td>\n<td>Valencia.<\/td>\n<\/tr>\n<\/tbody>\n<\/table>\n","protected":false},"excerpt":{"rendered":"<p>El Arru\u00ed se caracteriza por la dificultad de su caza, de tiros lejanos y de complicada localizaci\u00f3n. <\/p>\n","protected":false},"featured_media":2471,"comment_status":"open","ping_status":"closed","template":"","meta":{"_joinchat":[]},"_links":{"self":[{"href":"https:\/\/prohuntingspain.com\/es\/wp-json\/wp\/v2\/product\/1341"}],"collection":[{"href":"https:\/\/prohuntingspain.com\/es\/wp-json\/wp\/v2\/product"}],"about":[{"href":"https:\/\/prohuntingspain.com\/es\/wp-json\/wp\/v2\/types\/product"}],"replies":[{"embeddable":true,"href":"https:\/\/prohuntingspain.com\/es\/wp-json\/wp\/v2\/comments?post=1341"}],"version-history":[{"count":0,"href":"https:\/\/prohuntingspain.com\/es\/wp-json\/wp\/v2\/product\/1341\/revisions"}],"wp:featuredmedia":[{"embeddable":true,"href":"https:\/\/prohuntingspain.com\/es\/wp-json\/wp\/v2\/media\/2471"}],"wp:attachment":[{"href":"https:\/\/prohuntingspain.com\/es\/wp-json\/wp\/v2\/media?parent=1341"}],"curies":[{"name":"wp","href":"https:\/\/api.w.org\/{rel}","templated":true}]}}