{"id":1342,"date":"2018-02-12T16:56:23","date_gmt":"2017-12-28T14:06:28","guid":{"rendered":"https:\/\/prohuntingspain.com\/?post_type=product&#038;p=1342"},"modified":"2018-03-08T14:07:26","modified_gmt":"2018-03-08T13:07:26","slug":"boc-balear","status":"publish","type":"product","link":"https:\/\/prohuntingspain.com\/es\/tours\/boc-balear\/","title":{"rendered":"Boc Balear"},"content":{"rendered":"<p>La cacer\u00eda del Boc Balear, es perfecta a la hora de combinar un destino de playa y monta\u00f1a en el mismo viaje. Las Islas Baleares es el \u00fanico destino donde poder cazar esta especie, con una amplia oferta hotelera y ocio para combinarlo en un viaje familiar. El \u00e1rea de caza est\u00e1 compuesto de frondosos bosques, altas monta\u00f1as y grandes acantilados que hacen de su cacer\u00eda un rececho recomendable y muy interesante.<\/p>\n<table class=\"tours-tabs_table\">\n<tbody>\n<tr>\n<td><strong>TEMPORADA<\/strong><\/td>\n<td>Todo el a\u00f1o<\/td>\n<\/tr>\n<tr>\n<td><strong>\u00c1REAS DE CAZA<\/strong><\/td>\n<td>Mallorca gestionando cerca de dos mil hect\u00e1reas para su caza.<\/td>\n<\/tr>\n<tr>\n<td><strong>AEROPUERTO RECOMENDADO<\/strong><\/td>\n<td>Palma de Mallorca.<\/td>\n<\/tr>\n<\/tbody>\n<\/table>\n","protected":false},"excerpt":{"rendered":"<p>La cacer\u00eda del Boc Balear, es perfecta a la hora de combinar un destino de playa y monta\u00f1a en el mismo viaje.<\/p>\n","protected":false},"featured_media":3285,"comment_status":"open","ping_status":"closed","template":"","meta":{"_joinchat":[]},"_links":{"self":[{"href":"https:\/\/prohuntingspain.com\/es\/wp-json\/wp\/v2\/product\/1342"}],"collection":[{"href":"https:\/\/prohuntingspain.com\/es\/wp-json\/wp\/v2\/product"}],"about":[{"href":"https:\/\/prohuntingspain.com\/es\/wp-json\/wp\/v2\/types\/product"}],"replies":[{"embeddable":true,"href":"https:\/\/prohuntingspain.com\/es\/wp-json\/wp\/v2\/comments?post=1342"}],"version-history":[{"count":0,"href":"https:\/\/prohuntingspain.com\/es\/wp-json\/wp\/v2\/product\/1342\/revisions"}],"wp:featuredmedia":[{"embeddable":true,"href":"https:\/\/prohuntingspain.com\/es\/wp-json\/wp\/v2\/media\/3285"}],"wp:attachment":[{"href":"https:\/\/prohuntingspain.com\/es\/wp-json\/wp\/v2\/media?parent=1342"}],"curies":[{"name":"wp","href":"https:\/\/api.w.org\/{rel}","templated":true}]}}