{"id":1358,"date":"2017-12-28T15:45:10","date_gmt":"2017-12-28T14:45:10","guid":{"rendered":"https:\/\/prohuntingspain.com\/?post_type=product&#038;p=1358"},"modified":"2018-03-08T13:37:57","modified_gmt":"2018-03-08T12:37:57","slug":"ciervo","status":"publish","type":"product","link":"https:\/\/prohuntingspain.com\/es\/tours\/ciervo\/","title":{"rendered":"Ciervo"},"content":{"rendered":"<p>En Espa\u00f1a, encontramos en muchos de sus bosques la posibilidad de cazar el Ciervo a rececho. Para conseguir cazar un gran trofeo, solo algunas \u00e1reas de caza ser\u00e1n las id\u00f3neas para desarrollar con \u00e9xito la cacer\u00eda.<\/p>\n<p>Nuestra \u00e9poca preferida para realizar su caza, sin duda es la Berrea, en oto\u00f1o con las primeras lluvias despu\u00e9s del verano. En esta \u00e9poca del a\u00f1o, nuestras sierras nos ofrecen uno de los espect\u00e1culos naturales \u00fanicos y que no deja indiferente a ning\u00fan cazador y amante de la naturaleza. Adem\u00e1s, es en esta fecha cuando los grandes trofeos de ciervo nos dejan m\u00e1s opciones y posibilidades de conseguir ese gran trofeo so\u00f1ado.<\/p>\n<p>Disponemos de cuatro amplias zonas de caza perfectas para la caza a rececho de grandes trofeos de Ciervo.<\/p>\n<table class=\"tours-tabs_table\">\n<tbody>\n<tr>\n<td><strong>TEMPORADA<\/strong><\/td>\n<td>Desde Septiembre a Febrero<\/td>\n<\/tr>\n<tr>\n<td><strong>\u00c1REAS DE CAZA<\/strong><\/td>\n<td>En la zona centro, Sur y Norte de la Pen\u00ednsula Ib\u00e9rica. Gestionamos m\u00e1s de trece mil hect\u00e1reas para su caza, con zonas diferenciadas para distintas aptitudes f\u00edsicas.<\/td>\n<\/tr>\n<tr>\n<td><strong>AEROPUERTO RECOMENDADO<\/strong><\/td>\n<td>Madrid, Sevilla o Valencia.<\/td>\n<\/tr>\n<\/tbody>\n<\/table>\n","protected":false},"excerpt":{"rendered":"<p>En Espa\u00f1a, encontramos en muchos de sus bosques la posibilidad de cazar el Ciervo a rececho.<\/p>\n","protected":false},"featured_media":2669,"comment_status":"open","ping_status":"closed","template":"","meta":{"_joinchat":[]},"_links":{"self":[{"href":"https:\/\/prohuntingspain.com\/es\/wp-json\/wp\/v2\/product\/1358"}],"collection":[{"href":"https:\/\/prohuntingspain.com\/es\/wp-json\/wp\/v2\/product"}],"about":[{"href":"https:\/\/prohuntingspain.com\/es\/wp-json\/wp\/v2\/types\/product"}],"replies":[{"embeddable":true,"href":"https:\/\/prohuntingspain.com\/es\/wp-json\/wp\/v2\/comments?post=1358"}],"version-history":[{"count":0,"href":"https:\/\/prohuntingspain.com\/es\/wp-json\/wp\/v2\/product\/1358\/revisions"}],"wp:featuredmedia":[{"embeddable":true,"href":"https:\/\/prohuntingspain.com\/es\/wp-json\/wp\/v2\/media\/2669"}],"wp:attachment":[{"href":"https:\/\/prohuntingspain.com\/es\/wp-json\/wp\/v2\/media?parent=1358"}],"curies":[{"name":"wp","href":"https:\/\/api.w.org\/{rel}","templated":true}]}}