{"id":1365,"date":"2017-12-28T16:00:29","date_gmt":"2017-12-28T15:00:29","guid":{"rendered":"https:\/\/prohuntingspain.com\/?post_type=product&#038;p=1365"},"modified":"2020-04-17T12:34:40","modified_gmt":"2020-04-17T10:34:40","slug":"corzo","status":"publish","type":"product","link":"https:\/\/prohuntingspain.com\/es\/tours\/corzo\/","title":{"rendered":"Rececho de Corzo en Espa\u00f1a"},"content":{"rendered":"<p>Sin duda, una de nuestras cacer\u00edas preferidas donde el conocimiento del campo, la especie, la paciencia y el buen hacer del cazador, ser\u00e1n indispensables en el desarrollo de una buena cacer\u00eda de corzos. Elegir las mejores zonas de caza, la correcta localizaci\u00f3n, valoraci\u00f3n y seguimiento de los corzos a cazar, ser\u00e1 el otro punto clave y necesario para juntos, conseguir trofeos de caza \u00fanicos y unos apasionantes d\u00edas de caza a rececho tras el duende del bosque.<\/p>\n<p>El mes de Abril suele dar los mejores resultados, junto con la \u00e9poca de celo que suele coincidir a finales del mes de Julio.<\/p>\n<p>Disponemos de siete zonas de caza en abierto en las mejores zonas corceras de Espa\u00f1a. (Burgos, Soria, Guadalajara y Teruel).<\/p>\n<table class=\"tours-tabs_table\">\n<tbody>\n<tr>\n<td><strong>TEMPORADA DEL CORZO<\/strong><\/td>\n<td>Desde Abril a Octubre<\/td>\n<\/tr>\n<tr>\n<td><strong>\u00c1REAS DE CAZA DEL CORZO<\/strong><\/td>\n<td>En la zona Centro &#8211; Norte de la Pen\u00ednsula Ib\u00e9rica. Gestionamos m\u00e1s de veinticinco mil hect\u00e1reas para su caza.<\/td>\n<\/tr>\n<tr>\n<td><strong>AEROPUERTO RECOMENDADO<\/strong><\/td>\n<td>Madrid.<\/td>\n<\/tr>\n<\/tbody>\n<\/table>\n","protected":false},"excerpt":{"rendered":"<p>El conocimiento del campo y el buen hacer del cazador, son indispensables en la caza de corzos.<\/p>\n","protected":false},"featured_media":3512,"comment_status":"open","ping_status":"closed","template":"","meta":{"_joinchat":[]},"_links":{"self":[{"href":"https:\/\/prohuntingspain.com\/es\/wp-json\/wp\/v2\/product\/1365"}],"collection":[{"href":"https:\/\/prohuntingspain.com\/es\/wp-json\/wp\/v2\/product"}],"about":[{"href":"https:\/\/prohuntingspain.com\/es\/wp-json\/wp\/v2\/types\/product"}],"replies":[{"embeddable":true,"href":"https:\/\/prohuntingspain.com\/es\/wp-json\/wp\/v2\/comments?post=1365"}],"version-history":[{"count":1,"href":"https:\/\/prohuntingspain.com\/es\/wp-json\/wp\/v2\/product\/1365\/revisions"}],"predecessor-version":[{"id":3288,"href":"https:\/\/prohuntingspain.com\/es\/wp-json\/wp\/v2\/product\/1365\/revisions\/3288"}],"wp:featuredmedia":[{"embeddable":true,"href":"https:\/\/prohuntingspain.com\/es\/wp-json\/wp\/v2\/media\/3512"}],"wp:attachment":[{"href":"https:\/\/prohuntingspain.com\/es\/wp-json\/wp\/v2\/media?parent=1365"}],"curies":[{"name":"wp","href":"https:\/\/api.w.org\/{rel}","templated":true}]}}