{"id":1372,"date":"2017-12-28T16:24:20","date_gmt":"2017-12-28T15:24:20","guid":{"rendered":"https:\/\/prohuntingspain.com\/?post_type=product&#038;p=1372"},"modified":"2018-03-08T13:45:50","modified_gmt":"2018-03-08T12:45:50","slug":"gamo","status":"publish","type":"product","link":"https:\/\/prohuntingspain.com\/es\/tours\/gamo\/","title":{"rendered":"Gamo"},"content":{"rendered":"<p>En algunos bosques de Espa\u00f1a, encontramos esta emblem\u00e1tica especie de caza que cazamos a rececho.<\/p>\n<p>La mejor \u00e9poca para realizar su caza, es a finales de Septiembre en la ronca, un espect\u00e1culo que nos brinda la naturaleza.<\/p>\n<p>Es en esta fecha cuando los grandes machos entran en celo, siendo un tiempo perfecto para la localizaci\u00f3n y la caza de grandes trofeos.<\/p>\n<p>Disponemos de tres grandes \u00e1reas de caza perfectas para su caza a rececho situadas de Norte a Sur del pa\u00eds.<\/p>\n<table class=\"tours-tabs_table\">\n<tbody>\n<tr>\n<td><strong>TEMPORADA<\/strong><\/td>\n<td>Desde Septiembre a Febrero<\/td>\n<\/tr>\n<tr>\n<td><strong>\u00c1REAS DE CAZA<\/strong><\/td>\n<td>En la zona Norte, centro y Sur de la Pen\u00ednsula Ib\u00e9rica. Gestionamos m\u00e1s de seis mil hect\u00e1reas para su caza, con zonas diferenciadas para distintas aptitudes f\u00edsicas.<\/td>\n<\/tr>\n<tr>\n<td><strong>AEROPUERTO RECOMENDADO<\/strong><\/td>\n<td>Madrid, Sevilla o Salamanca.<\/td>\n<\/tr>\n<\/tbody>\n<\/table>\n","protected":false},"excerpt":{"rendered":"<p>En algunos bosques de Espa\u00f1a, encontramos esta emblem\u00e1tica especie que cazamos a rececho.<\/p>\n","protected":false},"featured_media":2417,"comment_status":"open","ping_status":"closed","template":"","meta":{"_joinchat":[]},"_links":{"self":[{"href":"https:\/\/prohuntingspain.com\/es\/wp-json\/wp\/v2\/product\/1372"}],"collection":[{"href":"https:\/\/prohuntingspain.com\/es\/wp-json\/wp\/v2\/product"}],"about":[{"href":"https:\/\/prohuntingspain.com\/es\/wp-json\/wp\/v2\/types\/product"}],"replies":[{"embeddable":true,"href":"https:\/\/prohuntingspain.com\/es\/wp-json\/wp\/v2\/comments?post=1372"}],"version-history":[{"count":0,"href":"https:\/\/prohuntingspain.com\/es\/wp-json\/wp\/v2\/product\/1372\/revisions"}],"wp:featuredmedia":[{"embeddable":true,"href":"https:\/\/prohuntingspain.com\/es\/wp-json\/wp\/v2\/media\/2417"}],"wp:attachment":[{"href":"https:\/\/prohuntingspain.com\/es\/wp-json\/wp\/v2\/media?parent=1372"}],"curies":[{"name":"wp","href":"https:\/\/api.w.org\/{rel}","templated":true}]}}