{"id":1379,"date":"2017-12-28T16:34:58","date_gmt":"2017-12-28T15:34:58","guid":{"rendered":"https:\/\/prohuntingspain.com\/?post_type=product&#038;p=1379"},"modified":"2018-03-13T17:44:07","modified_gmt":"2018-03-13T16:44:07","slug":"jabali","status":"publish","type":"product","link":"https:\/\/prohuntingspain.com\/es\/tours\/jabali\/","title":{"rendered":"Jabal\u00ed"},"content":{"rendered":"<p>Una de las especies m\u00e1s comunes en nuestros montes, y aun as\u00ed, una de las cacer\u00edas m\u00e1s emocionantes de las que podemos disfrutar, donde conseguir un gran trofeo puede suponer uno de los mayores retos para el cazador.<\/p>\n<p>Nuestra modalidad favorita para su caza es la monter\u00eda espa\u00f1ola, donde el cazador es puesto a prueba y todos sus sentidos y aptitudes, en ocasiones no ser\u00e1n suficientes. Tambi\u00e9n cazamos el jabal\u00ed en espera y a rececho, consiguiendo grandes resultados.<\/p>\n<p>Disponemos de varias zonas, y en algunas de estas podemos garantizar magn\u00edficos trofeos, aloj\u00e1ndonos en nuestros Lodges de caza dentro de las \u00e1reas de caza.<\/p>\n<table class=\"tours-tabs_table\">\n<tbody>\n<tr>\n<td><strong>TEMPORADA<\/strong><\/td>\n<td>Todo el a\u00f1o<\/td>\n<\/tr>\n<tr>\n<td><strong>\u00c1REAS DE CAZA<\/strong><\/td>\n<td>Norte, centro y Sur de la Pen\u00ednsula Ib\u00e9rica. Para la caza de grandes trofeos, gestionamos cuatro mil hect\u00e1reas algunas de ellas valladas.<\/td>\n<\/tr>\n<tr>\n<td><strong>AEROPUERTO RECOMENDADO<\/strong><\/td>\n<td>Madrid.<\/td>\n<\/tr>\n<\/tbody>\n<\/table>\n","protected":false},"excerpt":{"rendered":"<p>El jabal\u00ed es una de las cacer\u00edas m\u00e1s emocionantes de las que podemos disfrutar.<\/p>\n","protected":false},"featured_media":2199,"comment_status":"open","ping_status":"closed","template":"","meta":{"_joinchat":[]},"_links":{"self":[{"href":"https:\/\/prohuntingspain.com\/es\/wp-json\/wp\/v2\/product\/1379"}],"collection":[{"href":"https:\/\/prohuntingspain.com\/es\/wp-json\/wp\/v2\/product"}],"about":[{"href":"https:\/\/prohuntingspain.com\/es\/wp-json\/wp\/v2\/types\/product"}],"replies":[{"embeddable":true,"href":"https:\/\/prohuntingspain.com\/es\/wp-json\/wp\/v2\/comments?post=1379"}],"version-history":[{"count":0,"href":"https:\/\/prohuntingspain.com\/es\/wp-json\/wp\/v2\/product\/1379\/revisions"}],"wp:featuredmedia":[{"embeddable":true,"href":"https:\/\/prohuntingspain.com\/es\/wp-json\/wp\/v2\/media\/2199"}],"wp:attachment":[{"href":"https:\/\/prohuntingspain.com\/es\/wp-json\/wp\/v2\/media?parent=1379"}],"curies":[{"name":"wp","href":"https:\/\/api.w.org\/{rel}","templated":true}]}}