{"id":1386,"date":"2017-12-28T16:48:59","date_gmt":"2017-12-28T15:48:59","guid":{"rendered":"https:\/\/prohuntingspain.com\/?post_type=product&#038;p=1386"},"modified":"2018-01-12T18:46:10","modified_gmt":"2018-01-12T17:46:10","slug":"lobo-iberico","status":"publish","type":"product","link":"https:\/\/prohuntingspain.com\/es\/tours\/lobo-iberico\/","title":{"rendered":"Lobo Ib\u00e9rico"},"content":{"rendered":"<p>Probablemente, una de las cacer\u00edas m\u00e1s complicadas y la \u00fanica que no garantizamos el \u00e9xito en su caza en una fecha concreta. Garantizarlo, ser\u00eda hacerlo de manera irresponsable o en modalidades de caza alejadas de nuestro criterio de caza justa y natural.<\/p>\n<p>Se trata de uno de los animales m\u00e1s exigentes e inteligentes de nuestra fauna, que entra a los puestos cuando quiere y no podemos prever con gran antelaci\u00f3n.<\/p>\n<p>Cazamos en las mejores zonas de Espa\u00f1a, con muy buenas poblaciones. La modalidad de caza es en espera desde puesto fijo. Los permisos de caza son muy limitados y requiere organizar la cacer\u00eda con bastante antelaci\u00f3n.<\/p>\n<table class=\"tours-tabs_table\">\n<tbody>\n<tr>\n<td><strong>TEMPORADA<\/strong><\/td>\n<td>Todo el a\u00f1o<\/td>\n<\/tr>\n<tr>\n<td><strong>\u00c1REAS DE CAZA<\/strong><\/td>\n<td> Norte, centro y Sur de la Pen\u00ednsula Ib\u00e9rica. Para la caza de grandes trofeos, gestionamos cuatro mil hect\u00e1reas algunas de ellas valladas. <\/td>\n<\/tr>\n<tr>\n<td><strong>AEROPUERTO RECOMENDADO<\/strong><\/td>\n<td>Madrid.<\/td>\n<\/tr>\n<\/tbody>\n<\/table>\n","protected":false},"excerpt":{"rendered":"<p>Se trata de uno de los animales m\u00e1s exigentes e inteligentes de nuestra fauna.<\/p>\n","protected":false},"featured_media":2157,"comment_status":"open","ping_status":"closed","template":"","meta":{"_joinchat":[]},"_links":{"self":[{"href":"https:\/\/prohuntingspain.com\/es\/wp-json\/wp\/v2\/product\/1386"}],"collection":[{"href":"https:\/\/prohuntingspain.com\/es\/wp-json\/wp\/v2\/product"}],"about":[{"href":"https:\/\/prohuntingspain.com\/es\/wp-json\/wp\/v2\/types\/product"}],"replies":[{"embeddable":true,"href":"https:\/\/prohuntingspain.com\/es\/wp-json\/wp\/v2\/comments?post=1386"}],"version-history":[{"count":0,"href":"https:\/\/prohuntingspain.com\/es\/wp-json\/wp\/v2\/product\/1386\/revisions"}],"wp:featuredmedia":[{"embeddable":true,"href":"https:\/\/prohuntingspain.com\/es\/wp-json\/wp\/v2\/media\/2157"}],"wp:attachment":[{"href":"https:\/\/prohuntingspain.com\/es\/wp-json\/wp\/v2\/media?parent=1386"}],"curies":[{"name":"wp","href":"https:\/\/api.w.org\/{rel}","templated":true}]}}