{"id":1393,"date":"2017-12-28T17:07:48","date_gmt":"2017-12-28T16:07:48","guid":{"rendered":"https:\/\/prohuntingspain.com\/?post_type=product&#038;p=1393"},"modified":"2019-05-27T13:25:24","modified_gmt":"2019-05-27T11:25:24","slug":"macho-montes-de-ronda","status":"publish","type":"product","link":"https:\/\/prohuntingspain.com\/es\/tours\/macho-montes-de-ronda\/","title":{"rendered":"Macho Monte\u0301s de Ronda"},"content":{"rendered":"<p>El menor de los cuatro. Sus cuernos crecen verticalmente con forma algo m\u00e1s aplastada record\u00e1ndonos m\u00e1s a sus primos hermanos, los Ibex centroeuropeos.<\/p>\n<p>Con una poblaci\u00f3n m\u00e1s reducida, situado al sur del pa\u00eds el Macho Mont\u00e9s de Ronda es el trofeo de menor tama\u00f1o y corpulencia de nuestras cuatro subespecies. Su caza, en la serran\u00eda de Ronda, cuenta con muchas alternativas de ocio y cultura, perfecto para combinar la cacer\u00eda con otras actividades con amigos o en familia.<\/p>\n<table class=\"tours-tabs_table\">\n<tbody>\n<tr>\n<td><strong>TEMPORADA<\/strong><\/td>\n<td>Desde Noviembre a Mayo<\/td>\n<\/tr>\n<tr>\n<td><strong>\u00c1REAS DE CAZA<\/strong><\/td>\n<td> Gestionamos ocho mil hect\u00e1reas, situadas en la serran\u00eda de Ronda.<\/td>\n<\/tr>\n<tr>\n<td><strong>AEROPUERTO RECOMENDADO<\/strong><\/td>\n<td>M\u00e1laga o Madrid.<\/td>\n<\/tr>\n<\/tbody>\n<\/table>\n","protected":false},"excerpt":{"rendered":"<p>Su caza, en la serran\u00eda de Ronda, cuenta con muchas alternativas de ocio y cultura<\/p>\n","protected":false},"featured_media":2259,"comment_status":"open","ping_status":"closed","template":"","meta":{"_joinchat":[]},"_links":{"self":[{"href":"https:\/\/prohuntingspain.com\/es\/wp-json\/wp\/v2\/product\/1393"}],"collection":[{"href":"https:\/\/prohuntingspain.com\/es\/wp-json\/wp\/v2\/product"}],"about":[{"href":"https:\/\/prohuntingspain.com\/es\/wp-json\/wp\/v2\/types\/product"}],"replies":[{"embeddable":true,"href":"https:\/\/prohuntingspain.com\/es\/wp-json\/wp\/v2\/comments?post=1393"}],"version-history":[{"count":0,"href":"https:\/\/prohuntingspain.com\/es\/wp-json\/wp\/v2\/product\/1393\/revisions"}],"wp:featuredmedia":[{"embeddable":true,"href":"https:\/\/prohuntingspain.com\/es\/wp-json\/wp\/v2\/media\/2259"}],"wp:attachment":[{"href":"https:\/\/prohuntingspain.com\/es\/wp-json\/wp\/v2\/media?parent=1393"}],"curies":[{"name":"wp","href":"https:\/\/api.w.org\/{rel}","templated":true}]}}