{"id":1397,"date":"2017-12-28T17:16:02","date_gmt":"2017-12-28T16:16:02","guid":{"rendered":"https:\/\/prohuntingspain.com\/?post_type=product&#038;p=1397"},"modified":"2022-05-06T11:50:37","modified_gmt":"2022-05-06T09:50:37","slug":"macho-montes-de-sierra-nevada","status":"publish","type":"product","link":"https:\/\/prohuntingspain.com\/es\/tours\/macho-montes-de-sierra-nevada\/","title":{"rendered":"Rececho Macho Monte\u0301s de Sierra Nevada"},"content":{"rendered":"<p>Caza de alta monta\u00f1a en estado puro, con temperaturas suaves y normalmente, con un clima soleado. Esta fant\u00e1stica cacer\u00eda, se desarrolla en el Sureste de Espa\u00f1a, en las inmediaciones de la imponente ciudad de Granada. Este trofeo, con dimensiones ligeramente menores que los machos de Gredos y Beceite, es de gran belleza  y de forma acarnerada. Cazamos muy cerca de la estaci\u00f3n de Sky de Sierra Nevada, pudiendo visitar la ciudad de Granda, practicar deportes de invierno o disfrutar de su famosa gastronom\u00eda.  <\/p>\n<table class=\"tours-tabs_table\">\n<tbody>\n<tr>\n<td><strong>TEMPORADA<\/strong><\/td>\n<td>Desde Octubre a Mayo.<\/td>\n<\/tr>\n<tr>\n<td><strong>\u00c1REAS DE CAZA<\/strong><\/td>\n<td>Gestionamos m\u00e1s de veinte mil hect\u00e1reas, situadas a menos de dos horas del aeropuerto de M\u00e1laga o a cuatro horas en coche del aeropuerto de Madrid. Hay zonas para todos los niveles.<\/td>\n<\/tr>\n<tr>\n<td><strong>AEROPUERTO RECOMENDADO<\/strong><\/td>\n<td>M\u00e1laga o Madrid.<\/td>\n<\/tr>\n<\/tbody>\n<\/table>\n","protected":false},"excerpt":{"rendered":"<p>Caza de alta monta\u00f1a en estado puro, normalmente con temperaturas suaves y clima soleado.<\/p>\n","protected":false},"featured_media":2232,"comment_status":"open","ping_status":"closed","template":"","meta":{"_joinchat":[]},"_links":{"self":[{"href":"https:\/\/prohuntingspain.com\/es\/wp-json\/wp\/v2\/product\/1397"}],"collection":[{"href":"https:\/\/prohuntingspain.com\/es\/wp-json\/wp\/v2\/product"}],"about":[{"href":"https:\/\/prohuntingspain.com\/es\/wp-json\/wp\/v2\/types\/product"}],"replies":[{"embeddable":true,"href":"https:\/\/prohuntingspain.com\/es\/wp-json\/wp\/v2\/comments?post=1397"}],"version-history":[{"count":0,"href":"https:\/\/prohuntingspain.com\/es\/wp-json\/wp\/v2\/product\/1397\/revisions"}],"wp:featuredmedia":[{"embeddable":true,"href":"https:\/\/prohuntingspain.com\/es\/wp-json\/wp\/v2\/media\/2232"}],"wp:attachment":[{"href":"https:\/\/prohuntingspain.com\/es\/wp-json\/wp\/v2\/media?parent=1397"}],"curies":[{"name":"wp","href":"https:\/\/api.w.org\/{rel}","templated":true}]}}