{"id":1398,"date":"2017-12-29T09:06:27","date_gmt":"2017-12-29T08:06:27","guid":{"rendered":"https:\/\/prohuntingspain.com\/?post_type=product&#038;p=1398"},"modified":"2022-05-06T11:51:01","modified_gmt":"2022-05-06T09:51:01","slug":"macho-montes-de-gredos","status":"publish","type":"product","link":"https:\/\/prohuntingspain.com\/es\/tours\/macho-montes-de-gredos\/","title":{"rendered":"Rececho Macho Monte\u0301s de Gredos"},"content":{"rendered":"<p>Hablar de Gredos, es hablar de grandes cordilleras, por lo general cubiertas de nieve y de una belleza inigualable.<\/p>\n<p>Quiz\u00e1 pueda ser considerado como el trofeo de Ibex m\u00e1s representativo de nuestro pa\u00eds,  y m\u00e1s valorado para muchos. Es \u00e9l Ibex m\u00e1s oscuro, con un espectacular trofeo de gran belleza, por su preciosa cuerna, en forma de lira. Uno de nuestros trofeos m\u00e1s demandados y con m\u00e1s adeptos. La cacer\u00eda se desarrolla en las sierras de Gredos. La zona de caza, es muy extensa y de una belleza que no deja a nadie indiferente. A menudo, es necesario para   esta cacer\u00eda el uso de caballo, d\u00e1ndole a la cacer\u00eda un valor a\u00f1adido. Contamos con Lodges de caza privados, de gran calidad y en plena sierra de Gredos que har\u00e1n nuestra estancia \u00fanica y muy confortable. <\/p>\n<table class=\"tours-tabs_table\">\n<tbody>\n<tr>\n<td><strong>TEMPORADA<\/strong><\/td>\n<td>Desde Septiembre a Abril.<\/td>\n<\/tr>\n<tr>\n<td><strong>\u00c1REAS DE CAZA<\/strong><\/td>\n<td>Situadas a menos de 2 horas de Madrid Capital. Gestionamos m\u00e1s de doce mil hect\u00e1reas, contando con zonas para todos los niveles y  en ocasiones ayuda de caballos.<\/td>\n<\/tr>\n<tr>\n<td><strong>AEROPUERTO RECOMENDADO<\/strong><\/td>\n<td>Madrid.<\/td>\n<\/tr>\n<\/tbody>\n<\/table>\n","protected":false},"excerpt":{"rendered":"<p>Un espectacular trofeo de gran belleza, por su preciosa cuerna en forma de lira.<\/p>\n","protected":false},"featured_media":2292,"comment_status":"open","ping_status":"closed","template":"","meta":{"_joinchat":[]},"_links":{"self":[{"href":"https:\/\/prohuntingspain.com\/es\/wp-json\/wp\/v2\/product\/1398"}],"collection":[{"href":"https:\/\/prohuntingspain.com\/es\/wp-json\/wp\/v2\/product"}],"about":[{"href":"https:\/\/prohuntingspain.com\/es\/wp-json\/wp\/v2\/types\/product"}],"replies":[{"embeddable":true,"href":"https:\/\/prohuntingspain.com\/es\/wp-json\/wp\/v2\/comments?post=1398"}],"version-history":[{"count":0,"href":"https:\/\/prohuntingspain.com\/es\/wp-json\/wp\/v2\/product\/1398\/revisions"}],"wp:featuredmedia":[{"embeddable":true,"href":"https:\/\/prohuntingspain.com\/es\/wp-json\/wp\/v2\/media\/2292"}],"wp:attachment":[{"href":"https:\/\/prohuntingspain.com\/es\/wp-json\/wp\/v2\/media?parent=1398"}],"curies":[{"name":"wp","href":"https:\/\/api.w.org\/{rel}","templated":true}]}}