{"id":1400,"date":"2017-12-29T09:22:45","date_gmt":"2017-12-29T08:22:45","guid":{"rendered":"https:\/\/prohuntingspain.com\/?post_type=product&#038;p=1400"},"modified":"2018-01-12T18:38:53","modified_gmt":"2018-01-12T17:38:53","slug":"muflon","status":"publish","type":"product","link":"https:\/\/prohuntingspain.com\/es\/tours\/muflon\/","title":{"rendered":"Mufl\u00f3n"},"content":{"rendered":"<p>La caza del mufl\u00f3n a rececho es una caza realmente exigente que raras veces da una segunda oportunidad. En monter\u00eda, ofrece r\u00e1pidos y complicados lances que de la misma forma, ser\u00e1 un dif\u00edcil reto al cazador.<\/p>\n<p>Disponemos de 3 \u00e1reas diferenciadas para su caza obteniendo en todas ellas magn\u00edficos resultados.<\/p>\n<table class=\"tours-tabs_table\">\n<tbody>\n<tr>\n<td><strong>TEMPORADA<\/strong><\/td>\n<td>Desde Septiembre a Abril.<\/td>\n<\/tr>\n<tr>\n<td><strong>\u00c1REAS DE CAZA<\/strong><\/td>\n<td>Situadas a menos de 2 horas de Madrid Capital. Gestionamos m\u00e1s de doce mil hect\u00e1reas, contando con zonas para todos los niveles y  en ocasiones ayuda de caballos.<\/td>\n<\/tr>\n<tr>\n<td><strong>AEROPUERTO RECOMENDADO<\/strong><\/td>\n<td>Madrid.<\/td>\n<\/tr>\n<\/tbody>\n<\/table>\n","protected":false},"excerpt":{"rendered":"<p>La caza del mufl\u00f3n a rececho es una caza exigente que raras veces da una segunda oportunidad.<\/p>\n","protected":false},"featured_media":2139,"comment_status":"open","ping_status":"closed","template":"","meta":{"_joinchat":[]},"_links":{"self":[{"href":"https:\/\/prohuntingspain.com\/es\/wp-json\/wp\/v2\/product\/1400"}],"collection":[{"href":"https:\/\/prohuntingspain.com\/es\/wp-json\/wp\/v2\/product"}],"about":[{"href":"https:\/\/prohuntingspain.com\/es\/wp-json\/wp\/v2\/types\/product"}],"replies":[{"embeddable":true,"href":"https:\/\/prohuntingspain.com\/es\/wp-json\/wp\/v2\/comments?post=1400"}],"version-history":[{"count":0,"href":"https:\/\/prohuntingspain.com\/es\/wp-json\/wp\/v2\/product\/1400\/revisions"}],"wp:featuredmedia":[{"embeddable":true,"href":"https:\/\/prohuntingspain.com\/es\/wp-json\/wp\/v2\/media\/2139"}],"wp:attachment":[{"href":"https:\/\/prohuntingspain.com\/es\/wp-json\/wp\/v2\/media?parent=1400"}],"curies":[{"name":"wp","href":"https:\/\/api.w.org\/{rel}","templated":true}]}}