{"id":1413,"date":"2017-12-29T11:55:58","date_gmt":"2017-12-29T10:55:58","guid":{"rendered":"https:\/\/prohuntingspain.com\/?post_type=product&#038;p=1413"},"modified":"2022-05-12T10:25:03","modified_gmt":"2022-05-12T08:25:03","slug":"ojeo-de-perdices","status":"publish","type":"product","link":"https:\/\/prohuntingspain.com\/es\/tours\/ojeo-de-perdices\/","title":{"rendered":"Ojeo de perdiz roja. Cacer\u00eda de perdices"},"content":{"rendered":"<p>La Perdiz Roja, especie reina y emblem\u00e1tica de nuestra caza menor y una de las m\u00e1s bellas cacer\u00edas que se realizan en el mundo.<br \/>\nEn nuestros ojeos, cuidamos todos los detalles, y continuamos con la tradici\u00f3n intacta, manteniendo las costumbres, como la comida en el campo, los perros retreiver, y las posturas naturales.<\/p>\n<p>Organizamos exclusivas cacer\u00edas de perdiz\u00a0con p\u00e1jaros muy r\u00e1pidos. Nuestros ojeos permiten al cazador disfrutar de situaciones de tiro muy variadas y deportivas, obteniendo resultados de entre 500 y 1.000 perdices por d\u00eda y l\u00ednea de cazadores, gracias a la experiencia acumulada durante m\u00e1s de 20 a\u00f1os.<br \/>\nNuestro personal cualificado, se encargar\u00e1n que tu \u00fanica preocupaci\u00f3n sea apuntar, disparar y disfrutar.<\/p>\n<table class=\"tours-tabs_table\">\n<tbody>\n<tr>\n<td><strong>TEMPORADA<\/strong><\/td>\n<td>Desde Octubre a Marzo.<\/td>\n<\/tr>\n<tr>\n<td><strong>\u00c1REAS DE CAZA<\/strong><\/td>\n<td>Gestionamos treinta y cinco mil hect\u00e1reas para su caza en Castilla La Mancha a cincuenta minutos en coche del aeropuerto de Madrid.<\/td>\n<\/tr>\n<tr>\n<td><strong>AEROPUERTO RECOMENDADO<\/strong><\/td>\n<td>Madrid.<\/td>\n<\/tr>\n<\/tbody>\n<\/table>\n","protected":false},"excerpt":{"rendered":"<p>La Perdiz Roja, especie reina y emblem\u00e1tica de nuestra caza menor y una de las m\u00e1s bellas cacer\u00edas.<\/p>\n","protected":false},"featured_media":2038,"comment_status":"open","ping_status":"closed","template":"","meta":{"_joinchat":[]},"_links":{"self":[{"href":"https:\/\/prohuntingspain.com\/es\/wp-json\/wp\/v2\/product\/1413"}],"collection":[{"href":"https:\/\/prohuntingspain.com\/es\/wp-json\/wp\/v2\/product"}],"about":[{"href":"https:\/\/prohuntingspain.com\/es\/wp-json\/wp\/v2\/types\/product"}],"replies":[{"embeddable":true,"href":"https:\/\/prohuntingspain.com\/es\/wp-json\/wp\/v2\/comments?post=1413"}],"version-history":[{"count":1,"href":"https:\/\/prohuntingspain.com\/es\/wp-json\/wp\/v2\/product\/1413\/revisions"}],"predecessor-version":[{"id":1807,"href":"https:\/\/prohuntingspain.com\/es\/wp-json\/wp\/v2\/product\/1413\/revisions\/1807"}],"wp:featuredmedia":[{"embeddable":true,"href":"https:\/\/prohuntingspain.com\/es\/wp-json\/wp\/v2\/media\/2038"}],"wp:attachment":[{"href":"https:\/\/prohuntingspain.com\/es\/wp-json\/wp\/v2\/media?parent=1413"}],"curies":[{"name":"wp","href":"https:\/\/api.w.org\/{rel}","templated":true}]}}