{"id":1656,"date":"2018-01-04T13:11:33","date_gmt":"2018-01-04T12:11:33","guid":{"rendered":"https:\/\/prohuntingspain.com\/?post_type=product&#038;p=1656"},"modified":"2024-02-21T10:40:24","modified_gmt":"2024-02-21T09:40:24","slug":"rebeco","status":"publish","type":"product","link":"https:\/\/prohuntingspain.com\/es\/tours\/rebeco\/","title":{"rendered":"Rebeco"},"content":{"rendered":"<p>Caza de alta monta\u00f1a en estado puro y altamente recomendable para sus aficionados.<\/p>\n<p>Se trata de una especie que exige al cazador una buena forma f\u00edsica, si bien disponemos de zonas de caza donde el esfuerzo puede ser menor.<br \/>\nLa caza se desarrolla en un entorno inigualable de altas monta\u00f1as, a menudo con nieve y en ocasiones con condiciones meteorol\u00f3gicas adversas. Conseguir un gran trofeo sin duda, ser\u00e1 un reto y una fant\u00e1stica experiencia para el cazador.<\/p>\n<div class=\"video-container\"><iframe title=\"CHAMOIS HUNT 2024. PRO HUNTING SPAIN\" width=\"640\" height=\"360\" src=\"https:\/\/www.youtube.com\/embed\/c_Sskub07A8?feature=oembed\" frameborder=\"0\" allow=\"accelerometer; autoplay; clipboard-write; encrypted-media; gyroscope; picture-in-picture; web-share\" referrerpolicy=\"strict-origin-when-cross-origin\" allowfullscreen><\/iframe><\/div>\n<p>Disponemos de dos tipos diferenciados de rebecos:<\/p>\n<p><strong>Rebeco Pirenaico. <\/strong><\/p>\n<table class=\"tours-tabs_table\">\n<tbody>\n<tr>\n<td><strong>TEMPORADA<\/strong><\/td>\n<td>Octubre a Diciembre y de Marzo a Mayo.<\/td>\n<\/tr>\n<tr>\n<td><strong>\u00c1REAS DE CAZA<\/strong><\/td>\n<td>La zona de caza son los Pirineos, en la frontera con Francia y Andorra. Gestionamos nueve mil hect\u00e1reas para su caza.<\/td>\n<\/tr>\n<tr>\n<td><strong>AEROPUERTO RECOMENDADO<\/strong><\/td>\n<td>Barcelona.<\/td>\n<\/tr>\n<\/tbody>\n<\/table>\n<p><strong>Rebeco Cant\u00e1brico.\u00a0<\/strong><\/p>\n<p>De un menor tama\u00f1o en corpulencia y trofeo que el Pirenaico, pero con la misma esencia.<\/p>\n<table class=\"tours-tabs_table\">\n<tbody>\n<tr>\n<td><strong>TEMPORADA<\/strong><\/td>\n<td>Octubre a Diciembre y de Abril a Junio.<\/td>\n<\/tr>\n<tr>\n<td><strong>\u00c1REAS DE CAZA<\/strong><\/td>\n<td>La zona de caza es la Cordillera Cant\u00e1brica, al Norte de Madrid. Gestionamos cinco mil hect\u00e1reas para su caza.<\/td>\n<\/tr>\n<tr>\n<td><strong>AEROPUERTO RECOMENDADO<\/strong><\/td>\n<td>Madrid.<\/td>\n<\/tr>\n<\/tbody>\n<\/table>\n","protected":false},"excerpt":{"rendered":"<p>Caza de alta monta\u00f1a en estado puro y altamente recomendable para sus aficionados.<\/p>\n","protected":false},"featured_media":2624,"comment_status":"open","ping_status":"closed","template":"","meta":{"_joinchat":[]},"_links":{"self":[{"href":"https:\/\/prohuntingspain.com\/es\/wp-json\/wp\/v2\/product\/1656"}],"collection":[{"href":"https:\/\/prohuntingspain.com\/es\/wp-json\/wp\/v2\/product"}],"about":[{"href":"https:\/\/prohuntingspain.com\/es\/wp-json\/wp\/v2\/types\/product"}],"replies":[{"embeddable":true,"href":"https:\/\/prohuntingspain.com\/es\/wp-json\/wp\/v2\/comments?post=1656"}],"version-history":[{"count":1,"href":"https:\/\/prohuntingspain.com\/es\/wp-json\/wp\/v2\/product\/1656\/revisions"}],"predecessor-version":[{"id":3793,"href":"https:\/\/prohuntingspain.com\/es\/wp-json\/wp\/v2\/product\/1656\/revisions\/3793"}],"wp:featuredmedia":[{"embeddable":true,"href":"https:\/\/prohuntingspain.com\/es\/wp-json\/wp\/v2\/media\/2624"}],"wp:attachment":[{"href":"https:\/\/prohuntingspain.com\/es\/wp-json\/wp\/v2\/media?parent=1656"}],"curies":[{"name":"wp","href":"https:\/\/api.w.org\/{rel}","templated":true}]}}