{"id":255,"date":"2016-11-29T03:11:04","date_gmt":"2016-11-29T03:11:04","guid":{"rendered":"http:\/\/travelwp.physcode.com\/product\/the-best-of-spain\/"},"modified":"2024-02-21T10:31:27","modified_gmt":"2024-02-21T09:31:27","slug":"macho-montes-de-beceite","status":"publish","type":"product","link":"https:\/\/prohuntingspain.com\/es\/tours\/macho-montes-de-beceite\/","title":{"rendered":"Macho monte\u0301s de Beceite"},"content":{"rendered":"<p>Sin duda, una de nuestras cacer\u00edas favoritas y m\u00e1s recomendadas. El Macho Mont\u00e9s de Beceite, cuenta con un extraordinario trofeo de grandes dimensiones, muy abierto en forma de avi\u00f3n que tienden hacia una curva creciente ascendente.<\/p>\n<p>Caza de alta monta\u00f1a, en el Noreste de la Pen\u00ednsula Ib\u00e9rica. Estas monta\u00f1as, situadas muy cerca del mar, proporcionan un clima suave, con un paisaje muy agreste y escabroso donde el cazador puede disfrutar al m\u00e1ximo de la caza en estado puro.<\/p>\n<div class=\"video-container\"><iframe title=\"BECEITE IBEX HUNT 2024. PRO HUNTING SPAIN.            SPANISH IBEX HUNT. SPAIN, EUROPE\" width=\"640\" height=\"360\" src=\"https:\/\/www.youtube.com\/embed\/ZDDI4JazHrw?feature=oembed\" frameborder=\"0\" allow=\"accelerometer; autoplay; clipboard-write; encrypted-media; gyroscope; picture-in-picture; web-share\" referrerpolicy=\"strict-origin-when-cross-origin\" allowfullscreen><\/iframe><\/div>\n<table class=\"tours-tabs_table\">\n<tbody>\n<tr>\n<td><strong>TEMPORADA<\/strong><\/td>\n<td>Desde Octubre a final de Mayo<\/td>\n<\/tr>\n<tr>\n<td><strong>\u00c1REAS DE CAZA<\/strong><\/td>\n<td>Situadas entre tres y cuatro horas de Madrid, pudiendo acceder f\u00e1cilmente desde Barcelona y Valencia. Gestionamos m\u00e1s de treinta y cinco mil hect\u00e1reas en abierto, contando con zonas para distintas aptitudes f\u00edsicas.<\/td>\n<\/tr>\n<tr>\n<td><strong>AEROPUERTO RECOMENDADO<\/strong><\/td>\n<td>Madrid. Tambi\u00e9n Barcelona o Valencia.<\/td>\n<\/tr>\n<\/tbody>\n<\/table>\n","protected":false},"excerpt":{"rendered":"<p>El Macho Mont\u00e9s de Beceite, cuenta con un extraordinario trofeo de grandes dimensiones.<\/p>\n","protected":false},"featured_media":2337,"comment_status":"open","ping_status":"closed","template":"","meta":{"_joinchat":[]},"_links":{"self":[{"href":"https:\/\/prohuntingspain.com\/es\/wp-json\/wp\/v2\/product\/255"}],"collection":[{"href":"https:\/\/prohuntingspain.com\/es\/wp-json\/wp\/v2\/product"}],"about":[{"href":"https:\/\/prohuntingspain.com\/es\/wp-json\/wp\/v2\/types\/product"}],"replies":[{"embeddable":true,"href":"https:\/\/prohuntingspain.com\/es\/wp-json\/wp\/v2\/comments?post=255"}],"version-history":[{"count":2,"href":"https:\/\/prohuntingspain.com\/es\/wp-json\/wp\/v2\/product\/255\/revisions"}],"predecessor-version":[{"id":3788,"href":"https:\/\/prohuntingspain.com\/es\/wp-json\/wp\/v2\/product\/255\/revisions\/3788"}],"wp:featuredmedia":[{"embeddable":true,"href":"https:\/\/prohuntingspain.com\/es\/wp-json\/wp\/v2\/media\/2337"}],"wp:attachment":[{"href":"https:\/\/prohuntingspain.com\/es\/wp-json\/wp\/v2\/media?parent=255"}],"curies":[{"name":"wp","href":"https:\/\/api.w.org\/{rel}","templated":true}]}}