{"id":3350,"date":"2018-03-20T11:57:23","date_gmt":"2018-03-20T10:57:23","guid":{"rendered":"https:\/\/prohuntingspain.com\/?post_type=product&#038;p=3350"},"modified":"2024-02-21T10:25:39","modified_gmt":"2024-02-21T09:25:39","slug":"grand-slam","status":"publish","type":"product","link":"https:\/\/prohuntingspain.com\/es\/tours\/grand-slam\/","title":{"rendered":"Grand Slam"},"content":{"rendered":"<p>Somos especialistas en la caza del <strong>Macho Mont\u00e9s<\/strong>. Si lo que busca es hacer un Grand Slam est\u00e1 en las mejores manos.<\/p>\n<p>Cazamos las 4 sub especies de <strong>Macho Mont\u00e9s<\/strong>. La caza se desarrolla en alta monta\u00f1a, por lo que solemos recomendar 2-3 d\u00edas de caza por cada macho, garantizando de esta manera, cazar con tranquilidad y disfrutando sin prisas de todo lo que rodea esta excepcional cacer\u00eda.<\/p>\n<table class=\"tours-tabs_table\">\n<tbody>\n<tr>\n<td><strong>TEMPORADA<\/strong><\/td>\n<td>Octubre a Mayo.<\/td>\n<\/tr>\n<tr>\n<td><strong>AEROPUERTO RECOMENDADO<\/strong><\/td>\n<td>Madrid, Barcelona, M\u00e1laga o Valencia.<\/td>\n<\/tr>\n<\/tbody>\n<\/table>\n<div><\/div>\n<div class=\"video-container\"><iframe title=\"Spanish Ibex Grand Slam. Pro Hunting Spain  2024\" width=\"640\" height=\"360\" src=\"https:\/\/www.youtube.com\/embed\/j99Wdtn73_o?feature=oembed\" frameborder=\"0\" allow=\"accelerometer; autoplay; clipboard-write; encrypted-media; gyroscope; picture-in-picture; web-share\" referrerpolicy=\"strict-origin-when-cross-origin\" allowfullscreen><\/iframe><\/div>\n<div class=\"vc_row wpb_row vc_inner vc_row-fluid\">\n<div class=\"wpb_column vc_column_container vc_col-sm-6\">\n<div class=\"vc_column-inner \">\n<div class=\"wpb_wrapper\">\n<div class=\"wpb_text_column wpb_content_element \">\n<div class=\"wpb_wrapper\">\n<h3><strong>Macho Mont\u00e9s de Beceite.<\/strong><\/h3>\n<p>Nuestra primera recomendaci\u00f3n para los cazadores que han de elegir cazar solo una de las 4 sub-especies. El\u00a0<strong>Macho Mont\u00e9s de Beceite<\/strong>, cuenta con un extraordinario trofeo, abierto en forma de avi\u00f3n y de grandes dimensiones.<\/p>\n<p><strong>\u00c1reas de Caza:<\/strong><br \/>\nSituadas entre tres y cuatro horas de Madrid, pudendo acceder f\u00e1cilmente desde Barcelona y Valencia. Gestionamos m\u00e1s de treinta y cinco mil hect\u00e1reas en abierto, contando con zonas para distintas aptitudes f\u00edsicas.<\/p>\n<\/div>\n<\/div>\n<\/div>\n<\/div>\n<\/div>\n<div class=\"wpb_column vc_column_container vc_col-sm-6\">\n<div class=\"vc_column-inner \">\n<div class=\"wpb_wrapper\">\n<div class=\"wpb_text_column wpb_content_element \">\n<div class=\"wpb_wrapper\">\n<h3><strong>Macho Mont\u00e9s de Ronda.<\/strong><\/h3>\n<p>El Mach\u00f3 Mont\u00e9s de Ronda, situado al sur del pa\u00eds, y con una poblaci\u00f3n m\u00e1s reducida, es el trofeo de menor tama\u00f1o y corpulencia de nuestras cuatro subespecies y la \u00faltima para completar el Spanish Ibex Grand Slam.<\/p>\n<p><strong>\u00c1reas de Caza:\u00a0<\/strong><br \/>\nGestionamos ocho mil hect\u00e1reas, situadas en la serran\u00eda de Ronda.<\/p>\n<\/div>\n<\/div>\n<\/div>\n<\/div>\n<\/div>\n<\/div>\n<div class=\"vc_row wpb_row vc_inner vc_row-fluid\">\n<div class=\"wpb_column vc_column_container vc_col-sm-6\">\n<div class=\"vc_column-inner \">\n<div class=\"wpb_wrapper\">\n<div class=\"wpb_text_column wpb_content_element \">\n<div class=\"wpb_wrapper\">\n<h3><strong>Macho Mont\u00e9s en Gredos.<\/strong><\/h3>\n<p>El trofeo de Ibex m\u00e1s valorado para muchos y de mayor belleza, por su preciosa cuerna, en forma de lira.<\/p>\n<p>Uno de nuestros trofeos m\u00e1s demandados y con m\u00e1s adeptos. La cacer\u00eda se desarrolla en las sierras de Gredos, de una belleza inigualable, a menudo, desarrollamos esta cacer\u00eda a caballo, d\u00e1ndole a la cacer\u00eda un valor a\u00f1adido. Contamos con Lodges de caza privados, de gran calidad y en plena sierra de Gredos que har\u00e1n nuestra estancia \u00fanica y muy confortable.<\/p>\n<p><strong>\u00c1reas de Caza:\u00a0<\/strong><br \/>\nSituadas a menos de 2 horas de Madrid Capital. Gestionamos m\u00e1s de doce mil hect\u00e1reas, contando con zonas para todos los niveles y ayudados de caballos.<\/p>\n<\/div>\n<\/div>\n<\/div>\n<\/div>\n<\/div>\n<div class=\"wpb_column vc_column_container vc_col-sm-6\">\n<div class=\"vc_column-inner \">\n<div class=\"wpb_wrapper\">\n<div class=\"wpb_text_column wpb_content_element \">\n<div class=\"wpb_wrapper\">\n<h3><strong>Macho Mont\u00e9s de Sierra Nevada.<\/strong><\/h3>\n<p>Fant\u00e1stica cacer\u00eda que se desarrolla en el Sureste de Espa\u00f1a. Este trofeo, de dimensiones algo menores que los de Gredos y Beceite, es de gran belleza y de forma acarnerada. Cazamos en la estaci\u00f3n de esqu\u00ed de Sierra Nevada, pudiendo visitar a escasos minutos la imponente ciudad de Granda, practicar deportes de invierno o disfrutar de su famosa gastronom\u00eda.<\/p>\n<p><strong>\u00c1reas de Caza:<\/strong><\/p>\n<p>Gestionamos m\u00e1s de veinte mil hect\u00e1reas, situadas a menos de dos horas del aeropuerto de M\u00e1laga o a cuatro horas en coche del aeropuerto de Madrid. Hay zonas para todos los niveles.<\/p>\n<\/div>\n<\/div>\n<\/div>\n<\/div>\n<\/div>\n<\/div>\n","protected":false},"excerpt":{"rendered":"<p>Somos especialistas en la caza del Macho Mont\u00e9s. Si lo que busca es hacer un Grand Slam est\u00e1 en las mejores manos.<br \/>\nCazamos las 4 sub especies de Macho Mont\u00e9s. <\/p>\n","protected":false},"featured_media":3475,"comment_status":"open","ping_status":"closed","template":"","meta":{"_joinchat":[]},"_links":{"self":[{"href":"https:\/\/prohuntingspain.com\/es\/wp-json\/wp\/v2\/product\/3350"}],"collection":[{"href":"https:\/\/prohuntingspain.com\/es\/wp-json\/wp\/v2\/product"}],"about":[{"href":"https:\/\/prohuntingspain.com\/es\/wp-json\/wp\/v2\/types\/product"}],"replies":[{"embeddable":true,"href":"https:\/\/prohuntingspain.com\/es\/wp-json\/wp\/v2\/comments?post=3350"}],"version-history":[{"count":1,"href":"https:\/\/prohuntingspain.com\/es\/wp-json\/wp\/v2\/product\/3350\/revisions"}],"predecessor-version":[{"id":3351,"href":"https:\/\/prohuntingspain.com\/es\/wp-json\/wp\/v2\/product\/3350\/revisions\/3351"}],"wp:featuredmedia":[{"embeddable":true,"href":"https:\/\/prohuntingspain.com\/es\/wp-json\/wp\/v2\/media\/3475"}],"wp:attachment":[{"href":"https:\/\/prohuntingspain.com\/es\/wp-json\/wp\/v2\/media?parent=3350"}],"curies":[{"name":"wp","href":"https:\/\/api.w.org\/{rel}","templated":true}]}}