{"id":3356,"date":"2018-03-20T17:35:29","date_gmt":"2018-03-20T16:35:29","guid":{"rendered":"https:\/\/prohuntingspain.com\/?post_type=product&#038;p=3356"},"modified":"2018-03-20T18:08:26","modified_gmt":"2018-03-20T17:08:26","slug":"monteria","status":"publish","type":"product","link":"https:\/\/prohuntingspain.com\/es\/tours\/monteria\/","title":{"rendered":"Monter\u00eda"},"content":{"rendered":"<p>La\u00a0monter\u00eda\u00a0es la m\u00e1s antigua y tradicional forma de caza en Espa\u00f1a. Es un tipo de caza en batida dirigido a\u00a0jabal\u00edes, venados, muflones y\u00a0gamos. Es un espect\u00e1culo \u00fanico por su gran colorido, belleza y emoci\u00f3n. En \u00e9l participan un gran n\u00famero de perros, cazadores y caballos.<\/p>\n<p>Nuestras monter\u00edas tienen una calidad extraordinaria. Cuidamos todos los detalles, manteniendo la tradici\u00f3n intacta, comenzando con un desayuno campero y cazando con un gran n\u00famero de rehalas mulas y caballos. Suelen contar con de\u00a05 a 25 puestos, y en ellas es f\u00e1cil\u00a0conseguir varios buenos trofeos por persona y d\u00eda.<\/p>\n<table class=\"tours-tabs_table\">\n<tbody>\n<tr>\n<td><strong>TEMPORADA<\/strong><\/td>\n<td>De Octubre a Febrero.<\/td>\n<\/tr>\n<tr>\n<td><strong>\u00c1REAS DE CAZA<\/strong><\/td>\n<td>En Castilla La Mancha, Castilla y Le\u00f3n, Extremadura y Andaluc\u00eda.<\/td>\n<\/tr>\n<tr>\n<td><strong>AEROPUERTO RECOMENDADO<\/strong><\/td>\n<td>Madrid.<\/td>\n<\/tr>\n<\/tbody>\n<\/table>\n","protected":false},"excerpt":{"rendered":"<p>La\u00a0monter\u00eda\u00a0es la m\u00e1s antigua y tradicional forma de caza en Espa\u00f1a. Es un tipo de caza en batida dirigido a\u00a0jabal\u00edes, venados, muflones y\u00a0gamos. Es un espect\u00e1culo \u00fanico por su gran <\/p>\n","protected":false},"featured_media":3158,"comment_status":"open","ping_status":"closed","template":"","meta":{"_joinchat":[]},"_links":{"self":[{"href":"https:\/\/prohuntingspain.com\/es\/wp-json\/wp\/v2\/product\/3356"}],"collection":[{"href":"https:\/\/prohuntingspain.com\/es\/wp-json\/wp\/v2\/product"}],"about":[{"href":"https:\/\/prohuntingspain.com\/es\/wp-json\/wp\/v2\/types\/product"}],"replies":[{"embeddable":true,"href":"https:\/\/prohuntingspain.com\/es\/wp-json\/wp\/v2\/comments?post=3356"}],"version-history":[{"count":1,"href":"https:\/\/prohuntingspain.com\/es\/wp-json\/wp\/v2\/product\/3356\/revisions"}],"predecessor-version":[{"id":3359,"href":"https:\/\/prohuntingspain.com\/es\/wp-json\/wp\/v2\/product\/3356\/revisions\/3359"}],"wp:featuredmedia":[{"embeddable":true,"href":"https:\/\/prohuntingspain.com\/es\/wp-json\/wp\/v2\/media\/3158"}],"wp:attachment":[{"href":"https:\/\/prohuntingspain.com\/es\/wp-json\/wp\/v2\/media?parent=3356"}],"curies":[{"name":"wp","href":"https:\/\/api.w.org\/{rel}","templated":true}]}}